{"id":4996,"date":"2025-09-22T08:13:38","date_gmt":"2025-09-22T08:13:38","guid":{"rendered":"https:\/\/avantgarde-investment.ch\/servicos\/otimizacao-da-sua-poupanca\/investir-em-imoveis-nos-estados-unidos\/"},"modified":"2025-10-10T06:45:58","modified_gmt":"2025-10-10T06:45:58","slug":"investir-em-imoveis-nos-estados-unidos","status":"publish","type":"page","link":"https:\/\/avantgarde-investment.ch\/pt-pt\/servicos\/otimizacao-da-sua-poupanca\/investir-em-imoveis-nos-estados-unidos\/","title":{"rendered":"Investir em im\u00f3veis nos Estados Unidos"},"content":{"rendered":"\n<div class=\"wp-block-uagb-container uagb-block-f825015c alignfull uagb-is-root-container\"><div class=\"uagb-container-inner-blocks-wrap\">\n<div class=\"wp-block-uagb-advanced-heading uagb-block-03b18b14\"><h6 class=\"uagb-heading-text\">Investimentos<\/h6><\/div>\n\n\n\n<div class=\"wp-block-uagb-advanced-heading uagb-block-8b4ab5b5\"><h1 class=\"uagb-heading-text\"><strong>Investir em im\u00f3veis nos Estados Unidos<\/strong><\/h1><\/div>\n<\/div><\/div>\n\n<div class=\"wp-block-uagb-container uag-blocks-common-selector uagb-block-e6531297 alignfull uagb-is-root-container\"><div class=\"uagb-container-inner-blocks-wrap\"><\/div><\/div>\n\n<div class=\"wp-block-uagb-container uagb-block-5718afe8 alignfull uagb-is-root-container\"><div class=\"uagb-container-inner-blocks-wrap\">\n<figure class=\"wp-block-image size-full\"><img loading=\"lazy\" decoding=\"async\" width=\"2560\" height=\"1707\" src=\"https:\/\/avantgarde-investment.ch\/wp-content\/uploads\/2025\/09\/trump-tower-in-chicago-in-usa-2025-03-07-13-44-29-utc-min-min-scaled.jpg\" alt=\"\" class=\"wp-image-4974\" title=\"\" srcset=\"https:\/\/avantgarde-investment.ch\/wp-content\/uploads\/2025\/09\/trump-tower-in-chicago-in-usa-2025-03-07-13-44-29-utc-min-min-scaled.jpg 2560w, https:\/\/avantgarde-investment.ch\/wp-content\/uploads\/2025\/09\/trump-tower-in-chicago-in-usa-2025-03-07-13-44-29-utc-min-min-300x200.jpg 300w, https:\/\/avantgarde-investment.ch\/wp-content\/uploads\/2025\/09\/trump-tower-in-chicago-in-usa-2025-03-07-13-44-29-utc-min-min-1024x683.jpg 1024w, https:\/\/avantgarde-investment.ch\/wp-content\/uploads\/2025\/09\/trump-tower-in-chicago-in-usa-2025-03-07-13-44-29-utc-min-min-768x512.jpg 768w, https:\/\/avantgarde-investment.ch\/wp-content\/uploads\/2025\/09\/trump-tower-in-chicago-in-usa-2025-03-07-13-44-29-utc-min-min-1536x1024.jpg 1536w, https:\/\/avantgarde-investment.ch\/wp-content\/uploads\/2025\/09\/trump-tower-in-chicago-in-usa-2025-03-07-13-44-29-utc-min-min-2048x1365.jpg 2048w\" sizes=\"auto, (max-width: 2560px) 100vw, 2560px\" \/><\/figure>\n\n\n\n<div style=\"height:30px\" aria-hidden=\"true\" class=\"wp-block-spacer\"><\/div>\n\n\n\n<div class=\"wp-block-uagb-advanced-heading uagb-block-29fcd1b0\"><h3 class=\"uagb-heading-text\"><strong>Um mercado din\u00e2mico e seguro<\/strong><\/h3><\/div>\n\n\n\n<p>Os Estados Unidos representam um dos maiores e mais l\u00edquidos mercados imobili\u00e1rios do mundo. Com uma forte demanda por aluguel e um crescimento populacional cont\u00ednuo, oferecem oportunidades nos setores residencial, comercial, industrial e de terrenos. O s\u00f3lido quadro jur\u00eddico e a abertura a investidores estrangeiros fazem do pa\u00eds um destino privilegiado para diversificar o patrim\u00f4nio.  <\/p>\n\n\n\n<div class=\"wp-block-uagb-advanced-heading uagb-block-2718c902\"><h6 class=\"uagb-heading-text\"><strong>Exemplo de um modelo inovador do nosso parceiro<\/strong><\/h6><\/div>\n\n\n\n<p>O nosso parceiro, pioneiro na utiliza\u00e7\u00e3o de dados e blockchain, est\u00e1 a revolucionar o investimento em terrenos nos Estados Unidos. A sua abordagem consiste em: <\/p>\n\n\n\n<ul class=\"wp-block-list\">\n<li>dentificar terrenos subvalorizados em \u00e1reas de forte crescimento (Sun Belt, Texas, Fl\u00f3rida, Oregon\u2026)<\/li>\n\n\n\n<li>Obter os direitos de desenvolvimento (entitlements), aumentando assim o valor dos terrenos.<\/li>\n\n\n\n<li>Revendre ensuite ces parcelles \u00e0 des promoteurs ou institutions, avec une plus-value significative.<\/li>\n<\/ul>\n\n\n\n<p>Gra\u00e7as a um algoritmo capaz de analisar mais de 60.000 parcelas por m\u00eas em mais de 3.200 condados americanos, apenas 0,13% dos terrenos s\u00e3o selecionados, garantindo uma sele\u00e7\u00e3o de grande rigor. Resultado: retornos anuais previstos de 12% a 18% em projetos de 18 a 36 meses, com v\u00e1rios sucessos j\u00e1 realizados (ex.: Oregon, Texas). <\/p>\n\n\n\n<div class=\"wp-block-uagb-advanced-heading uagb-block-e6303c7d\"><h6 class=\"uagb-heading-text\"><strong>Acessibilidade e transpar\u00eancia<\/strong><\/h6><\/div>\n\n\n\n<p>O investimento est\u00e1 aberto a partir de 100.000 USD, sem a necessidade de gest\u00e3o direta. Uma data room segura e o acompanhamento projeto por projeto garantem total transpar\u00eancia: etapas de entitlement, proje\u00e7\u00f5es financeiras, documentos jur\u00eddicos. <\/p>\n<\/div><\/div>\n\n<div class=\"wp-block-uagb-container uagb-block-d0922a59 alignfull uagb-is-root-container\"><div class=\"uagb-container-inner-blocks-wrap\">\n<div class=\"wp-block-uagb-container uagb-block-bfbdb199 alignfull uagb-is-root-container\"><div class=\"uagb-container-inner-blocks-wrap\">\n<div class=\"wp-block-uagb-info-box uagb-block-1b33d56b uagb-infobox__content-wrap  uagb-infobox-icon-above-title uagb-infobox-image-valign-top\"><div class=\"uagb-ifb-content\"><div class=\"uagb-ifb-title-wrap\"><h6 class=\"uagb-ifb-title-prefix\">Tens alguma pergunta?<\/h6><h2 class=\"uagb-ifb-title\">Vamos falar sobre isso<\/h2><\/div><\/div><\/div>\n\n\n\n<div class=\"wp-block-uagb-image alignright uagb-block-07ac205b wp-block-uagb-image--layout-default wp-block-uagb-image--effect-zoomin wp-block-uagb-image--align-right\"><figure class=\"wp-block-uagb-image__figure\"><img decoding=\"async\" srcset=\"https:\/\/avantgarde-investment.ch\/wp-content\/uploads\/2021\/06\/arrow-04-free-img.png ,https:\/\/avantgarde-investment.ch\/wp-content\/uploads\/2021\/06\/arrow-04-free-img.png 780w, https:\/\/avantgarde-investment.ch\/wp-content\/uploads\/2021\/06\/arrow-04-free-img.png 360w\" sizes=\"auto, (max-width: 480px) 150px\" src=\"https:\/\/avantgarde-investment.ch\/wp-content\/uploads\/2021\/06\/arrow-04-free-img.png\" alt=\"\" class=\"uag-image-33\" width=\"90\" height=\"27\" title=\"arrow-04-free-img\" loading=\"lazy\" role=\"img\"><\/figure><\/div>\n<\/div><a class=\"spectra-container-link-overlay\" rel=\"noopener\" href=\"https:\/\/avantgarde-investment.ch\/pt-pt\/contacto\/\"> <\/a><\/div>\n<\/div><\/div>\n","protected":false},"excerpt":{"rendered":"<p>Investimentos Investir em im\u00f3veis nos Estados Unidos Um mercado din\u00e2mico e seguro Os Estados Unidos representam um dos maiores e mais l\u00edquidos mercados imobili\u00e1rios do mundo. Com uma forte demanda por aluguel e um crescimento populacional cont\u00ednuo, oferecem oportunidades nos setores residencial, comercial, industrial e de terrenos. O s\u00f3lido quadro jur\u00eddico e a abertura a [&hellip;]<\/p>\n","protected":false},"author":5,"featured_media":0,"parent":3506,"menu_order":0,"comment_status":"closed","ping_status":"closed","template":"","meta":{"_uag_custom_page_level_css":"","site-sidebar-layout":"no-sidebar","site-content-layout":"","ast-site-content-layout":"full-width-container","site-content-style":"default","site-sidebar-style":"default","ast-global-header-display":"","ast-banner-title-visibility":"","ast-main-header-display":"","ast-hfb-above-header-display":"","ast-hfb-below-header-display":"","ast-hfb-mobile-header-display":"","site-post-title":"disabled","ast-breadcrumbs-content":"","ast-featured-img":"","footer-sml-layout":"","theme-transparent-header-meta":"enabled","adv-header-id-meta":"","stick-header-meta":"","header-above-stick-meta":"","header-main-stick-meta":"","header-below-stick-meta":"","astra-migrate-meta-layouts":"default","ast-page-background-enabled":"default","ast-page-background-meta":{"desktop":{"background-color":"","background-image":"","background-repeat":"repeat","background-position":"center center","background-size":"auto","background-attachment":"scroll","background-type":"","background-media":"","overlay-type":"","overlay-color":"","overlay-opacity":"","overlay-gradient":""},"tablet":{"background-color":"","background-image":"","background-repeat":"repeat","background-position":"center center","background-size":"auto","background-attachment":"scroll","background-type":"","background-media":"","overlay-type":"","overlay-color":"","overlay-opacity":"","overlay-gradient":""},"mobile":{"background-color":"","background-image":"","background-repeat":"repeat","background-position":"center center","background-size":"auto","background-attachment":"scroll","background-type":"","background-media":"","overlay-type":"","overlay-color":"","overlay-opacity":"","overlay-gradient":""}},"ast-content-background-meta":{"desktop":{"background-color":"var(--ast-global-color-5)","background-image":"","background-repeat":"repeat","background-position":"center center","background-size":"auto","background-attachment":"scroll","background-type":"","background-media":"","overlay-type":"","overlay-color":"","overlay-opacity":"","overlay-gradient":""},"tablet":{"background-color":"var(--ast-global-color-5)","background-image":"","background-repeat":"repeat","background-position":"center center","background-size":"auto","background-attachment":"scroll","background-type":"","background-media":"","overlay-type":"","overlay-color":"","overlay-opacity":"","overlay-gradient":""},"mobile":{"background-color":"var(--ast-global-color-5)","background-image":"","background-repeat":"repeat","background-position":"center center","background-size":"auto","background-attachment":"scroll","background-type":"","background-media":"","overlay-type":"","overlay-color":"","overlay-opacity":"","overlay-gradient":""}},"footnotes":""},"class_list":["post-4996","page","type-page","status-publish","hentry"],"uagb_featured_image_src":{"full":false,"thumbnail":false,"medium":false,"medium_large":false,"large":false,"1536x1536":false,"2048x2048":false},"uagb_author_info":{"display_name":"Bastien Emery","author_link":"https:\/\/avantgarde-investment.ch\/pt-pt\/author\/camesco\/"},"uagb_comment_info":0,"uagb_excerpt":"Investimentos Investir em im\u00f3veis nos Estados Unidos Um mercado din\u00e2mico e seguro Os Estados Unidos representam um dos maiores e mais l\u00edquidos mercados imobili\u00e1rios do mundo. Com uma forte demanda por aluguel e um crescimento populacional cont\u00ednuo, oferecem oportunidades nos setores residencial, comercial, industrial e de terrenos. O s\u00f3lido quadro jur\u00eddico e a abertura a&hellip;","_links":{"self":[{"href":"https:\/\/avantgarde-investment.ch\/pt-pt\/wp-json\/wp\/v2\/pages\/4996","targetHints":{"allow":["GET"]}}],"collection":[{"href":"https:\/\/avantgarde-investment.ch\/pt-pt\/wp-json\/wp\/v2\/pages"}],"about":[{"href":"https:\/\/avantgarde-investment.ch\/pt-pt\/wp-json\/wp\/v2\/types\/page"}],"author":[{"embeddable":true,"href":"https:\/\/avantgarde-investment.ch\/pt-pt\/wp-json\/wp\/v2\/users\/5"}],"replies":[{"embeddable":true,"href":"https:\/\/avantgarde-investment.ch\/pt-pt\/wp-json\/wp\/v2\/comments?post=4996"}],"version-history":[{"count":3,"href":"https:\/\/avantgarde-investment.ch\/pt-pt\/wp-json\/wp\/v2\/pages\/4996\/revisions"}],"predecessor-version":[{"id":5146,"href":"https:\/\/avantgarde-investment.ch\/pt-pt\/wp-json\/wp\/v2\/pages\/4996\/revisions\/5146"}],"up":[{"embeddable":true,"href":"https:\/\/avantgarde-investment.ch\/pt-pt\/wp-json\/wp\/v2\/pages\/3506"}],"wp:attachment":[{"href":"https:\/\/avantgarde-investment.ch\/pt-pt\/wp-json\/wp\/v2\/media?parent=4996"}],"curies":[{"name":"wp","href":"https:\/\/api.w.org\/{rel}","templated":true}]}}