{"id":4699,"date":"2025-07-11T22:30:21","date_gmt":"2025-07-11T22:30:21","guid":{"rendered":"https:\/\/avantgarde-investment.ch\/servicos\/otimizacao-da-sua-poupanca\/investir-em-criptoativos\/"},"modified":"2025-10-10T06:43:19","modified_gmt":"2025-10-10T06:43:19","slug":"investir-em-criptoativos","status":"publish","type":"page","link":"https:\/\/avantgarde-investment.ch\/pt-pt\/servicos\/otimizacao-da-sua-poupanca\/investir-em-criptoativos\/","title":{"rendered":"Investir em criptoativos"},"content":{"rendered":"\n<div class=\"wp-block-uagb-container uagb-block-f825015c alignfull uagb-is-root-container\"><div class=\"uagb-container-inner-blocks-wrap\">\n<div class=\"wp-block-uagb-advanced-heading uagb-block-03b18b14\"><h6 class=\"uagb-heading-text\">Investimentos<\/h6><\/div>\n\n\n\n<div class=\"wp-block-uagb-advanced-heading uagb-block-8b4ab5b5\"><h1 class=\"uagb-heading-text\"><strong>Investir em criptoativos<\/strong><\/h1><\/div>\n<\/div><\/div>\n\n<div class=\"wp-block-uagb-container uag-blocks-common-selector uagb-block-e6531297 alignfull uagb-is-root-container\"><div class=\"uagb-container-inner-blocks-wrap\"><\/div><\/div>\n\n<div class=\"wp-block-uagb-container uagb-block-5718afe8 alignfull uagb-is-root-container\"><div class=\"uagb-container-inner-blocks-wrap\">\n<figure class=\"wp-block-image size-full\" style=\"margin-top:0;margin-bottom:0\"><img loading=\"lazy\" decoding=\"async\" width=\"2560\" height=\"1707\" src=\"https:\/\/avantgarde-investment.ch\/wp-content\/uploads\/2025\/07\/crypto-actifs-scaled.jpg\" alt=\"\" class=\"wp-image-4616\" title=\"\" srcset=\"https:\/\/avantgarde-investment.ch\/wp-content\/uploads\/2025\/07\/crypto-actifs-scaled.jpg 2560w, https:\/\/avantgarde-investment.ch\/wp-content\/uploads\/2025\/07\/crypto-actifs-300x200.jpg 300w, https:\/\/avantgarde-investment.ch\/wp-content\/uploads\/2025\/07\/crypto-actifs-1024x683.jpg 1024w, https:\/\/avantgarde-investment.ch\/wp-content\/uploads\/2025\/07\/crypto-actifs-768x512.jpg 768w, https:\/\/avantgarde-investment.ch\/wp-content\/uploads\/2025\/07\/crypto-actifs-1536x1024.jpg 1536w, https:\/\/avantgarde-investment.ch\/wp-content\/uploads\/2025\/07\/crypto-actifs-2048x1365.jpg 2048w\" sizes=\"auto, (max-width: 2560px) 100vw, 2560px\" \/><\/figure>\n\n\n\n<div style=\"height:30px\" aria-hidden=\"true\" class=\"wp-block-spacer\"><\/div>\n\n\n\n<p>Os criptoativos representam uma oportunidade \u00fanica de diversifica\u00e7\u00e3o, inova\u00e7\u00e3o e desempenho em uma carteira moderna. Gra\u00e7as ao nosso parceiro su\u00ed\u00e7o reconhecido, \u00e9 agora poss\u00edvel investir em criptomoedas de forma simples, segura e acess\u00edvel, mesmo com valores pequenos. <\/p>\n\n\n\n<div class=\"wp-block-uagb-advanced-heading uagb-block-29fcd1b0\"><h3 class=\"uagb-heading-text\"><strong>Por que se interessar por isso?<\/strong><\/h3><\/div>\n\n\n\n<p><strong>Diversifica\u00e7\u00e3o<\/strong> fora dos ativos tradicionais (a\u00e7\u00f5es, obriga\u00e7\u00f5es, im\u00f3veis, metais preciosos, fundos de investimento)<\/p>\n\n\n\n<p><strong>Acessibilidade<\/strong> via um aplicativo intuitivo<\/p>\n\n\n\n<p><strong>Alto potencial<\/strong> de crescimento<\/p>\n\n\n\n<p><strong>Exposi\u00e7\u00e3o<\/strong> \u00e0s finan\u00e7as descentralizadas (DeFi) e ao Web3<\/p>\n\n\n\n<p><strong>Desempenho do Bitcoin<\/strong> historicamente superior ao dos principais \u00edndices burs\u00e1teis na \u00faltima d\u00e9cada (2015-2024)<\/p>\n\n\n\n<figure class=\"wp-block-image size-large\"><img loading=\"lazy\" decoding=\"async\" width=\"1024\" height=\"641\" src=\"https:\/\/avantgarde-investment.ch\/wp-content\/uploads\/2025\/07\/Sans-titre-1024x641.png\" alt=\"\" class=\"wp-image-4579\" title=\"\" srcset=\"https:\/\/avantgarde-investment.ch\/wp-content\/uploads\/2025\/07\/Sans-titre-1024x641.png 1024w, https:\/\/avantgarde-investment.ch\/wp-content\/uploads\/2025\/07\/Sans-titre-300x188.png 300w, https:\/\/avantgarde-investment.ch\/wp-content\/uploads\/2025\/07\/Sans-titre-768x481.png 768w, https:\/\/avantgarde-investment.ch\/wp-content\/uploads\/2025\/07\/Sans-titre.png 1390w\" sizes=\"auto, (max-width: 1024px) 100vw, 1024px\" \/><\/figure>\n\n\n\n<div class=\"wp-block-uagb-advanced-heading uagb-block-330d10ae\"><h3 class=\"uagb-heading-text\"><strong>Uma abordagem regulamentada e profissional:<\/strong><\/h3><\/div>\n\n\n\n<p><strong>Carteiras geridas conforme seu perfil de risco<\/strong>: voc\u00ea delega completamente a gest\u00e3o dos criptoativos<\/p>\n\n\n\n<p><strong>Pacotes tem\u00e1ticos de cripto<\/strong>: DeFi, Gaming, Ativos do Mundo Real, etc.<\/p>\n\n\n\n<p><strong>Estrat\u00e9gia de investimento programada (DCA)<\/strong> para suavizar a entrada no mercado<\/p>\n\n\n\n<h3 class=\"wp-block-heading\"><strong>Seguran\u00e7a dos ativos:<\/strong><\/h3>\n\n\n\n<p><strong>Prote\u00e7\u00e3o refor\u00e7ada pela tecnologia MPC keyless<\/strong>: permite assinar uma transa\u00e7\u00e3o sem nunca reunir ou expor a chave privada completa, pois essa chave n\u00e3o existe em forma \u00fanica.<\/p>\n\n\n\n<p><strong>Acompanhamento<\/strong> inteligente assistido por IA<\/p>\n\n\n\n<p><strong>Plataforma transparente<\/strong>, regulamentada e amig\u00e1vel<\/p>\n\n\n\n<h3 class=\"wp-block-heading\"><strong>Conclus\u00e3o<\/strong><\/h3>\n\n\n\n<p>Investir em criptoativos n\u00e3o \u00e9 mais reservado aos iniciados. Com uma abordagem estruturada, voc\u00ea acessa essa nova economia enquanto protege seu capital. <\/p>\n<\/div><\/div>\n\n<div class=\"wp-block-uagb-container uagb-block-d0922a59 alignfull uagb-is-root-container\"><div class=\"uagb-container-inner-blocks-wrap\">\n<div class=\"wp-block-uagb-container uagb-block-bfbdb199 alignfull uagb-is-root-container\"><div class=\"uagb-container-inner-blocks-wrap\">\n<div class=\"wp-block-uagb-info-box uagb-block-1b33d56b uagb-infobox__content-wrap  uagb-infobox-icon-above-title uagb-infobox-image-valign-top\"><div class=\"uagb-ifb-content\"><div class=\"uagb-ifb-title-wrap\"><h6 class=\"uagb-ifb-title-prefix\">Tens alguma pergunta?<\/h6><h2 class=\"uagb-ifb-title\">Vamos falar sobre isso<\/h2><\/div><\/div><\/div>\n\n\n\n<div class=\"wp-block-uagb-image alignright uagb-block-07ac205b wp-block-uagb-image--layout-default wp-block-uagb-image--effect-zoomin wp-block-uagb-image--align-right\"><figure class=\"wp-block-uagb-image__figure\"><img decoding=\"async\" srcset=\"https:\/\/avantgarde-investment.ch\/wp-content\/uploads\/2021\/06\/arrow-04-free-img.png ,https:\/\/avantgarde-investment.ch\/wp-content\/uploads\/2021\/06\/arrow-04-free-img.png 780w, https:\/\/avantgarde-investment.ch\/wp-content\/uploads\/2021\/06\/arrow-04-free-img.png 360w\" sizes=\"auto, (max-width: 480px) 150px\" src=\"https:\/\/avantgarde-investment.ch\/wp-content\/uploads\/2021\/06\/arrow-04-free-img.png\" alt=\"\" class=\"uag-image-33\" width=\"90\" height=\"27\" title=\"arrow-04-free-img\" loading=\"lazy\" role=\"img\"><\/figure><\/div>\n<\/div><a class=\"spectra-container-link-overlay\" rel=\"noopener\" href=\"https:\/\/avantgarde-investment.ch\/pt-pt\/contacto\/\"> <\/a><\/div>\n<\/div><\/div>\n","protected":false},"excerpt":{"rendered":"<p>Investimentos Investir em criptoativos Os criptoativos representam uma oportunidade \u00fanica de diversifica\u00e7\u00e3o, inova\u00e7\u00e3o e desempenho em uma carteira moderna. Gra\u00e7as ao nosso parceiro su\u00ed\u00e7o reconhecido, \u00e9 agora poss\u00edvel investir em criptomoedas de forma simples, segura e acess\u00edvel, mesmo com valores pequenos. Por que se interessar por isso? Diversifica\u00e7\u00e3o fora dos ativos tradicionais (a\u00e7\u00f5es, obriga\u00e7\u00f5es, im\u00f3veis, [&hellip;]<\/p>\n","protected":false},"author":5,"featured_media":0,"parent":3506,"menu_order":0,"comment_status":"closed","ping_status":"closed","template":"","meta":{"_uag_custom_page_level_css":"","site-sidebar-layout":"no-sidebar","site-content-layout":"","ast-site-content-layout":"full-width-container","site-content-style":"default","site-sidebar-style":"default","ast-global-header-display":"","ast-banner-title-visibility":"","ast-main-header-display":"","ast-hfb-above-header-display":"","ast-hfb-below-header-display":"","ast-hfb-mobile-header-display":"","site-post-title":"disabled","ast-breadcrumbs-content":"","ast-featured-img":"","footer-sml-layout":"","theme-transparent-header-meta":"enabled","adv-header-id-meta":"","stick-header-meta":"","header-above-stick-meta":"","header-main-stick-meta":"","header-below-stick-meta":"","astra-migrate-meta-layouts":"default","ast-page-background-enabled":"default","ast-page-background-meta":{"desktop":{"background-color":"","background-image":"","background-repeat":"repeat","background-position":"center center","background-size":"auto","background-attachment":"scroll","background-type":"","background-media":"","overlay-type":"","overlay-color":"","overlay-opacity":"","overlay-gradient":""},"tablet":{"background-color":"","background-image":"","background-repeat":"repeat","background-position":"center center","background-size":"auto","background-attachment":"scroll","background-type":"","background-media":"","overlay-type":"","overlay-color":"","overlay-opacity":"","overlay-gradient":""},"mobile":{"background-color":"","background-image":"","background-repeat":"repeat","background-position":"center center","background-size":"auto","background-attachment":"scroll","background-type":"","background-media":"","overlay-type":"","overlay-color":"","overlay-opacity":"","overlay-gradient":""}},"ast-content-background-meta":{"desktop":{"background-color":"var(--ast-global-color-5)","background-image":"","background-repeat":"repeat","background-position":"center center","background-size":"auto","background-attachment":"scroll","background-type":"","background-media":"","overlay-type":"","overlay-color":"","overlay-opacity":"","overlay-gradient":""},"tablet":{"background-color":"var(--ast-global-color-5)","background-image":"","background-repeat":"repeat","background-position":"center center","background-size":"auto","background-attachment":"scroll","background-type":"","background-media":"","overlay-type":"","overlay-color":"","overlay-opacity":"","overlay-gradient":""},"mobile":{"background-color":"var(--ast-global-color-5)","background-image":"","background-repeat":"repeat","background-position":"center center","background-size":"auto","background-attachment":"scroll","background-type":"","background-media":"","overlay-type":"","overlay-color":"","overlay-opacity":"","overlay-gradient":""}},"footnotes":""},"class_list":["post-4699","page","type-page","status-publish","hentry"],"uagb_featured_image_src":{"full":false,"thumbnail":false,"medium":false,"medium_large":false,"large":false,"1536x1536":false,"2048x2048":false},"uagb_author_info":{"display_name":"Bastien Emery","author_link":"https:\/\/avantgarde-investment.ch\/pt-pt\/author\/camesco\/"},"uagb_comment_info":0,"uagb_excerpt":"Investimentos Investir em criptoativos Os criptoativos representam uma oportunidade \u00fanica de diversifica\u00e7\u00e3o, inova\u00e7\u00e3o e desempenho em uma carteira moderna. Gra\u00e7as ao nosso parceiro su\u00ed\u00e7o reconhecido, \u00e9 agora poss\u00edvel investir em criptomoedas de forma simples, segura e acess\u00edvel, mesmo com valores pequenos. Por que se interessar por isso? Diversifica\u00e7\u00e3o fora dos ativos tradicionais (a\u00e7\u00f5es, obriga\u00e7\u00f5es, im\u00f3veis,&hellip;","_links":{"self":[{"href":"https:\/\/avantgarde-investment.ch\/pt-pt\/wp-json\/wp\/v2\/pages\/4699","targetHints":{"allow":["GET"]}}],"collection":[{"href":"https:\/\/avantgarde-investment.ch\/pt-pt\/wp-json\/wp\/v2\/pages"}],"about":[{"href":"https:\/\/avantgarde-investment.ch\/pt-pt\/wp-json\/wp\/v2\/types\/page"}],"author":[{"embeddable":true,"href":"https:\/\/avantgarde-investment.ch\/pt-pt\/wp-json\/wp\/v2\/users\/5"}],"replies":[{"embeddable":true,"href":"https:\/\/avantgarde-investment.ch\/pt-pt\/wp-json\/wp\/v2\/comments?post=4699"}],"version-history":[{"count":2,"href":"https:\/\/avantgarde-investment.ch\/pt-pt\/wp-json\/wp\/v2\/pages\/4699\/revisions"}],"predecessor-version":[{"id":5113,"href":"https:\/\/avantgarde-investment.ch\/pt-pt\/wp-json\/wp\/v2\/pages\/4699\/revisions\/5113"}],"up":[{"embeddable":true,"href":"https:\/\/avantgarde-investment.ch\/pt-pt\/wp-json\/wp\/v2\/pages\/3506"}],"wp:attachment":[{"href":"https:\/\/avantgarde-investment.ch\/pt-pt\/wp-json\/wp\/v2\/media?parent=4699"}],"curies":[{"name":"wp","href":"https:\/\/api.w.org\/{rel}","templated":true}]}}