{"id":4695,"date":"2025-07-11T23:17:09","date_gmt":"2025-07-11T23:17:09","guid":{"rendered":"https:\/\/avantgarde-investment.ch\/servicos\/otimizacao-da-sua-poupanca\/investir-no-cannabis-medicinal\/"},"modified":"2025-10-10T06:45:18","modified_gmt":"2025-10-10T06:45:18","slug":"investir-no-cannabis-medicinal","status":"publish","type":"page","link":"https:\/\/avantgarde-investment.ch\/pt-pt\/servicos\/otimizacao-da-sua-poupanca\/investir-no-cannabis-medicinal\/","title":{"rendered":"Investir no cannabis medicinal"},"content":{"rendered":"\n<div class=\"wp-block-uagb-container uagb-block-f825015c alignfull uagb-is-root-container\"><div class=\"uagb-container-inner-blocks-wrap\">\n<div class=\"wp-block-uagb-advanced-heading uagb-block-03b18b14\"><h6 class=\"uagb-heading-text\">Investimentos<\/h6><\/div>\n\n\n\n<div class=\"wp-block-uagb-advanced-heading uagb-block-8b4ab5b5\"><h1 class=\"uagb-heading-text\"><strong>Investir no cannabis medicinal<\/strong><\/h1><\/div>\n<\/div><\/div>\n\n<div class=\"wp-block-uagb-container uag-blocks-common-selector uagb-block-e6531297 alignfull uagb-is-root-container\"><div class=\"uagb-container-inner-blocks-wrap\"><\/div><\/div>\n\n<div class=\"wp-block-uagb-container uagb-block-5718afe8 alignfull uagb-is-root-container\"><div class=\"uagb-container-inner-blocks-wrap\">\n<figure class=\"wp-block-image size-full\"><img loading=\"lazy\" decoding=\"async\" width=\"2560\" height=\"1707\" src=\"https:\/\/avantgarde-investment.ch\/wp-content\/uploads\/2025\/07\/Canabis-medical-scaled.jpg\" alt=\"\" class=\"wp-image-4587\" title=\"\" srcset=\"https:\/\/avantgarde-investment.ch\/wp-content\/uploads\/2025\/07\/Canabis-medical-scaled.jpg 2560w, https:\/\/avantgarde-investment.ch\/wp-content\/uploads\/2025\/07\/Canabis-medical-300x200.jpg 300w, https:\/\/avantgarde-investment.ch\/wp-content\/uploads\/2025\/07\/Canabis-medical-1024x683.jpg 1024w, https:\/\/avantgarde-investment.ch\/wp-content\/uploads\/2025\/07\/Canabis-medical-768x512.jpg 768w, https:\/\/avantgarde-investment.ch\/wp-content\/uploads\/2025\/07\/Canabis-medical-1536x1024.jpg 1536w, https:\/\/avantgarde-investment.ch\/wp-content\/uploads\/2025\/07\/Canabis-medical-2048x1365.jpg 2048w\" sizes=\"auto, (max-width: 2560px) 100vw, 2560px\" \/><\/figure>\n\n\n\n<div style=\"height:30px\" aria-hidden=\"true\" class=\"wp-block-spacer\"><\/div>\n\n\n\n<p>O cannabis medicinal representa uma revolu\u00e7\u00e3o silenciosa nos cuidados alternativos. Recomendado por profissionais de sa\u00fade para o tratamento de dores cr\u00f4nicas, dist\u00farbios neurol\u00f3gicos ou ainda os efeitos secund\u00e1rios ligados \u00e0 quimioterapia, ele se beneficia de um quadro regulat\u00f3rio cada vez mais favor\u00e1vel na Europa. <\/p>\n\n\n\n<div class=\"wp-block-uagb-advanced-heading uagb-block-29fcd1b0\"><h3 class=\"uagb-heading-text\"><strong>Um mercado em forte crescimento em escala mundial<\/strong><\/h3><\/div>\n\n\n\n<p>O mercado mundial \u00e9 estimado em 444 bilh\u00f5es de USD at\u00e9 2030, com mais de 40 pa\u00edses j\u00e1 tendo legalizado seu uso medicinal. A Alemanha, principal mercado europeu, enfrenta uma escassez estrutural, oferecendo oportunidades concretas para os produtores su\u00ed\u00e7os certificados GACP, com dividendos esperados a partir de 2027, da ordem de 5 a 15%, e uma valoriza\u00e7\u00e3o potencial elevada das suas a\u00e7\u00f5es. <\/p>\n\n\n\n<div class=\"wp-block-uagb-advanced-heading uagb-block-330d10ae\"><h3 class=\"uagb-heading-text\"><strong>Uma oportunidade de investimento estrat\u00e9gico na Su\u00ed\u00e7a<\/strong><\/h3><\/div>\n\n\n\n<p>\u00c9 neste contexto que se insere nosso parceiro su\u00ed\u00e7o, localizado pr\u00f3ximo \u00e0 fronteira alem\u00e3. Ele possui uma infraestrutura escal\u00e1vel, um sistema de produ\u00e7\u00e3o que integra IA e uma rastreabilidade completa &#8220;Seed-to-Sale&#8221;. Com contratos de pr\u00e9-venda j\u00e1 assinados, uma capacidade de produ\u00e7\u00e3o prevista para quadruplicar, e uma rentabilidade projetada entre 100 e 150% em 3 a 4 anos, este investimento combina inova\u00e7\u00e3o, impacto social e potencial de alto retorno.  <\/p>\n\n\n\n<p>Acess\u00edvel a partir de CHF 5.000.\u2013, este investimento permite entrar no capital de um ator estrat\u00e9gico em um setor em plena expans\u00e3o \u2014 com dividendos esperados a partir de 2027, da ordem de 5 a 15%, e uma valoriza\u00e7\u00e3o potencial elevada das suas a\u00e7\u00f5es.<\/p>\n\n\n\n<p><strong>Junte-se a esta aventura empreendedora e terap\u00eautica<\/strong>, invista em um mercado promissor e respons\u00e1vel.<\/p>\n<\/div><\/div>\n\n<div class=\"wp-block-uagb-container uagb-block-d0922a59 alignfull uagb-is-root-container\"><div class=\"uagb-container-inner-blocks-wrap\">\n<div class=\"wp-block-uagb-container uagb-block-bfbdb199 alignfull uagb-is-root-container\"><div class=\"uagb-container-inner-blocks-wrap\">\n<div class=\"wp-block-uagb-info-box uagb-block-1b33d56b uagb-infobox__content-wrap  uagb-infobox-icon-above-title uagb-infobox-image-valign-top\"><div class=\"uagb-ifb-content\"><div class=\"uagb-ifb-title-wrap\"><h6 class=\"uagb-ifb-title-prefix\">Tens alguma pergunta?<\/h6><h2 class=\"uagb-ifb-title\">Vamos falar sobre isso<\/h2><\/div><\/div><\/div>\n\n\n\n<div class=\"wp-block-uagb-image alignright uagb-block-07ac205b wp-block-uagb-image--layout-default wp-block-uagb-image--effect-zoomin wp-block-uagb-image--align-right\"><figure class=\"wp-block-uagb-image__figure\"><img decoding=\"async\" srcset=\"https:\/\/avantgarde-investment.ch\/wp-content\/uploads\/2021\/06\/arrow-04-free-img.png ,https:\/\/avantgarde-investment.ch\/wp-content\/uploads\/2021\/06\/arrow-04-free-img.png 780w, https:\/\/avantgarde-investment.ch\/wp-content\/uploads\/2021\/06\/arrow-04-free-img.png 360w\" sizes=\"auto, (max-width: 480px) 150px\" src=\"https:\/\/avantgarde-investment.ch\/wp-content\/uploads\/2021\/06\/arrow-04-free-img.png\" alt=\"\" class=\"uag-image-33\" width=\"90\" height=\"27\" title=\"arrow-04-free-img\" loading=\"lazy\" role=\"img\"><\/figure><\/div>\n<\/div><a class=\"spectra-container-link-overlay\" rel=\"noopener\" href=\"https:\/\/avantgarde-investment.ch\/pt-pt\/contacto\/\"> <\/a><\/div>\n<\/div><\/div>\n","protected":false},"excerpt":{"rendered":"<p>Investimentos Investir no cannabis medicinal O cannabis medicinal representa uma revolu\u00e7\u00e3o silenciosa nos cuidados alternativos. Recomendado por profissionais de sa\u00fade para o tratamento de dores cr\u00f4nicas, dist\u00farbios neurol\u00f3gicos ou ainda os efeitos secund\u00e1rios ligados \u00e0 quimioterapia, ele se beneficia de um quadro regulat\u00f3rio cada vez mais favor\u00e1vel na Europa. Um mercado em forte crescimento em [&hellip;]<\/p>\n","protected":false},"author":5,"featured_media":0,"parent":3506,"menu_order":0,"comment_status":"closed","ping_status":"closed","template":"","meta":{"_uag_custom_page_level_css":"","site-sidebar-layout":"no-sidebar","site-content-layout":"","ast-site-content-layout":"full-width-container","site-content-style":"default","site-sidebar-style":"default","ast-global-header-display":"","ast-banner-title-visibility":"","ast-main-header-display":"","ast-hfb-above-header-display":"","ast-hfb-below-header-display":"","ast-hfb-mobile-header-display":"","site-post-title":"disabled","ast-breadcrumbs-content":"","ast-featured-img":"","footer-sml-layout":"","theme-transparent-header-meta":"enabled","adv-header-id-meta":"","stick-header-meta":"","header-above-stick-meta":"","header-main-stick-meta":"","header-below-stick-meta":"","astra-migrate-meta-layouts":"default","ast-page-background-enabled":"default","ast-page-background-meta":{"desktop":{"background-color":"","background-image":"","background-repeat":"repeat","background-position":"center center","background-size":"auto","background-attachment":"scroll","background-type":"","background-media":"","overlay-type":"","overlay-color":"","overlay-opacity":"","overlay-gradient":""},"tablet":{"background-color":"","background-image":"","background-repeat":"repeat","background-position":"center center","background-size":"auto","background-attachment":"scroll","background-type":"","background-media":"","overlay-type":"","overlay-color":"","overlay-opacity":"","overlay-gradient":""},"mobile":{"background-color":"","background-image":"","background-repeat":"repeat","background-position":"center center","background-size":"auto","background-attachment":"scroll","background-type":"","background-media":"","overlay-type":"","overlay-color":"","overlay-opacity":"","overlay-gradient":""}},"ast-content-background-meta":{"desktop":{"background-color":"var(--ast-global-color-5)","background-image":"","background-repeat":"repeat","background-position":"center center","background-size":"auto","background-attachment":"scroll","background-type":"","background-media":"","overlay-type":"","overlay-color":"","overlay-opacity":"","overlay-gradient":""},"tablet":{"background-color":"var(--ast-global-color-5)","background-image":"","background-repeat":"repeat","background-position":"center center","background-size":"auto","background-attachment":"scroll","background-type":"","background-media":"","overlay-type":"","overlay-color":"","overlay-opacity":"","overlay-gradient":""},"mobile":{"background-color":"var(--ast-global-color-5)","background-image":"","background-repeat":"repeat","background-position":"center center","background-size":"auto","background-attachment":"scroll","background-type":"","background-media":"","overlay-type":"","overlay-color":"","overlay-opacity":"","overlay-gradient":""}},"footnotes":""},"class_list":["post-4695","page","type-page","status-publish","hentry"],"uagb_featured_image_src":{"full":false,"thumbnail":false,"medium":false,"medium_large":false,"large":false,"1536x1536":false,"2048x2048":false},"uagb_author_info":{"display_name":"Bastien Emery","author_link":"https:\/\/avantgarde-investment.ch\/pt-pt\/author\/camesco\/"},"uagb_comment_info":0,"uagb_excerpt":"Investimentos Investir no cannabis medicinal O cannabis medicinal representa uma revolu\u00e7\u00e3o silenciosa nos cuidados alternativos. Recomendado por profissionais de sa\u00fade para o tratamento de dores cr\u00f4nicas, dist\u00farbios neurol\u00f3gicos ou ainda os efeitos secund\u00e1rios ligados \u00e0 quimioterapia, ele se beneficia de um quadro regulat\u00f3rio cada vez mais favor\u00e1vel na Europa. Um mercado em forte crescimento em&hellip;","_links":{"self":[{"href":"https:\/\/avantgarde-investment.ch\/pt-pt\/wp-json\/wp\/v2\/pages\/4695","targetHints":{"allow":["GET"]}}],"collection":[{"href":"https:\/\/avantgarde-investment.ch\/pt-pt\/wp-json\/wp\/v2\/pages"}],"about":[{"href":"https:\/\/avantgarde-investment.ch\/pt-pt\/wp-json\/wp\/v2\/types\/page"}],"author":[{"embeddable":true,"href":"https:\/\/avantgarde-investment.ch\/pt-pt\/wp-json\/wp\/v2\/users\/5"}],"replies":[{"embeddable":true,"href":"https:\/\/avantgarde-investment.ch\/pt-pt\/wp-json\/wp\/v2\/comments?post=4695"}],"version-history":[{"count":3,"href":"https:\/\/avantgarde-investment.ch\/pt-pt\/wp-json\/wp\/v2\/pages\/4695\/revisions"}],"predecessor-version":[{"id":5139,"href":"https:\/\/avantgarde-investment.ch\/pt-pt\/wp-json\/wp\/v2\/pages\/4695\/revisions\/5139"}],"up":[{"embeddable":true,"href":"https:\/\/avantgarde-investment.ch\/pt-pt\/wp-json\/wp\/v2\/pages\/3506"}],"wp:attachment":[{"href":"https:\/\/avantgarde-investment.ch\/pt-pt\/wp-json\/wp\/v2\/media?parent=4695"}],"curies":[{"name":"wp","href":"https:\/\/api.w.org\/{rel}","templated":true}]}}