{"id":4610,"date":"2025-07-12T00:30:36","date_gmt":"2025-07-12T00:30:36","guid":{"rendered":"https:\/\/avantgarde-investment.ch\/servicos\/otimizacao-da-sua-poupanca\/investir-num-quarto-medico\/"},"modified":"2025-07-14T08:35:51","modified_gmt":"2025-07-14T08:35:51","slug":"investir-num-quarto-medico","status":"publish","type":"page","link":"https:\/\/avantgarde-investment.ch\/pt-pt\/servicos\/otimizacao-da-sua-poupanca\/investir-num-quarto-medico\/","title":{"rendered":"Investir num quarto m\u00e9dico"},"content":{"rendered":"\n<div class=\"wp-block-uagb-container uagb-block-f825015c alignfull uagb-is-root-container\"><div class=\"uagb-container-inner-blocks-wrap\">\n<div class=\"wp-block-uagb-advanced-heading uagb-block-03b18b14\"><h6 class=\"uagb-heading-text\">Investimentos<\/h6><\/div>\n\n\n\n<div class=\"wp-block-uagb-advanced-heading uagb-block-8b4ab5b5\"><h1 class=\"uagb-heading-text\"><strong>Investir num quarto m\u00e9dico<\/strong><\/h1><\/div>\n<\/div><\/div>\n\n<div class=\"wp-block-uagb-container uag-blocks-common-selector uagb-block-e6531297 alignfull uagb-is-root-container\"><div class=\"uagb-container-inner-blocks-wrap\"><\/div><\/div>\n\n<div class=\"wp-block-uagb-container uagb-block-2f275a24 alignfull uagb-is-root-container\"><div class=\"uagb-container-inner-blocks-wrap\">\n<figure class=\"wp-block-image size-full\"><img loading=\"lazy\" decoding=\"async\" width=\"2560\" height=\"1707\" src=\"https:\/\/avantgarde-investment.ch\/wp-content\/uploads\/2025\/07\/Chambre-medicalisee-scaled.jpg\" alt=\"\" class=\"wp-image-4596\" title=\"\" srcset=\"https:\/\/avantgarde-investment.ch\/wp-content\/uploads\/2025\/07\/Chambre-medicalisee-scaled.jpg 2560w, https:\/\/avantgarde-investment.ch\/wp-content\/uploads\/2025\/07\/Chambre-medicalisee-300x200.jpg 300w, https:\/\/avantgarde-investment.ch\/wp-content\/uploads\/2025\/07\/Chambre-medicalisee-1024x683.jpg 1024w, https:\/\/avantgarde-investment.ch\/wp-content\/uploads\/2025\/07\/Chambre-medicalisee-768x512.jpg 768w, https:\/\/avantgarde-investment.ch\/wp-content\/uploads\/2025\/07\/Chambre-medicalisee-1536x1024.jpg 1536w, https:\/\/avantgarde-investment.ch\/wp-content\/uploads\/2025\/07\/Chambre-medicalisee-2048x1365.jpg 2048w\" sizes=\"auto, (max-width: 2560px) 100vw, 2560px\" \/><\/figure>\n\n\n\n<div style=\"height:30px\" aria-hidden=\"true\" class=\"wp-block-spacer\"><\/div>\n\n\n\n<div class=\"wp-block-uagb-advanced-heading uagb-block-6793c2f3\"><h3 class=\"uagb-heading-text\"><strong>Outra forma de investir em im\u00f3veis<\/strong><\/h3><\/div>\n\n\n\n<p>O sector imobili\u00e1rio continua a ser um dos pilares tradicionais da acumula\u00e7\u00e3o de riqueza. No entanto, para al\u00e9m dos tradicionais apartamentos e propriedades de investimento, h\u00e1 uma forma de investimento que est\u00e1 a tornar-se cada vez mais popular: <strong>os lares de idosos.<\/strong>  <\/p>\n\n\n\n<p>Este tipo de im\u00f3vel, integrado em estabelecimentos especializados para pessoas idosas dependentes (EHPAD), oferece carater\u00edsticas \u00fanicas que combinam <strong>rendimentos atractivos<\/strong>, <strong>seguran\u00e7a de investimento<\/strong>, <strong>facilidade de gest\u00e3o<\/strong> e <strong>benef\u00edcios fiscais<\/strong>.<\/p>\n\n\n\n<div class=\"wp-block-uagb-advanced-heading uagb-block-3a8a52fc\"><h3 class=\"uagb-heading-text\"><strong>Um bem tang\u00edvel e socialmente \u00fatil<\/strong><\/h3><\/div>\n\n\n\n<p>Investir num quarto m\u00e9dico significa adquirir uma unidade privada (geralmente entre 18 e 25 m\u00b2), com equipamento normalizado (cama m\u00e9dica, casa de banho, mobili\u00e1rio funcional), num estabelecimento de cuidados. Estes quartos s\u00e3o concebidos para acolher os residentes que est\u00e3o a perder a sua autonomia, sob o controlo de pessoal de enfermagem e de equipas especializadas. <\/p>\n\n\n\n<p>Este ativo imobili\u00e1rio baseia-se, portanto, numa necessidade social estrutural: o envelhecimento da popula\u00e7\u00e3o. Em Fran\u00e7a, existem menos de 90 camas por cada 1.000 pessoas com mais de 75 anos, e esta rela\u00e7\u00e3o tem vindo a deteriorar-se constantemente ao longo dos anos. Esta tens\u00e3o entre a oferta e a procura garante uma elevada taxa de ocupa\u00e7\u00e3o dos nossos estabelecimentos e, por conseguinte, rendas est\u00e1veis para os investidores<strong>.<\/strong>  <\/p>\n\n\n\n<div class=\"wp-block-uagb-advanced-heading uagb-block-94f9b303\"><h3 class=\"uagb-heading-text\"><strong><strong>Rendimentos l\u00edquidos est\u00e1veis<\/strong><\/strong><\/h3><\/div>\n\n\n\n<p>A rendibilidade anual l\u00edquida dos quartos de cuidados situa-se entre 6% e 7%, mais elevada do que a maioria dos investimentos convencionais em arrendamento residencial. Mas o atrativo n\u00e3o se fica por aqui. Ao contr\u00e1rio de outros activos imobili\u00e1rios, o investidor recebe uma renda mesmo que o quarto esteja vago, uma vez que \u00e9 gerido no \u00e2mbito de um contrato de arrendamento comercial de longa dura\u00e7\u00e3o (geralmente 9 a 12 anos) com o operador do estabelecimento.  <\/p>\n\n\n\n<p>Al\u00e9m disso, todos os custos de manuten\u00e7\u00e3o, renova\u00e7\u00e3o, equipamento e gest\u00e3o corrente s\u00e3o suportados pelo operador. O investidor s\u00f3 tem de pagar as despesas de gest\u00e3o e o imposto predial, que se situam em m\u00e9dia entre 300 e 400 euros por ano. <\/p>\n\n\n\n<div class=\"wp-block-uagb-advanced-heading uagb-block-26d5417b\"><h3 class=\"uagb-heading-text\"><strong><strong><strong>Um investimento adequado para a poupan\u00e7a-reforma<\/strong><\/strong><\/strong><\/h3><\/div>\n\n\n\n<div class=\"wp-block-group is-nowrap is-layout-flex wp-container-core-group-is-layout-6c531013 wp-block-group-is-layout-flex\">\n<figure class=\"wp-block-image size-thumbnail is-resized has-custom-border is-style-default wp-container-content-9cfa9a5a\" style=\"margin-top:0;margin-right:0;margin-bottom:0;margin-left:0\"><img loading=\"lazy\" decoding=\"async\" width=\"150\" height=\"150\" src=\"https:\/\/avantgarde-investment.ch\/wp-content\/uploads\/2025\/07\/Retraite-heureux-150x150.jpg\" alt=\"\" class=\"wp-image-4599\" style=\"border-style:none;border-width:0px;border-radius:0px;width:689px;height:auto\" title=\"\" srcset=\"https:\/\/avantgarde-investment.ch\/wp-content\/uploads\/2025\/07\/Retraite-heureux-150x150.jpg 150w, https:\/\/avantgarde-investment.ch\/wp-content\/uploads\/2025\/07\/Retraite-heureux-300x300.jpg 300w, https:\/\/avantgarde-investment.ch\/wp-content\/uploads\/2025\/07\/Retraite-heureux-768x768.jpg 768w, https:\/\/avantgarde-investment.ch\/wp-content\/uploads\/2025\/07\/Retraite-heureux.jpg 1024w\" sizes=\"auto, (max-width: 150px) 100vw, 150px\" \/><\/figure>\n\n\n\n<p>Para al\u00e9m de gerar rendimento, um lar de idosos \u00e9 uma boa forma de <strong>preparar a reforma<\/strong>. Ao comprar um quarto por um valor entre 100 000 e 150 000 euros, um investidor pode esperar gerar <strong>entre 500 e 1 000 euros l\u00edquidos por m\u00eas<\/strong> em rendimentos adicionais, sem qualquer esfor\u00e7o de gest\u00e3o.   <\/p>\n<\/div>\n\n\n\n<div class=\"wp-block-uagb-advanced-heading uagb-block-489805a2\"><h3 class=\"uagb-heading-text\"><strong><strong><strong>Uma abordagem simples, estruturada e gratificante<\/strong><\/strong><\/strong><\/h3><\/div>\n\n\n\n<p>A aquisi\u00e7\u00e3o de um quarto m\u00e9dico est\u00e1 sujeita a restri\u00e7\u00f5es legais e administrativas. Os estabelecimentos devem obter uma licen\u00e7a de explora\u00e7\u00e3o emitida pelas autoridades sanit\u00e1rias francesas. Por fim, a revenda \u00e9 facilitada: actores especializados asseguram a liquidez do mercado secund\u00e1rio, com pre\u00e7os de revenda frequentemente superiores ao pre\u00e7o de compra inicial.  <\/p>\n\n\n\n<div class=\"wp-block-uagb-advanced-heading uagb-block-1cb3c8cc\"><h3 class=\"uagb-heading-text\"><strong><strong>Em poucas palavras<\/strong><\/strong><\/h3><\/div>\n\n\n\n<p>Este investimento imobili\u00e1rio alternativo combina <strong>rentabilidade, estabilidade, simplicidade e impacto social<\/strong>. Insere-se perfeitamente numa estrat\u00e9gia moderna de gest\u00e3o de activos, seja para <strong>diversificar<\/strong>, <strong>preparar a reforma<\/strong> ou <strong>otimizar a fiscalidade<\/strong>. <\/p>\n<\/div><\/div>\n\n<div class=\"wp-block-uagb-container uagb-block-d0922a59 alignfull uagb-is-root-container\"><div class=\"uagb-container-inner-blocks-wrap\">\n<div class=\"wp-block-uagb-container uagb-block-bfbdb199 alignfull uagb-is-root-container\"><div class=\"uagb-container-inner-blocks-wrap\">\n<div class=\"wp-block-uagb-info-box uagb-block-1b33d56b uagb-infobox__content-wrap  uagb-infobox-icon-above-title uagb-infobox-image-valign-top\"><div class=\"uagb-ifb-content\"><div class=\"uagb-ifb-title-wrap\"><h6 class=\"uagb-ifb-title-prefix\">Tens alguma pergunta?<\/h6><h2 class=\"uagb-ifb-title\">Vamos falar sobre isso<\/h2><\/div><\/div><\/div>\n\n\n\n<div class=\"wp-block-uagb-image alignright uagb-block-07ac205b wp-block-uagb-image--layout-default wp-block-uagb-image--effect-zoomin wp-block-uagb-image--align-right\"><figure class=\"wp-block-uagb-image__figure\"><img decoding=\"async\" srcset=\"https:\/\/avantgarde-investment.ch\/wp-content\/uploads\/2021\/06\/arrow-04-free-img.png ,https:\/\/avantgarde-investment.ch\/wp-content\/uploads\/2021\/06\/arrow-04-free-img.png 780w, https:\/\/avantgarde-investment.ch\/wp-content\/uploads\/2021\/06\/arrow-04-free-img.png 360w\" sizes=\"auto, (max-width: 480px) 150px\" src=\"https:\/\/avantgarde-investment.ch\/wp-content\/uploads\/2021\/06\/arrow-04-free-img.png\" alt=\"\" class=\"uag-image-33\" width=\"90\" height=\"27\" title=\"arrow-04-free-img\" loading=\"lazy\" role=\"img\"><\/figure><\/div>\n<\/div><a class=\"spectra-container-link-overlay\" rel=\"noopener\" href=\"https:\/\/avantgarde-investment.ch\/pt-pt\/contacto\/\"> <\/a><\/div>\n<\/div><\/div>\n","protected":false},"excerpt":{"rendered":"<p>Investimentos Investir num quarto m\u00e9dico Outra forma de investir em im\u00f3veis O sector imobili\u00e1rio continua a ser um dos pilares tradicionais da acumula\u00e7\u00e3o de riqueza. No entanto, para al\u00e9m dos tradicionais apartamentos e propriedades de investimento, h\u00e1 uma forma de investimento que est\u00e1 a tornar-se cada vez mais popular: os lares de idosos. Este tipo [&hellip;]<\/p>\n","protected":false},"author":5,"featured_media":0,"parent":3506,"menu_order":0,"comment_status":"closed","ping_status":"closed","template":"","meta":{"_uag_custom_page_level_css":"","site-sidebar-layout":"no-sidebar","site-content-layout":"","ast-site-content-layout":"full-width-container","site-content-style":"default","site-sidebar-style":"default","ast-global-header-display":"","ast-banner-title-visibility":"","ast-main-header-display":"","ast-hfb-above-header-display":"","ast-hfb-below-header-display":"","ast-hfb-mobile-header-display":"","site-post-title":"disabled","ast-breadcrumbs-content":"","ast-featured-img":"","footer-sml-layout":"","theme-transparent-header-meta":"enabled","adv-header-id-meta":"","stick-header-meta":"","header-above-stick-meta":"","header-main-stick-meta":"","header-below-stick-meta":"","astra-migrate-meta-layouts":"default","ast-page-background-enabled":"default","ast-page-background-meta":{"desktop":{"background-color":"","background-image":"","background-repeat":"repeat","background-position":"center center","background-size":"auto","background-attachment":"scroll","background-type":"","background-media":"","overlay-type":"","overlay-color":"","overlay-opacity":"","overlay-gradient":""},"tablet":{"background-color":"","background-image":"","background-repeat":"repeat","background-position":"center center","background-size":"auto","background-attachment":"scroll","background-type":"","background-media":"","overlay-type":"","overlay-color":"","overlay-opacity":"","overlay-gradient":""},"mobile":{"background-color":"","background-image":"","background-repeat":"repeat","background-position":"center center","background-size":"auto","background-attachment":"scroll","background-type":"","background-media":"","overlay-type":"","overlay-color":"","overlay-opacity":"","overlay-gradient":""}},"ast-content-background-meta":{"desktop":{"background-color":"var(--ast-global-color-5)","background-image":"","background-repeat":"repeat","background-position":"center center","background-size":"auto","background-attachment":"scroll","background-type":"","background-media":"","overlay-type":"","overlay-color":"","overlay-opacity":"","overlay-gradient":""},"tablet":{"background-color":"var(--ast-global-color-5)","background-image":"","background-repeat":"repeat","background-position":"center center","background-size":"auto","background-attachment":"scroll","background-type":"","background-media":"","overlay-type":"","overlay-color":"","overlay-opacity":"","overlay-gradient":""},"mobile":{"background-color":"var(--ast-global-color-5)","background-image":"","background-repeat":"repeat","background-position":"center center","background-size":"auto","background-attachment":"scroll","background-type":"","background-media":"","overlay-type":"","overlay-color":"","overlay-opacity":"","overlay-gradient":""}},"footnotes":""},"class_list":["post-4610","page","type-page","status-publish","hentry"],"uagb_featured_image_src":{"full":false,"thumbnail":false,"medium":false,"medium_large":false,"large":false,"1536x1536":false,"2048x2048":false},"uagb_author_info":{"display_name":"Bastien Emery","author_link":"https:\/\/avantgarde-investment.ch\/pt-pt\/author\/camesco\/"},"uagb_comment_info":0,"uagb_excerpt":"Investimentos Investir num quarto m\u00e9dico Outra forma de investir em im\u00f3veis O sector imobili\u00e1rio continua a ser um dos pilares tradicionais da acumula\u00e7\u00e3o de riqueza. No entanto, para al\u00e9m dos tradicionais apartamentos e propriedades de investimento, h\u00e1 uma forma de investimento que est\u00e1 a tornar-se cada vez mais popular: os lares de idosos. Este tipo&hellip;","_links":{"self":[{"href":"https:\/\/avantgarde-investment.ch\/pt-pt\/wp-json\/wp\/v2\/pages\/4610","targetHints":{"allow":["GET"]}}],"collection":[{"href":"https:\/\/avantgarde-investment.ch\/pt-pt\/wp-json\/wp\/v2\/pages"}],"about":[{"href":"https:\/\/avantgarde-investment.ch\/pt-pt\/wp-json\/wp\/v2\/types\/page"}],"author":[{"embeddable":true,"href":"https:\/\/avantgarde-investment.ch\/pt-pt\/wp-json\/wp\/v2\/users\/5"}],"replies":[{"embeddable":true,"href":"https:\/\/avantgarde-investment.ch\/pt-pt\/wp-json\/wp\/v2\/comments?post=4610"}],"version-history":[{"count":7,"href":"https:\/\/avantgarde-investment.ch\/pt-pt\/wp-json\/wp\/v2\/pages\/4610\/revisions"}],"predecessor-version":[{"id":4654,"href":"https:\/\/avantgarde-investment.ch\/pt-pt\/wp-json\/wp\/v2\/pages\/4610\/revisions\/4654"}],"up":[{"embeddable":true,"href":"https:\/\/avantgarde-investment.ch\/pt-pt\/wp-json\/wp\/v2\/pages\/3506"}],"wp:attachment":[{"href":"https:\/\/avantgarde-investment.ch\/pt-pt\/wp-json\/wp\/v2\/media?parent=4610"}],"curies":[{"name":"wp","href":"https:\/\/api.w.org\/{rel}","templated":true}]}}