{"id":4505,"date":"2025-06-09T19:20:56","date_gmt":"2025-06-09T19:20:56","guid":{"rendered":"https:\/\/avantgarde-investment.ch\/livro-branco\/"},"modified":"2025-08-19T07:49:30","modified_gmt":"2025-08-19T07:49:30","slug":"livro-branco","status":"publish","type":"page","link":"https:\/\/avantgarde-investment.ch\/pt-pt\/livro-branco\/","title":{"rendered":"Livro branco"},"content":{"rendered":"\n<h2 class=\"wp-block-heading\">Livro branco<\/h2>\n\n<p>Preenche o formul\u00e1rio abaixo para descarregar o livro branco sobre Investimentos Alternativos; Diversificar e aumentar o teu patrim\u00f3nio em 2025!<\/p>\n                    <script type=\"text\/javascript\">\n                        var onloadSibCallback = function () {\n                            jQuery('.g-recaptcha').each(function (index, el) {\n                                grecaptcha.render(el, {\n                                    'sitekey': jQuery(el).attr('data-sitekey')\n                                });\n                            });\n                        };\n                    <\/script>\n\t\t\t\t\t                <script src=\"https:\/\/www.google.com\/recaptcha\/api.js?onload=onloadSibCallback&render=explicit\" async defer><\/script>\n\t\t\t\t\n\t\t\t<form id=\"sib_signup_form_2\" method=\"post\" class=\"sib_signup_form\">\n\t\t\t\t<div class=\"sib_loader\" style=\"display:none;\"><img\n\t\t\t\t\t\t\tsrc=\"https:\/\/avantgarde-investment.ch\/wp-includes\/images\/spinner.gif\" alt=\"loader\"><\/div>\n\t\t\t\t<input type=\"hidden\" name=\"sib_form_action\" value=\"subscribe_form_submit\">\n\t\t\t\t<input type=\"hidden\" name=\"sib_form_id\" value=\"2\">\n                <input type=\"hidden\" name=\"sib_form_alert_notice\" value=\"Remplissez ce champ s\u2019il vous pla\u00eet\">\n                <input type=\"hidden\" name=\"sib_form_invalid_email_notice\" value=\"Cette adresse email n&#039;est pas valide\">\n                <input type=\"hidden\" name=\"sib_security\" value=\"6294f6571d\">\n\t\t\t\t<div class=\"sib_signup_box_inside_2\">\n\t\t\t\t\t<div style=\"\/*display:none*\/\" class=\"sib_msg_disp\">\n\t\t\t\t\t<\/div>\n                    \t\t\t\t\t<style>\r\n  .form-row {\r\n    display: flex;\r\n    gap: 20px;\r\n    margin-bottom: 20px;\r\n    flex-wrap: wrap;\r\n  }\r\n\r\n  .form-group {\r\n    flex: 1;\r\n    display: flex;\r\n    flex-direction: column;\r\n  }\r\n\r\n  .form-group label {\r\n    margin-bottom: 5px;\r\n    font-weight: bold;\r\n  }\r\n\r\n  input[type=\"text\"],\r\n  input[type=\"email\"] {\r\n    width: 100%;\r\n    padding: 8px;\r\n    box-sizing: border-box;\r\n  }\r\n\r\n  textarea {\r\n    width: 100%;\r\n    padding: 8px;\r\n    box-sizing: border-box;\r\n    resize: vertical;\r\n    min-height: 100px;\r\n  }\r\n\r\n  \/* SMS field styling *\/\r\n  .sib-sms-field {\r\n    display: flex;\r\n    align-items: center;\r\n  }\r\n\r\n  .sib-country-block {\r\n    margin-right: 8px;\r\n  }\r\n\r\n  .sib-sms {\r\n    width: 100%;\r\n    padding: 8px;\r\n    box-sizing: border-box;\r\n  }\r\n\r\n  .sib-SMS-area label {\r\n    font-weight: bold;\r\n    display: block;\r\n    margin-bottom: 5px;\r\n  }\r\n<\/style>\r\n\r\n<!-- NOM &amp; PR\u00c9NOM c\u00f4te \u00e0 c\u00f4te -->\r\n<div class=\"form-row\">\r\n  <div class=\"form-group\">\r\n    <label for=\"nom\">Nom*<\/label>\r\n    <input type=\"text\" id=\"nom\" name=\"NOM\" required=\"\">\r\n  <\/div>\r\n  <div class=\"form-group\">\r\n    <label for=\"prenom\">Pr\u00e9nom*<\/label>\r\n    <input type=\"text\" id=\"prenom\" name=\"PRENOM\" required=\"\">\r\n  <\/div>\r\n<\/div>\r\n\r\n<!-- EMAIL seul en dessous -->\r\n<div class=\"form-row\">\r\n  <div class=\"form-group\">\r\n    <label for=\"email\">Adresse e-mail*<\/label>\r\n    <input type=\"email\" id=\"email\" name=\"email\" required=\"\">\r\n  <\/div>\r\n<\/div>\r\n\r\n<!-- T\u00c9L\u00c9PHONE (SMS) seul en dessous -->\r\n<p class=\"sib-SMS-area\"> \r\n  <label>SMS<\/label> \r\n  <div class=\"sib-sms-field\">\r\n    <div class=\"sib-country-block\">\r\n      <div class=\"sib-toggle sib-country-flg\">\r\n        <div class=\"sib-cflags\" style=\"background-image:url(https:\/\/avantgarde-investment.ch\/wp-content\/plugins\/mailin\/img\/flags\/ch.png)\"><\/div>\r\n        <div class=\"sib-icon-arrow\"><\/div>\r\n      <\/div>\r\n    <\/div>\r\n    <ul class=\"sib-country-list\" style=\"display: none\"><\/ul>\r\n    <input type=\"hidden\" name=\"sib_SMS_prefix\" value=\"+41\">\r\n    <input type=\"text\" name=\"SMS\" class=\"sib-sms\" value=\"+41\" required=\"\">\r\n  <\/div>\r\n<\/p>\r\n\r\n<!-- CAPTCHA -->\r\n<div id=\"sib_captcha\" class=\"g-recaptcha\" data-sitekey=\"6LcrllgrAAAAAA2jrLrHeJfo9SxqOk21DLix73Qv\"><\/div>\r\n\r\n<br>\r\n<!-- CONDITIONS G\u00c9N\u00c9RALES -->\r\n<div class=\"checkbox-container\">\r\n  <input type=\"checkbox\" id=\"terms\" name=\"terms\" required=\"\">\r\n  <label for=\"terms\">\r\n    J'accepte les <a href=\"https:\/\/avantgarde-investment.ch\/mentions-legales\/\" target=\"_blank\">conditions g\u00e9n\u00e9rales<\/a>\r\n  <\/label>\r\n<\/div>\r\n\r\n<br>\r\n<!-- BOUTON DE SOUMISSION -->\r\n<p> \r\n    <input type=\"submit\" class=\"sib-default-btn\" name=\"submit\" value=\"Obtenir le livre blanc\"> \r\n<\/p>\r\n\t\t\t\t<\/div>\n\t\t\t<\/form>\n\t\t\t<style>\n\t\t\t\tform#sib_signup_form_2 p.sib-alert-message {\n    padding: 6px 12px;\n    margin-bottom: 20px;\n    border: 1px solid transparent;\n    border-radius: 4px;\n    -webkit-box-sizing: border-box;\n    -moz-box-sizing: border-box;\n    box-sizing: border-box;\n}\nform#sib_signup_form_2 p.sib-alert-message-error {\n    background-color: #f2dede;\n    border-color: #ebccd1;\n    color: #a94442;\n}\nform#sib_signup_form_2 p.sib-alert-message-success {\n    background-color: #dff0d8;\n    border-color: #d6e9c6;\n    color: #3c763d;\n}\nform#sib_signup_form_2 p.sib-alert-message-warning {\n    background-color: #fcf8e3;\n    border-color: #faebcc;\n    color: #8a6d3b;\n}\n\t\t\t<\/style>\n\t\t\t\n","protected":false},"excerpt":{"rendered":"<p>Livro branco Preenche o formul\u00e1rio abaixo para descarregar o livro branco sobre Investimentos Alternativos; Diversificar e aumentar o teu patrim\u00f3nio em 2025!<\/p>\n","protected":false},"author":5,"featured_media":0,"parent":0,"menu_order":0,"comment_status":"closed","ping_status":"closed","template":"","meta":{"_uag_custom_page_level_css":"","site-sidebar-layout":"default","site-content-layout":"","ast-site-content-layout":"default","site-content-style":"default","site-sidebar-style":"default","ast-global-header-display":"","ast-banner-title-visibility":"","ast-main-header-display":"","ast-hfb-above-header-display":"","ast-hfb-below-header-display":"","ast-hfb-mobile-header-display":"","site-post-title":"disabled","ast-breadcrumbs-content":"","ast-featured-img":"","footer-sml-layout":"","theme-transparent-header-meta":"","adv-header-id-meta":"","stick-header-meta":"","header-above-stick-meta":"","header-main-stick-meta":"","header-below-stick-meta":"","astra-migrate-meta-layouts":"default","ast-page-background-enabled":"default","ast-page-background-meta":{"desktop":{"background-color":"","background-image":"","background-repeat":"repeat","background-position":"center center","background-size":"auto","background-attachment":"scroll","background-type":"","background-media":"","overlay-type":"","overlay-color":"","overlay-opacity":"","overlay-gradient":""},"tablet":{"background-color":"","background-image":"","background-repeat":"repeat","background-position":"center center","background-size":"auto","background-attachment":"scroll","background-type":"","background-media":"","overlay-type":"","overlay-color":"","overlay-opacity":"","overlay-gradient":""},"mobile":{"background-color":"","background-image":"","background-repeat":"repeat","background-position":"center center","background-size":"auto","background-attachment":"scroll","background-type":"","background-media":"","overlay-type":"","overlay-color":"","overlay-opacity":"","overlay-gradient":""}},"ast-content-background-meta":{"desktop":{"background-color":"var(--ast-global-color-5)","background-image":"","background-repeat":"repeat","background-position":"center center","background-size":"auto","background-attachment":"scroll","background-type":"","background-media":"","overlay-type":"","overlay-color":"","overlay-opacity":"","overlay-gradient":""},"tablet":{"background-color":"var(--ast-global-color-5)","background-image":"","background-repeat":"repeat","background-position":"center center","background-size":"auto","background-attachment":"scroll","background-type":"","background-media":"","overlay-type":"","overlay-color":"","overlay-opacity":"","overlay-gradient":""},"mobile":{"background-color":"var(--ast-global-color-5)","background-image":"","background-repeat":"repeat","background-position":"center center","background-size":"auto","background-attachment":"scroll","background-type":"","background-media":"","overlay-type":"","overlay-color":"","overlay-opacity":"","overlay-gradient":""}},"footnotes":""},"class_list":["post-4505","page","type-page","status-publish","hentry"],"uagb_featured_image_src":{"full":false,"thumbnail":false,"medium":false,"medium_large":false,"large":false,"1536x1536":false,"2048x2048":false},"uagb_author_info":{"display_name":"Bastien Emery","author_link":"https:\/\/avantgarde-investment.ch\/pt-pt\/author\/camesco\/"},"uagb_comment_info":0,"uagb_excerpt":"Livro branco Preenche o formul\u00e1rio abaixo para descarregar o livro branco sobre Investimentos Alternativos; Diversificar e aumentar o teu patrim\u00f3nio em 2025!","_links":{"self":[{"href":"https:\/\/avantgarde-investment.ch\/pt-pt\/wp-json\/wp\/v2\/pages\/4505","targetHints":{"allow":["GET"]}}],"collection":[{"href":"https:\/\/avantgarde-investment.ch\/pt-pt\/wp-json\/wp\/v2\/pages"}],"about":[{"href":"https:\/\/avantgarde-investment.ch\/pt-pt\/wp-json\/wp\/v2\/types\/page"}],"author":[{"embeddable":true,"href":"https:\/\/avantgarde-investment.ch\/pt-pt\/wp-json\/wp\/v2\/users\/5"}],"replies":[{"embeddable":true,"href":"https:\/\/avantgarde-investment.ch\/pt-pt\/wp-json\/wp\/v2\/comments?post=4505"}],"version-history":[{"count":3,"href":"https:\/\/avantgarde-investment.ch\/pt-pt\/wp-json\/wp\/v2\/pages\/4505\/revisions"}],"predecessor-version":[{"id":4515,"href":"https:\/\/avantgarde-investment.ch\/pt-pt\/wp-json\/wp\/v2\/pages\/4505\/revisions\/4515"}],"wp:attachment":[{"href":"https:\/\/avantgarde-investment.ch\/pt-pt\/wp-json\/wp\/v2\/media?parent=4505"}],"curies":[{"name":"wp","href":"https:\/\/api.w.org\/{rel}","templated":true}]}}