{"id":3798,"date":"2025-02-17T10:57:14","date_gmt":"2025-02-17T10:57:14","guid":{"rendered":"https:\/\/avantgarde-investment.ch\/servicos\/consultoria-de-investimento\/gestao-classica-de-activos\/"},"modified":"2025-02-17T12:12:32","modified_gmt":"2025-02-17T12:12:32","slug":"gestao-classica-de-activos","status":"publish","type":"page","link":"https:\/\/avantgarde-investment.ch\/pt-pt\/servicos\/otimizacao-da-sua-poupanca\/gestao-classica-de-activos\/","title":{"rendered":"Gest\u00e3o cl\u00e1ssica de activos"},"content":{"rendered":"\n<div class=\"wp-block-uagb-container uagb-block-f825015c alignfull uagb-is-root-container\"><div class=\"uagb-container-inner-blocks-wrap\">\n<div class=\"wp-block-uagb-advanced-heading uagb-block-03b18b14\"><h6 class=\"uagb-heading-text\">Investimentos<\/h6><\/div>\n\n\n\n<div class=\"wp-block-uagb-advanced-heading uagb-block-8b4ab5b5\"><h1 class=\"uagb-heading-text\"><strong><strong>Gest\u00e3o cl\u00e1ssica de activos<\/strong><\/strong><\/h1><\/div>\n<\/div><\/div>\n\n\n\n<div class=\"wp-block-uagb-container uag-blocks-common-selector uagb-block-e6531297 alignfull uagb-is-root-container\"><div class=\"uagb-container-inner-blocks-wrap\"><\/div><\/div>\n\n\n\n<div class=\"wp-block-uagb-container uagb-block-5718afe8 alignfull uagb-is-root-container\"><div class=\"uagb-container-inner-blocks-wrap\">\n<figure class=\"wp-block-image size-full\"><img loading=\"lazy\" decoding=\"async\" width=\"1140\" height=\"800\" src=\"https:\/\/avantgarde-investment.ch\/wp-content\/uploads\/2025\/02\/investor-big.png\" alt=\"\" class=\"wp-image-3794\" title=\"\" srcset=\"https:\/\/avantgarde-investment.ch\/wp-content\/uploads\/2025\/02\/investor-big.png 1140w, https:\/\/avantgarde-investment.ch\/wp-content\/uploads\/2025\/02\/investor-big-300x211.png 300w, https:\/\/avantgarde-investment.ch\/wp-content\/uploads\/2025\/02\/investor-big-1024x719.png 1024w, https:\/\/avantgarde-investment.ch\/wp-content\/uploads\/2025\/02\/investor-big-768x539.png 768w\" sizes=\"auto, (max-width: 1140px) 100vw, 1140px\" \/><\/figure>\n\n\n\n<div style=\"height:30px\" aria-hidden=\"true\" class=\"wp-block-spacer\"><\/div>\n\n\n\n<p>A Su\u00ed\u00e7a \u00e9 reconhecida mundialmente pela sua experi\u00eancia em gest\u00e3o de fortunas, oferecendo uma combina\u00e7\u00e3o \u00fanica de estabilidade pol\u00edtica e econ\u00f3mica, seguran\u00e7a jur\u00eddica e discri\u00e7\u00e3o financeira.<\/p>\n\n\n\n<p>Estas vantagens tornam-no um destino ideal para os investidores que procuram proteger e aumentar o seu patrim\u00f3nio.<\/p>\n\n\n\n<p><strong>Carater\u00edsticas e vantagens da gest\u00e3o de activos na Su\u00ed\u00e7a :<\/strong><\/p>\n\n\n\n<ul class=\"wp-block-list\">\n<li><strong>Estabilidade e seguran\u00e7a:<\/strong> a Su\u00ed\u00e7a goza de uma estabilidade pol\u00edtica e econ\u00f3mica excecional, o que tranquiliza as fam\u00edlias e as grandes fortunas privadas quanto \u00e0 preserva\u00e7\u00e3o do seu patrim\u00f3nio.<\/li>\n\n\n\n<li><strong>Conhecimentos especializados reconhecidos:<\/strong> os gestores de activos su\u00ed\u00e7os s\u00e3o conhecidos pela sua compet\u00eancia e experi\u00eancia, oferecendo servi\u00e7os personalizados adaptados \u00e0s necessidades espec\u00edficas de cada cliente.<\/li>\n\n\n\n<li><strong>Diversifica\u00e7\u00e3o de investimentos:<\/strong> As institui\u00e7\u00f5es financeiras su\u00ed\u00e7as oferecem uma vasta gama de servi\u00e7os, desde a gest\u00e3o de activos ao planeamento fiscal, com acesso privilegiado a v\u00e1rios investimentos internacionais.<\/li>\n\n\n\n<li><strong>Confidencialidade:<\/strong> A tradi\u00e7\u00e3o de discri\u00e7\u00e3o e de prote\u00e7\u00e3o da privacidade est\u00e1 profundamente enraizada no sistema banc\u00e1rio su\u00ed\u00e7o, oferecendo aos clientes uma confidencialidade apreciada.<\/li>\n<\/ul>\n\n\n\n<div style=\"height:30px\" aria-hidden=\"true\" class=\"wp-block-spacer\"><\/div>\n\n\n\n<p><strong>Gra\u00e7as a uma parceria privilegiada, podes beneficiar do acesso a uma gest\u00e3o independente para montantes iguais ou superiores a 300 000 CHF. <\/strong><strong>O teu banco tem uma gest\u00e3o independente com v\u00e1rias carater\u00edsticas essenciais:<\/strong><\/p>\n\n\n\n<ul class=\"wp-block-list\">\n<li><strong>Independ\u00eancia e experi\u00eancia:<\/strong> Propriedade da sua dire\u00e7\u00e3o, \u00e9 pioneira na gest\u00e3o independente de activos.<\/li>\n\n\n\n<li><strong>Presen\u00e7a internacional:<\/strong> Com escrit\u00f3rios na Su\u00ed\u00e7a (Genebra, Berna, Lausana, Nyon, Sion, Verbier, Zurique) e parceiros estrat\u00e9gicos no Luxemburgo, nos Emirados \u00c1rabes Unidos, nas Maur\u00edcias e na Tail\u00e2ndia, combina as ra\u00edzes su\u00ed\u00e7as com o alcance internacional.<\/li>\n\n\n\n<li><strong>Uma abordagem hol\u00edstica e \u00e0 medida:<\/strong> A empresa oferece um apoio personalizado, integrando compet\u00eancias multidisciplinares para responder \u00e0s necessidades espec\u00edficas de cada cliente.<\/li>\n\n\n\n<li><strong>Infraestrutura tecnol\u00f3gica avan\u00e7ada:<\/strong> Desenvolveu a sua pr\u00f3pria infraestrutura inform\u00e1tica, permitindo a consolida\u00e7\u00e3o de carteiras multi-custodiante e a monitoriza\u00e7\u00e3o automatizada dos riscos, assegurando assim uma gest\u00e3o de activos eficiente e transparente.<\/li>\n<\/ul>\n<\/div><\/div>\n\n\n\n<div class=\"wp-block-uagb-container uagb-block-d0922a59 alignfull uagb-is-root-container\"><div class=\"uagb-container-inner-blocks-wrap\">\n<div class=\"wp-block-uagb-container uagb-block-bfbdb199 alignfull uagb-is-root-container\"><div class=\"uagb-container-inner-blocks-wrap\">\n<div class=\"wp-block-uagb-info-box uagb-block-1b33d56b uagb-infobox__content-wrap  uagb-infobox-icon-above-title uagb-infobox-image-valign-top\"><div class=\"uagb-ifb-content\"><div class=\"uagb-ifb-title-wrap\"><h6 class=\"uagb-ifb-title-prefix\">Tens alguma pergunta?<\/h6><h2 class=\"uagb-ifb-title\">Vamos falar sobre isso<\/h2><\/div><\/div><\/div>\n\n\n\n<div class=\"wp-block-uagb-image alignright uagb-block-07ac205b wp-block-uagb-image--layout-default wp-block-uagb-image--effect-zoomin wp-block-uagb-image--align-right\"><figure class=\"wp-block-uagb-image__figure\"><img decoding=\"async\" srcset=\"https:\/\/avantgarde-investment.ch\/wp-content\/uploads\/2021\/06\/arrow-04-free-img.png ,https:\/\/avantgarde-investment.ch\/wp-content\/uploads\/2021\/06\/arrow-04-free-img.png 780w, https:\/\/avantgarde-investment.ch\/wp-content\/uploads\/2021\/06\/arrow-04-free-img.png 360w\" sizes=\"auto, (max-width: 480px) 150px\" src=\"https:\/\/avantgarde-investment.ch\/wp-content\/uploads\/2021\/06\/arrow-04-free-img.png\" alt=\"\" class=\"uag-image-33\" width=\"90\" height=\"27\" title=\"arrow-04-free-img\" loading=\"lazy\" role=\"img\"><\/figure><\/div>\n<\/div><a class=\"spectra-container-link-overlay\" rel=\"noopener\" href=\"https:\/\/avantgarde-investment.ch\/pt-pt\/contacto\/\"> <\/a><\/div>\n<\/div><\/div>\n","protected":false},"excerpt":{"rendered":"<p>Investimentos Gest\u00e3o cl\u00e1ssica de activos A Su\u00ed\u00e7a \u00e9 reconhecida mundialmente pela sua experi\u00eancia em gest\u00e3o de fortunas, oferecendo uma combina\u00e7\u00e3o \u00fanica de estabilidade pol\u00edtica e econ\u00f3mica, seguran\u00e7a jur\u00eddica e discri\u00e7\u00e3o financeira. Estas vantagens tornam-no um destino ideal para os investidores que procuram proteger e aumentar o seu patrim\u00f3nio. Carater\u00edsticas e vantagens da gest\u00e3o de activos [&hellip;]<\/p>\n","protected":false},"author":5,"featured_media":0,"parent":3506,"menu_order":0,"comment_status":"closed","ping_status":"closed","template":"","meta":{"_uag_custom_page_level_css":"","site-sidebar-layout":"no-sidebar","site-content-layout":"","ast-site-content-layout":"full-width-container","site-content-style":"default","site-sidebar-style":"default","ast-global-header-display":"","ast-banner-title-visibility":"","ast-main-header-display":"","ast-hfb-above-header-display":"","ast-hfb-below-header-display":"","ast-hfb-mobile-header-display":"","site-post-title":"disabled","ast-breadcrumbs-content":"","ast-featured-img":"","footer-sml-layout":"","theme-transparent-header-meta":"enabled","adv-header-id-meta":"","stick-header-meta":"","header-above-stick-meta":"","header-main-stick-meta":"","header-below-stick-meta":"","astra-migrate-meta-layouts":"set","ast-page-background-enabled":"default","ast-page-background-meta":{"desktop":{"background-color":"","background-image":"","background-repeat":"repeat","background-position":"center center","background-size":"auto","background-attachment":"scroll","background-type":"","background-media":"","overlay-type":"","overlay-color":"","overlay-opacity":"","overlay-gradient":""},"tablet":{"background-color":"","background-image":"","background-repeat":"repeat","background-position":"center center","background-size":"auto","background-attachment":"scroll","background-type":"","background-media":"","overlay-type":"","overlay-color":"","overlay-opacity":"","overlay-gradient":""},"mobile":{"background-color":"","background-image":"","background-repeat":"repeat","background-position":"center center","background-size":"auto","background-attachment":"scroll","background-type":"","background-media":"","overlay-type":"","overlay-color":"","overlay-opacity":"","overlay-gradient":""}},"ast-content-background-meta":{"desktop":{"background-color":"var(--ast-global-color-5)","background-image":"","background-repeat":"repeat","background-position":"center center","background-size":"auto","background-attachment":"scroll","background-type":"","background-media":"","overlay-type":"","overlay-color":"","overlay-opacity":"","overlay-gradient":""},"tablet":{"background-color":"var(--ast-global-color-5)","background-image":"","background-repeat":"repeat","background-position":"center center","background-size":"auto","background-attachment":"scroll","background-type":"","background-media":"","overlay-type":"","overlay-color":"","overlay-opacity":"","overlay-gradient":""},"mobile":{"background-color":"var(--ast-global-color-5)","background-image":"","background-repeat":"repeat","background-position":"center center","background-size":"auto","background-attachment":"scroll","background-type":"","background-media":"","overlay-type":"","overlay-color":"","overlay-opacity":"","overlay-gradient":""}},"footnotes":""},"class_list":["post-3798","page","type-page","status-publish","hentry"],"uagb_featured_image_src":{"full":false,"thumbnail":false,"medium":false,"medium_large":false,"large":false,"1536x1536":false,"2048x2048":false},"uagb_author_info":{"display_name":"Bastien Emery","author_link":"https:\/\/avantgarde-investment.ch\/pt-pt\/author\/camesco\/"},"uagb_comment_info":0,"uagb_excerpt":"Investimentos Gest\u00e3o cl\u00e1ssica de activos A Su\u00ed\u00e7a \u00e9 reconhecida mundialmente pela sua experi\u00eancia em gest\u00e3o de fortunas, oferecendo uma combina\u00e7\u00e3o \u00fanica de estabilidade pol\u00edtica e econ\u00f3mica, seguran\u00e7a jur\u00eddica e discri\u00e7\u00e3o financeira. Estas vantagens tornam-no um destino ideal para os investidores que procuram proteger e aumentar o seu patrim\u00f3nio. Carater\u00edsticas e vantagens da gest\u00e3o de activos&hellip;","_links":{"self":[{"href":"https:\/\/avantgarde-investment.ch\/pt-pt\/wp-json\/wp\/v2\/pages\/3798","targetHints":{"allow":["GET"]}}],"collection":[{"href":"https:\/\/avantgarde-investment.ch\/pt-pt\/wp-json\/wp\/v2\/pages"}],"about":[{"href":"https:\/\/avantgarde-investment.ch\/pt-pt\/wp-json\/wp\/v2\/types\/page"}],"author":[{"embeddable":true,"href":"https:\/\/avantgarde-investment.ch\/pt-pt\/wp-json\/wp\/v2\/users\/5"}],"replies":[{"embeddable":true,"href":"https:\/\/avantgarde-investment.ch\/pt-pt\/wp-json\/wp\/v2\/comments?post=3798"}],"version-history":[{"count":4,"href":"https:\/\/avantgarde-investment.ch\/pt-pt\/wp-json\/wp\/v2\/pages\/3798\/revisions"}],"predecessor-version":[{"id":3874,"href":"https:\/\/avantgarde-investment.ch\/pt-pt\/wp-json\/wp\/v2\/pages\/3798\/revisions\/3874"}],"up":[{"embeddable":true,"href":"https:\/\/avantgarde-investment.ch\/pt-pt\/wp-json\/wp\/v2\/pages\/3506"}],"wp:attachment":[{"href":"https:\/\/avantgarde-investment.ch\/pt-pt\/wp-json\/wp\/v2\/media?parent=3798"}],"curies":[{"name":"wp","href":"https:\/\/api.w.org\/{rel}","templated":true}]}}