{"id":3597,"date":"2024-10-10T18:59:29","date_gmt":"2024-10-10T18:59:29","guid":{"rendered":"https:\/\/avantgarde-investment.ch\/consultoria-de-investimento\/imoveis-em-espanha\/"},"modified":"2025-02-17T12:12:38","modified_gmt":"2025-02-17T12:12:38","slug":"imoveis-em-espanha","status":"publish","type":"page","link":"https:\/\/avantgarde-investment.ch\/pt-pt\/servicos\/otimizacao-da-sua-poupanca\/imoveis-em-espanha\/","title":{"rendered":"Im\u00f3veis em Espanha"},"content":{"rendered":"\n<div class=\"wp-block-uagb-container uagb-block-f825015c alignfull uagb-is-root-container\"><div class=\"uagb-container-inner-blocks-wrap\">\n<div class=\"wp-block-uagb-advanced-heading uagb-block-03b18b14\"><h6 class=\"uagb-heading-text\">Investimentos<\/h6><\/div>\n\n\n\n<div class=\"wp-block-uagb-advanced-heading uagb-block-8b4ab5b5\"><h1 class=\"uagb-heading-text\"><strong>Im\u00f3veis em Espanha<\/strong><\/h1><\/div>\n<\/div><\/div>\n\n\n\n<div class=\"wp-block-uagb-container uag-blocks-common-selector uagb-block-e6531297 alignfull uagb-is-root-container\"><div class=\"uagb-container-inner-blocks-wrap\"><\/div><\/div>\n\n\n\n<div class=\"wp-block-uagb-container uagb-block-5718afe8 alignfull uagb-is-root-container\"><div class=\"uagb-container-inner-blocks-wrap\">\n<figure class=\"wp-block-image size-full\"><img loading=\"lazy\" decoding=\"async\" width=\"1140\" height=\"800\" src=\"https:\/\/avantgarde-investment.ch\/wp-content\/uploads\/2024\/10\/espagne-big.png\" alt=\"\" class=\"wp-image-3259\" title=\"\" srcset=\"https:\/\/avantgarde-investment.ch\/wp-content\/uploads\/2024\/10\/espagne-big.png 1140w, https:\/\/avantgarde-investment.ch\/wp-content\/uploads\/2024\/10\/espagne-big-300x211.png 300w, https:\/\/avantgarde-investment.ch\/wp-content\/uploads\/2024\/10\/espagne-big-1024x719.png 1024w, https:\/\/avantgarde-investment.ch\/wp-content\/uploads\/2024\/10\/espagne-big-768x539.png 768w\" sizes=\"auto, (max-width: 1140px) 100vw, 1140px\" \/><\/figure>\n\n\n\n<div style=\"height:30px\" aria-hidden=\"true\" class=\"wp-block-spacer\"><\/div>\n\n\n\n<p>Investir numa propriedade de f\u00e9rias \u00e0 beira-mar na regi\u00e3o de Val\u00eancia oferece uma s\u00e9rie de vantagens e carater\u00edsticas especiais, especialmente se estiveres a considerar <strong>o aluguer de curta dura\u00e7\u00e3o<\/strong>. Eis os principais pontos a ter em conta: <\/p>\n\n\n\n<div class=\"wp-block-uagb-advanced-heading uagb-block-29fcd1b0\"><h3 class=\"uagb-heading-text\"><strong>Vantagens de uma propriedade de f\u00e9rias em Val\u00eancia<\/strong>:<\/h3><\/div>\n\n\n\n<p><strong>Clima atrativo<\/strong>: Val\u00eancia goza de um clima mediterr\u00e2nico com ver\u00f5es quentes e invernos amenos, atraindo turistas durante todo o ano. Isto aumenta o potencial de alugueres de curta dura\u00e7\u00e3o, especialmente durante a \u00e9poca alta do ver\u00e3o. <\/p>\n\n\n\n<p><strong>Elevada procura tur\u00edstica<\/strong>: Val\u00eancia \u00e9 um destino tur\u00edstico popular pelas suas praias, cultura rica e gastronomia. As cidades costeiras atraem n\u00e3o s\u00f3 turistas espanh\u00f3is, mas tamb\u00e9m internacionais. Isto cria uma procura sustentada de alojamento para f\u00e9rias.  <\/p>\n\n\n\n<p><strong>Pre\u00e7os dos im\u00f3veis relativamente acess\u00edveis<\/strong>: Em compara\u00e7\u00e3o com outras regi\u00f5es costeiras espanholas, como a Costa del Sol ou as Ilhas Baleares, os pre\u00e7os dos im\u00f3veis em Val\u00eancia ainda s\u00e3o relativamente acess\u00edveis. Isto torna-a uma oportunidade de investimento atractiva, com um bom potencial de valoriza\u00e7\u00e3o. <\/p>\n\n\n\n<p><strong>Potencial de valoriza\u00e7\u00e3o<\/strong>: A procura de im\u00f3veis em Val\u00eancia, em particular junto ao mar, tem vindo a aumentar, o que sugere um potencial de valoriza\u00e7\u00e3o a m\u00e9dio e longo prazo, beneficiando simultaneamente de um rendimento regular de rendas.<\/p>\n\n\n\n<div class=\"wp-block-uagb-advanced-heading uagb-block-330d10ae\"><h3 class=\"uagb-heading-text\"><strong>Carater\u00edsticas especiais do aluguer de curta dura\u00e7\u00e3o<\/strong>:<\/h3><\/div>\n\n\n\n<p><strong>Elevada rentabilidade<\/strong>: Os alugueres de curta dura\u00e7\u00e3o podem oferecer uma rentabilidade mais elevada do que os alugueres de longa dura\u00e7\u00e3o, especialmente em zonas tur\u00edsticas. Durante os per\u00edodos de grande procura (ver\u00e3o, f\u00e9rias), os pre\u00e7os de aluguer aumentam, o que maximiza a rentabilidade. <\/p>\n\n\n\n<p><strong>Flexibilidade<\/strong>: O aluguer de curta dura\u00e7\u00e3o permite aos propriet\u00e1rios utilizar a sua propriedade durante os per\u00edodos de menor aflu\u00eancia, ou alug\u00e1-la a amigos e familiares. Esta \u00e9 uma vantagem para quem quer usufruir da sua propriedade ao mesmo tempo que gera rendimentos. <\/p>\n\n\n\n<p><strong>Regulamenta\u00e7\u00e3o local<\/strong>: Tal como noutras regi\u00f5es espanholas, \u00e9 importante verificar a regulamenta\u00e7\u00e3o local que rege o aluguer tur\u00edstico. Em Val\u00eancia, pode ser necess\u00e1ria uma <strong>licen\u00e7a tur\u00edstica<\/strong> para alugar um im\u00f3vel a curto prazo. Por vezes, as autoridades locais imp\u00f5em regras estritas, nomeadamente no que se refere \u00e0s condi\u00e7\u00f5es de alojamento e \u00e0 declara\u00e7\u00e3o dos rendimentos do aluguer.  <\/p>\n\n\n\n<p><strong>Gest\u00e3o de inquilinos<\/strong>: Pode recorrer a ag\u00eancias especializadas para gerir os seus inquilinos em troca de uma taxa de gest\u00e3o.<\/p>\n\n\n\n<div class=\"wp-block-uagb-advanced-heading uagb-block-c0169aba\"><h3 class=\"uagb-heading-text\"><strong>Benef\u00edcios fiscais e econ\u00f3micos<\/strong>:<\/h3><\/div>\n\n\n\n<p><strong>Dedu\u00e7\u00f5es fiscais<\/strong>: em Espanha, certas despesas relacionadas com a explora\u00e7\u00e3o de um im\u00f3vel para arrendamento (repara\u00e7\u00f5es, despesas de gest\u00e3o, etc.) s\u00e3o dedut\u00edveis dos rendimentos do arrendamento, o que pode reduzir a carga fiscal.<\/p>\n\n\n\n<p><strong>Redu\u00e7\u00e3o do risco de arrendamento vago<\/strong>: Com um modelo de arrendamento de curto prazo, os per\u00edodos de arrendamento vago s\u00e3o frequentemente mais curtos, uma vez que as propriedades tur\u00edsticas em \u00e1reas atractivas como Val\u00eancia t\u00eam geralmente uma procura sazonal.<\/p>\n\n\n\n<div class=\"wp-block-uagb-advanced-heading uagb-block-7789dfa7\"><h3 class=\"uagb-heading-text\"><strong>Conclui<\/strong>:<\/h3><\/div>\n\n\n\n<p>Investir num im\u00f3vel de f\u00e9rias \u00e0 beira-mar na Comunidade Valenciana para aluguer de curta dura\u00e7\u00e3o \u00e9 uma estrat\u00e9gia potencialmente rent\u00e1vel, gra\u00e7as, nomeadamente, \u00e0 forte procura tur\u00edstica, aos pre\u00e7os ainda acess\u00edveis e \u00e0s condi\u00e7\u00f5es climat\u00e9ricas favor\u00e1veis. No entanto, \u00e9 importante ter em conta as especificidades locais, nomeadamente as regras de arrendamento tur\u00edstico e a gest\u00e3o mais ativa que o arrendamento sazonal exige. <\/p>\n\n\n\n<h3 class=\"wp-block-heading\"><strong>Exemplo de rendimento esperado<\/strong>:<\/h3>\n\n\n\n<p>Compra de um apartamento de f\u00e9rias na regi\u00e3o de Val\u00eancia 250.000 EUR &#8211; 500.000 EUR : Desfruta do sol algumas semanas por ano e nos fins-de-semana, a 2 horas de avi\u00e3o de Genebra, aluguer AirBnB 10.000 EUR &#8211; 18.000 EUR<\/p>\n<\/div><\/div>\n\n\n\n<div class=\"wp-block-uagb-container uagb-block-d0922a59 alignfull uagb-is-root-container\"><div class=\"uagb-container-inner-blocks-wrap\">\n<div class=\"wp-block-uagb-container uagb-block-bfbdb199 alignfull uagb-is-root-container\"><div class=\"uagb-container-inner-blocks-wrap\">\n<div class=\"wp-block-uagb-info-box uagb-block-1b33d56b uagb-infobox__content-wrap  uagb-infobox-icon-above-title uagb-infobox-image-valign-top\"><div class=\"uagb-ifb-content\"><div class=\"uagb-ifb-title-wrap\"><h6 class=\"uagb-ifb-title-prefix\">Tens alguma pergunta?<\/h6><h2 class=\"uagb-ifb-title\">Vamos falar sobre isso<\/h2><\/div><\/div><\/div>\n\n\n\n<div class=\"wp-block-uagb-image alignright uagb-block-07ac205b wp-block-uagb-image--layout-default wp-block-uagb-image--effect-zoomin wp-block-uagb-image--align-right\"><figure class=\"wp-block-uagb-image__figure\"><img decoding=\"async\" srcset=\"https:\/\/avantgarde-investment.ch\/wp-content\/uploads\/2021\/06\/arrow-04-free-img.png ,https:\/\/avantgarde-investment.ch\/wp-content\/uploads\/2021\/06\/arrow-04-free-img.png 780w, https:\/\/avantgarde-investment.ch\/wp-content\/uploads\/2021\/06\/arrow-04-free-img.png 360w\" sizes=\"auto, (max-width: 480px) 150px\" src=\"https:\/\/avantgarde-investment.ch\/wp-content\/uploads\/2021\/06\/arrow-04-free-img.png\" alt=\"\" class=\"uag-image-33\" width=\"90\" height=\"27\" title=\"arrow-04-free-img\" loading=\"lazy\" role=\"img\"><\/figure><\/div>\n<\/div><a class=\"spectra-container-link-overlay\" rel=\"noopener\" href=\"https:\/\/avantgarde-investment.ch\/pt-pt\/contacto\/\"> <\/a><\/div>\n<\/div><\/div>\n","protected":false},"excerpt":{"rendered":"<p>Investimentos Im\u00f3veis em Espanha Investir numa propriedade de f\u00e9rias \u00e0 beira-mar na regi\u00e3o de Val\u00eancia oferece uma s\u00e9rie de vantagens e carater\u00edsticas especiais, especialmente se estiveres a considerar o aluguer de curta dura\u00e7\u00e3o. Eis os principais pontos a ter em conta: Vantagens de uma propriedade de f\u00e9rias em Val\u00eancia: Clima atrativo: Val\u00eancia goza de um [&hellip;]<\/p>\n","protected":false},"author":5,"featured_media":0,"parent":3506,"menu_order":0,"comment_status":"closed","ping_status":"closed","template":"","meta":{"_uag_custom_page_level_css":"","site-sidebar-layout":"no-sidebar","site-content-layout":"","ast-site-content-layout":"full-width-container","site-content-style":"default","site-sidebar-style":"default","ast-global-header-display":"","ast-banner-title-visibility":"","ast-main-header-display":"","ast-hfb-above-header-display":"","ast-hfb-below-header-display":"","ast-hfb-mobile-header-display":"","site-post-title":"disabled","ast-breadcrumbs-content":"","ast-featured-img":"","footer-sml-layout":"","theme-transparent-header-meta":"enabled","adv-header-id-meta":"","stick-header-meta":"","header-above-stick-meta":"","header-main-stick-meta":"","header-below-stick-meta":"","astra-migrate-meta-layouts":"set","ast-page-background-enabled":"default","ast-page-background-meta":{"desktop":{"background-color":"","background-image":"","background-repeat":"repeat","background-position":"center center","background-size":"auto","background-attachment":"scroll","background-type":"","background-media":"","overlay-type":"","overlay-color":"","overlay-opacity":"","overlay-gradient":""},"tablet":{"background-color":"","background-image":"","background-repeat":"repeat","background-position":"center center","background-size":"auto","background-attachment":"scroll","background-type":"","background-media":"","overlay-type":"","overlay-color":"","overlay-opacity":"","overlay-gradient":""},"mobile":{"background-color":"","background-image":"","background-repeat":"repeat","background-position":"center center","background-size":"auto","background-attachment":"scroll","background-type":"","background-media":"","overlay-type":"","overlay-color":"","overlay-opacity":"","overlay-gradient":""}},"ast-content-background-meta":{"desktop":{"background-color":"var(--ast-global-color-5)","background-image":"","background-repeat":"repeat","background-position":"center center","background-size":"auto","background-attachment":"scroll","background-type":"","background-media":"","overlay-type":"","overlay-color":"","overlay-opacity":"","overlay-gradient":""},"tablet":{"background-color":"var(--ast-global-color-5)","background-image":"","background-repeat":"repeat","background-position":"center center","background-size":"auto","background-attachment":"scroll","background-type":"","background-media":"","overlay-type":"","overlay-color":"","overlay-opacity":"","overlay-gradient":""},"mobile":{"background-color":"var(--ast-global-color-5)","background-image":"","background-repeat":"repeat","background-position":"center center","background-size":"auto","background-attachment":"scroll","background-type":"","background-media":"","overlay-type":"","overlay-color":"","overlay-opacity":"","overlay-gradient":""}},"footnotes":""},"class_list":["post-3597","page","type-page","status-publish","hentry"],"uagb_featured_image_src":{"full":false,"thumbnail":false,"medium":false,"medium_large":false,"large":false,"1536x1536":false,"2048x2048":false},"uagb_author_info":{"display_name":"Bastien Emery","author_link":"https:\/\/avantgarde-investment.ch\/pt-pt\/author\/camesco\/"},"uagb_comment_info":0,"uagb_excerpt":"Investimentos Im\u00f3veis em Espanha Investir numa propriedade de f\u00e9rias \u00e0 beira-mar na regi\u00e3o de Val\u00eancia oferece uma s\u00e9rie de vantagens e carater\u00edsticas especiais, especialmente se estiveres a considerar o aluguer de curta dura\u00e7\u00e3o. Eis os principais pontos a ter em conta: Vantagens de uma propriedade de f\u00e9rias em Val\u00eancia: Clima atrativo: Val\u00eancia goza de um&hellip;","_links":{"self":[{"href":"https:\/\/avantgarde-investment.ch\/pt-pt\/wp-json\/wp\/v2\/pages\/3597","targetHints":{"allow":["GET"]}}],"collection":[{"href":"https:\/\/avantgarde-investment.ch\/pt-pt\/wp-json\/wp\/v2\/pages"}],"about":[{"href":"https:\/\/avantgarde-investment.ch\/pt-pt\/wp-json\/wp\/v2\/types\/page"}],"author":[{"embeddable":true,"href":"https:\/\/avantgarde-investment.ch\/pt-pt\/wp-json\/wp\/v2\/users\/5"}],"replies":[{"embeddable":true,"href":"https:\/\/avantgarde-investment.ch\/pt-pt\/wp-json\/wp\/v2\/comments?post=3597"}],"version-history":[{"count":4,"href":"https:\/\/avantgarde-investment.ch\/pt-pt\/wp-json\/wp\/v2\/pages\/3597\/revisions"}],"predecessor-version":[{"id":3878,"href":"https:\/\/avantgarde-investment.ch\/pt-pt\/wp-json\/wp\/v2\/pages\/3597\/revisions\/3878"}],"up":[{"embeddable":true,"href":"https:\/\/avantgarde-investment.ch\/pt-pt\/wp-json\/wp\/v2\/pages\/3506"}],"wp:attachment":[{"href":"https:\/\/avantgarde-investment.ch\/pt-pt\/wp-json\/wp\/v2\/media?parent=3597"}],"curies":[{"name":"wp","href":"https:\/\/api.w.org\/{rel}","templated":true}]}}