{"id":3594,"date":"2024-10-01T17:22:50","date_gmt":"2024-10-01T17:22:50","guid":{"rendered":"https:\/\/avantgarde-investment.ch\/consultoria-de-investimento\/mercado-primario\/"},"modified":"2025-10-10T06:46:54","modified_gmt":"2025-10-10T06:46:54","slug":"mercado-primario","status":"publish","type":"page","link":"https:\/\/avantgarde-investment.ch\/pt-pt\/servicos\/otimizacao-da-sua-poupanca\/mercado-primario\/","title":{"rendered":"Mercado prim\u00e1rio"},"content":{"rendered":"\n<div class=\"wp-block-uagb-container uagb-block-f825015c alignfull uagb-is-root-container\"><div class=\"uagb-container-inner-blocks-wrap\">\n<div class=\"wp-block-uagb-advanced-heading uagb-block-03b18b14\"><h6 class=\"uagb-heading-text\">Investimentos<\/h6><\/div>\n\n\n\n<div class=\"wp-block-uagb-advanced-heading uagb-block-8b4ab5b5\"><h1 class=\"uagb-heading-text\"><strong>Mercado prim\u00e1rio<\/strong><\/h1><\/div>\n<\/div><\/div>\n\n<div class=\"wp-block-uagb-container uag-blocks-common-selector uagb-block-e6531297 alignfull uagb-is-root-container\"><div class=\"uagb-container-inner-blocks-wrap\"><\/div><\/div>\n\n<div class=\"wp-block-uagb-container uagb-block-5718afe8 alignfull uagb-is-root-container\"><div class=\"uagb-container-inner-blocks-wrap\">\n<figure class=\"wp-block-image size-full\"><img loading=\"lazy\" decoding=\"async\" width=\"1140\" height=\"800\" src=\"https:\/\/avantgarde-investment.ch\/wp-content\/uploads\/2024\/10\/equity-big.webp\" alt=\"\" class=\"wp-image-3138\" title=\"\" srcset=\"https:\/\/avantgarde-investment.ch\/wp-content\/uploads\/2024\/10\/equity-big.webp 1140w, https:\/\/avantgarde-investment.ch\/wp-content\/uploads\/2024\/10\/equity-big-300x211.webp 300w, https:\/\/avantgarde-investment.ch\/wp-content\/uploads\/2024\/10\/equity-big-1024x719.webp 1024w, https:\/\/avantgarde-investment.ch\/wp-content\/uploads\/2024\/10\/equity-big-768x539.webp 768w\" sizes=\"auto, (max-width: 1140px) 100vw, 1140px\" \/><\/figure>\n\n\n\n<div style=\"height:30px\" aria-hidden=\"true\" class=\"wp-block-spacer\"><\/div>\n\n\n\n<div class=\"wp-block-uagb-advanced-heading uagb-block-8abdf9e7\"><h3 class=\"uagb-heading-text\"><strong>Mercados privados: capital privado, d\u00edvida privada e imobili\u00e1rio privado<\/strong><\/h3><\/div>\n\n\n\n<p>Atualmente, s\u00e3o cada vez mais os investidores que recorrem aos <strong>mercados privados<\/strong> para aumentar o seu patrim\u00f3nio de uma forma mais diversificada e est\u00e1vel.<\/p>\n\n\n\n<h6 class=\"wp-block-heading\"><strong>Apresentamos-te tr\u00eas pilares destes investimentos alternativos:<\/strong><\/h6>\n\n\n\n<h5 class=\"wp-block-heading\" style=\"margin-top:var(--wp--preset--spacing--40);margin-bottom:var(--wp--preset--spacing--40)\"><strong>Capital de risco<\/strong><\/h5>\n\n\n\n<p>O private equity \u00e9 uma forma de investimento em empresas n\u00e3o cotadas na bolsa. Os investidores de private equity compram participa\u00e7\u00f5es em empresas privadas, muitas vezes com o objetivo de as desenvolver, reestruturar ou transformar, antes de as venderem com lucro.<\/p>\n\n\n\n<div class=\"wp-block-group is-layout-constrained wp-block-group-is-layout-constrained\">\n<h6 class=\"wp-block-heading\"><strong>Beneficia:<\/strong><\/h6>\n\n\n\n<ul class=\"wp-block-list\">\n<li><strong>Rendimentos elevados<\/strong>: quando uma empresa \u00e9 bem sucedida, os ganhos potenciais podem ser muito superiores aos dos investimentos tradicionais.<\/li>\n\n\n\n<li><strong>Diversifica\u00e7\u00e3o<\/strong>: estes activos evoluem frequentemente de forma independente dos mercados bolsistas.<\/li>\n\n\n\n<li><strong>Participa\u00e7\u00e3o estrat\u00e9gica<\/strong>: por vezes, os investidores influenciam diretamente a gest\u00e3o das empresas.<\/li>\n\n\n\n<li><strong>Oportunidades raras<\/strong>: acesso a investimentos normalmente reservados a um c\u00edrculo mais restrito.<\/li>\n\n\n\n<li><strong>Alinhamento de interesses<\/strong>: os gestores investem frequentemente ao teu lado.<\/li>\n<\/ul>\n<\/div>\n\n\n\n<hr class=\"wp-block-separator has-alpha-channel-opacity is-style-wide\" style=\"margin-top:var(--wp--preset--spacing--60);margin-bottom:var(--wp--preset--spacing--60)\"\/>\n\n\n\n<h4 class=\"wp-block-heading\" style=\"margin-top:var(--wp--preset--spacing--40);margin-bottom:var(--wp--preset--spacing--40)\">\u2e30 <strong><strong>D\u00edvida privada<\/strong><\/strong><\/h4>\n\n\n\n<p>Trata-se de emprestar dinheiro diretamente \u00e0s empresas, fora do circuito banc\u00e1rio tradicional. Em troca, o investidor recebe pagamentos regulares de juros. <\/p>\n\n\n\n<div class=\"wp-block-group is-layout-constrained wp-block-group-is-layout-constrained\">\n<h6 class=\"wp-block-heading\"><strong><strong>Beneficia:<\/strong><\/strong><\/h6>\n\n\n\n<ul class=\"wp-block-list\">\n<li><strong>Rendimento est\u00e1vel<\/strong>: pagamentos regulares de juros.<\/li>\n\n\n\n<li><strong>Alternativa \u00e0s obriga\u00e7\u00f5es<\/strong>: muitas vezes com um rendimento mais elevado.<\/li>\n\n\n\n<li><strong>Menor exposi\u00e7\u00e3o ao mercado de ac\u00e7\u00f5es<\/strong>: o desempenho depende do reembolso e n\u00e3o dos mercados.<\/li>\n<\/ul>\n<\/div>\n\n\n\n<hr class=\"wp-block-separator has-alpha-channel-opacity is-style-wide\" style=\"margin-top:var(--wp--preset--spacing--60);margin-bottom:var(--wp--preset--spacing--60)\"\/>\n\n\n\n<h4 class=\"wp-block-heading\" style=\"margin-top:var(--wp--preset--spacing--40);margin-bottom:var(--wp--preset--spacing--40)\">\u2e30 <strong><strong>Propriedade privada<\/strong><\/strong><\/h4>\n\n\n\n<p>Investe em im\u00f3veis residenciais, comerciais ou log\u00edsticos, diretamente ou atrav\u00e9s de estruturas especializadas.<\/p>\n\n\n\n<div class=\"wp-block-group is-layout-constrained wp-block-group-is-layout-constrained\">\n<h6 class=\"wp-block-heading\"><strong><strong>Beneficia:<\/strong><\/strong><\/h6>\n\n\n\n<ul class=\"wp-block-list\">\n<li><strong>Activos corp\u00f3reos<\/strong>: o ativo \u00e9 real e vis\u00edvel.<\/li>\n\n\n\n<li><strong>Rendas regulares<\/strong><\/li>\n\n\n\n<li><strong>Avalia\u00e7\u00e3o a longo prazo<\/strong><\/li>\n\n\n\n<li><strong>Boa prote\u00e7\u00e3o contra a infla\u00e7\u00e3o<\/strong><\/li>\n<\/ul>\n<\/div>\n\n\n\n<h6 class=\"wp-block-heading\" style=\"margin-top:var(--wp--preset--spacing--60);margin-bottom:var(--wp--preset--spacing--60)\"><strong>Exemplos de solu\u00e7\u00f5es<\/strong>:<\/h6>\n\n\n\n<p>Uma carteira de <strong>Capital-Yield<\/strong> gerida por especialistas que combina principalmente d\u00edvida privada, hipotecas, ac\u00e7\u00f5es preferenciais que pagam dividendos, ac\u00e7\u00f5es imobili\u00e1rias e empr\u00e9stimos garantidos por activos tang\u00edveis, gerando uma distribui\u00e7\u00e3o projectada entre 8 e 10% por ano durante um per\u00edodo de 3 a 5 anos.<\/p>\n\n\n\n<p>Carteira gerida pelo <strong>Capital Growth<\/strong>, gerida por especialistas, composta principalmente por \u201cPrivate Equity Diret\u201d, \u201cPrivate Equity Secondaries\u201d que s\u00e3o participa\u00e7\u00f5es existentes em fundos de \u201cPrivate Equity\u201d, \u201cPreferred Equity\u201d e Private Real Estate para oferecer um rendimento projetado de 13 a 17% por ano durante um per\u00edodo de 5 a 7 anos, controlando simultaneamente os riscos.<\/p>\n<\/div><\/div>\n\n<div class=\"wp-block-uagb-container uagb-block-d0922a59 alignfull uagb-is-root-container\"><div class=\"uagb-container-inner-blocks-wrap\">\n<div class=\"wp-block-uagb-container uagb-block-bfbdb199 alignfull uagb-is-root-container\"><div class=\"uagb-container-inner-blocks-wrap\">\n<div class=\"wp-block-uagb-info-box uagb-block-1b33d56b uagb-infobox__content-wrap  uagb-infobox-icon-above-title uagb-infobox-image-valign-top\"><div class=\"uagb-ifb-content\"><div class=\"uagb-ifb-title-wrap\"><h6 class=\"uagb-ifb-title-prefix\">Tens alguma pergunta?<\/h6><h2 class=\"uagb-ifb-title\">Vamos falar sobre isso<\/h2><\/div><\/div><\/div>\n\n\n\n<div class=\"wp-block-uagb-image alignright uagb-block-07ac205b wp-block-uagb-image--layout-default wp-block-uagb-image--effect-zoomin wp-block-uagb-image--align-right\"><figure class=\"wp-block-uagb-image__figure\"><img decoding=\"async\" srcset=\"https:\/\/avantgarde-investment.ch\/wp-content\/uploads\/2021\/06\/arrow-04-free-img.png ,https:\/\/avantgarde-investment.ch\/wp-content\/uploads\/2021\/06\/arrow-04-free-img.png 780w, https:\/\/avantgarde-investment.ch\/wp-content\/uploads\/2021\/06\/arrow-04-free-img.png 360w\" sizes=\"auto, (max-width: 480px) 150px\" src=\"https:\/\/avantgarde-investment.ch\/wp-content\/uploads\/2021\/06\/arrow-04-free-img.png\" alt=\"\" class=\"uag-image-33\" width=\"90\" height=\"27\" title=\"arrow-04-free-img\" loading=\"lazy\" role=\"img\"><\/figure><\/div>\n<\/div><a class=\"spectra-container-link-overlay\" rel=\"noopener\" href=\"https:\/\/avantgarde-investment.ch\/pt-pt\/contacto\/\"> <\/a><\/div>\n<\/div><\/div>\n","protected":false},"excerpt":{"rendered":"<p>Investimentos Mercado prim\u00e1rio Mercados privados: capital privado, d\u00edvida privada e imobili\u00e1rio privado Atualmente, s\u00e3o cada vez mais os investidores que recorrem aos mercados privados para aumentar o seu patrim\u00f3nio de uma forma mais diversificada e est\u00e1vel. Apresentamos-te tr\u00eas pilares destes investimentos alternativos: Capital de risco O private equity \u00e9 uma forma de investimento em empresas [&hellip;]<\/p>\n","protected":false},"author":5,"featured_media":0,"parent":3506,"menu_order":0,"comment_status":"closed","ping_status":"closed","template":"","meta":{"_uag_custom_page_level_css":"","site-sidebar-layout":"no-sidebar","site-content-layout":"","ast-site-content-layout":"full-width-container","site-content-style":"default","site-sidebar-style":"default","ast-global-header-display":"","ast-banner-title-visibility":"","ast-main-header-display":"","ast-hfb-above-header-display":"","ast-hfb-below-header-display":"","ast-hfb-mobile-header-display":"","site-post-title":"disabled","ast-breadcrumbs-content":"","ast-featured-img":"","footer-sml-layout":"","theme-transparent-header-meta":"enabled","adv-header-id-meta":"","stick-header-meta":"","header-above-stick-meta":"","header-main-stick-meta":"","header-below-stick-meta":"","astra-migrate-meta-layouts":"set","ast-page-background-enabled":"default","ast-page-background-meta":{"desktop":{"background-color":"","background-image":"","background-repeat":"repeat","background-position":"center center","background-size":"auto","background-attachment":"scroll","background-type":"","background-media":"","overlay-type":"","overlay-color":"","overlay-opacity":"","overlay-gradient":""},"tablet":{"background-color":"","background-image":"","background-repeat":"repeat","background-position":"center center","background-size":"auto","background-attachment":"scroll","background-type":"","background-media":"","overlay-type":"","overlay-color":"","overlay-opacity":"","overlay-gradient":""},"mobile":{"background-color":"","background-image":"","background-repeat":"repeat","background-position":"center center","background-size":"auto","background-attachment":"scroll","background-type":"","background-media":"","overlay-type":"","overlay-color":"","overlay-opacity":"","overlay-gradient":""}},"ast-content-background-meta":{"desktop":{"background-color":"var(--ast-global-color-5)","background-image":"","background-repeat":"repeat","background-position":"center center","background-size":"auto","background-attachment":"scroll","background-type":"","background-media":"","overlay-type":"","overlay-color":"","overlay-opacity":"","overlay-gradient":""},"tablet":{"background-color":"var(--ast-global-color-5)","background-image":"","background-repeat":"repeat","background-position":"center center","background-size":"auto","background-attachment":"scroll","background-type":"","background-media":"","overlay-type":"","overlay-color":"","overlay-opacity":"","overlay-gradient":""},"mobile":{"background-color":"var(--ast-global-color-5)","background-image":"","background-repeat":"repeat","background-position":"center center","background-size":"auto","background-attachment":"scroll","background-type":"","background-media":"","overlay-type":"","overlay-color":"","overlay-opacity":"","overlay-gradient":""}},"footnotes":""},"class_list":["post-3594","page","type-page","status-publish","hentry"],"uagb_featured_image_src":{"full":false,"thumbnail":false,"medium":false,"medium_large":false,"large":false,"1536x1536":false,"2048x2048":false},"uagb_author_info":{"display_name":"Bastien Emery","author_link":"https:\/\/avantgarde-investment.ch\/pt-pt\/author\/camesco\/"},"uagb_comment_info":0,"uagb_excerpt":"Investimentos Mercado prim\u00e1rio Mercados privados: capital privado, d\u00edvida privada e imobili\u00e1rio privado Atualmente, s\u00e3o cada vez mais os investidores que recorrem aos mercados privados para aumentar o seu patrim\u00f3nio de uma forma mais diversificada e est\u00e1vel. Apresentamos-te tr\u00eas pilares destes investimentos alternativos: Capital de risco O private equity \u00e9 uma forma de investimento em empresas&hellip;","_links":{"self":[{"href":"https:\/\/avantgarde-investment.ch\/pt-pt\/wp-json\/wp\/v2\/pages\/3594","targetHints":{"allow":["GET"]}}],"collection":[{"href":"https:\/\/avantgarde-investment.ch\/pt-pt\/wp-json\/wp\/v2\/pages"}],"about":[{"href":"https:\/\/avantgarde-investment.ch\/pt-pt\/wp-json\/wp\/v2\/types\/page"}],"author":[{"embeddable":true,"href":"https:\/\/avantgarde-investment.ch\/pt-pt\/wp-json\/wp\/v2\/users\/5"}],"replies":[{"embeddable":true,"href":"https:\/\/avantgarde-investment.ch\/pt-pt\/wp-json\/wp\/v2\/comments?post=3594"}],"version-history":[{"count":9,"href":"https:\/\/avantgarde-investment.ch\/pt-pt\/wp-json\/wp\/v2\/pages\/3594\/revisions"}],"predecessor-version":[{"id":5154,"href":"https:\/\/avantgarde-investment.ch\/pt-pt\/wp-json\/wp\/v2\/pages\/3594\/revisions\/5154"}],"up":[{"embeddable":true,"href":"https:\/\/avantgarde-investment.ch\/pt-pt\/wp-json\/wp\/v2\/pages\/3506"}],"wp:attachment":[{"href":"https:\/\/avantgarde-investment.ch\/pt-pt\/wp-json\/wp\/v2\/media?parent=3594"}],"curies":[{"name":"wp","href":"https:\/\/api.w.org\/{rel}","templated":true}]}}