{"id":3591,"date":"2024-10-01T17:22:38","date_gmt":"2024-10-01T17:22:38","guid":{"rendered":"https:\/\/avantgarde-investment.ch\/consultoria-de-investimento\/imoveis-no-dubai\/"},"modified":"2025-04-16T18:03:54","modified_gmt":"2025-04-16T18:03:54","slug":"imoveis-no-dubai","status":"publish","type":"page","link":"https:\/\/avantgarde-investment.ch\/pt-pt\/servicos\/otimizacao-da-sua-poupanca\/imoveis-no-dubai\/","title":{"rendered":"Im\u00f3veis no Dubai"},"content":{"rendered":"\n<div class=\"wp-block-uagb-container uagb-block-f825015c alignfull uagb-is-root-container\"><div class=\"uagb-container-inner-blocks-wrap\">\n<div class=\"wp-block-uagb-advanced-heading uagb-block-03b18b14\"><h6 class=\"uagb-heading-text\">Investimentos<\/h6><\/div>\n\n\n\n<div class=\"wp-block-uagb-advanced-heading uagb-block-8b4ab5b5\"><h1 class=\"uagb-heading-text\"><strong>Im\u00f3veis no Dubai<\/strong><\/h1><\/div>\n<\/div><\/div>\n\n\n\n<div class=\"wp-block-uagb-container uag-blocks-common-selector uagb-block-e6531297 alignfull uagb-is-root-container\"><div class=\"uagb-container-inner-blocks-wrap\"><\/div><\/div>\n\n\n\n<div class=\"wp-block-uagb-container uagb-block-5718afe8 alignfull uagb-is-root-container\"><div class=\"uagb-container-inner-blocks-wrap\">\n<figure class=\"wp-block-image size-full\"><img loading=\"lazy\" decoding=\"async\" width=\"1140\" height=\"800\" src=\"https:\/\/avantgarde-investment.ch\/wp-content\/uploads\/2024\/10\/dubai-big.webp\" alt=\"\" class=\"wp-image-3137\" title=\"\" srcset=\"https:\/\/avantgarde-investment.ch\/wp-content\/uploads\/2024\/10\/dubai-big.webp 1140w, https:\/\/avantgarde-investment.ch\/wp-content\/uploads\/2024\/10\/dubai-big-300x211.webp 300w, https:\/\/avantgarde-investment.ch\/wp-content\/uploads\/2024\/10\/dubai-big-1024x719.webp 1024w, https:\/\/avantgarde-investment.ch\/wp-content\/uploads\/2024\/10\/dubai-big-768x539.webp 768w\" sizes=\"auto, (max-width: 1140px) 100vw, 1140px\" \/><\/figure>\n\n\n\n<div style=\"height:30px\" aria-hidden=\"true\" class=\"wp-block-spacer\"><\/div>\n\n\n\n<p>Investir num im\u00f3vel no estrangeiro pode oferecer muitas oportunidades, mas cada mercado tem as suas pr\u00f3prias particularidades e vantagens. V\u00ea aqui as especificidades e as vantagens de investir em im\u00f3veis no Dubai. <\/p>\n\n\n\n<div class=\"wp-block-uagb-advanced-heading uagb-block-29fcd1b0\"><h3 class=\"uagb-heading-text\">Carater\u00edsticas especiais do imobili\u00e1rio no Dubai<\/h3><\/div>\n\n\n\n<p><strong>Mercado din\u00e2mico:<\/strong> O mercado imobili\u00e1rio do Dubai \u00e9 conhecido pelo seu dinamismo, com in\u00fameros projectos de desenvolvimento em curso e uma arquitetura moderna e inovadora.<\/p>\n\n\n\n<p><strong>Zonas francas:<\/strong> O Dubai oferece zonas francas onde os estrangeiros podem ser propriet\u00e1rios de im\u00f3veis, oferecendo benef\u00edcios como a isen\u00e7\u00e3o de imposto sobre o rendimento e requisitos de propriedade simplificados.<\/p>\n\n\n\n<p><strong>Quadro regulamentar em evolu\u00e7\u00e3o:<\/strong> o quadro regulamentar do Dubai est\u00e1 em constante evolu\u00e7\u00e3o para atrair investidores estrangeiros, oferecendo maiores protec\u00e7\u00f5es e incentivos fiscais.<\/p>\n\n\n\n<p><strong>Expatriados:<\/strong> O Dubai \u00e9 um centro internacional com uma grande popula\u00e7\u00e3o de expatriados, criando uma procura cont\u00ednua de alojamento residencial e propriedades comerciais.<\/p>\n\n\n\n<p><strong>Turismo: <\/strong>O Dubai \u00e9 um importante destino tur\u00edstico, o que apoia a procura de im\u00f3veis para aluguer de curta dura\u00e7\u00e3o.<\/p>\n\n\n\n<div class=\"wp-block-uagb-advanced-heading uagb-block-330d10ae\"><h3 class=\"uagb-heading-text\">Vantagens de investir no Dubai<\/h3><\/div>\n\n\n\n<p><strong>Sem imposto sobre o rendimento:<\/strong> O Dubai oferece vantagens fiscais significativas, incluindo a aus\u00eancia de imposto sobre o rendimento das pessoas singulares ou colectivas em muitas zonas francas.<\/p>\n\n\n\n<p>Rendimentos de arrendamento <strong>elevados:<\/strong> Os rendimentos de arrendamento no Dubai podem ser elevados, especialmente em \u00e1reas populares entre expatriados e turistas.<\/p>\n\n\n\n<p><strong>Crescimento r\u00e1pido:<\/strong> A economia do Dubai continua a crescer rapidamente, apoiada por sectores como o turismo, o com\u00e9rcio e as finan\u00e7as, o que pode impulsionar a valoriza\u00e7\u00e3o dos im\u00f3veis.<\/p>\n\n\n\n<p><strong>Infra-estruturas de classe mundial:<\/strong> O Dubai oferece infra-estruturas modernas e de alta qualidade, que atraem tanto investidores como residentes.<\/p>\n\n\n\n<p><strong>Pol\u00edticas favor\u00e1veis ao investidor: <\/strong>o Dubai aplica pol\u00edticas favor\u00e1veis ao investidor, incluindo a propriedade gratuita de bens im\u00f3veis e incentivos ao investimento estrangeiro.<\/p>\n\n\n\n<h3 class=\"wp-block-heading\"><strong>Exemplo de rendimento esperado<\/strong>:<\/h3>\n\n\n\n<p>Compra de um est\u00fadio \u00e0 pronto pagamento ou com plano de pagamento em 3 anos CHF 200\u2019000.- : Pode-se optar por uma revenda ap\u00f3s 2 anos CHF 230\u2019000.- ou esperar o fim da constru\u00e7\u00e3o ap\u00f3s 3 anos e alug\u00e1-lo por CHF 16\u2019000.-\/ano<\/p>\n\n\n\n<p>Compra de um apartamento de 2 quartos \u00e0 pronto pagamento ou com plano de pagamento em 3 anos CHF 320\u2019000.- : Pode-se optar por uma revenda ap\u00f3s 2 anos CHF 368\u2019000.- ou esperar o fim da constru\u00e7\u00e3o ap\u00f3s 3 anos e alug\u00e1-lo por CHF 25\u2019600.-\/ano<\/p>\n<\/div><\/div>\n\n\n\n<div class=\"wp-block-uagb-container uagb-block-d0922a59 alignfull uagb-is-root-container\"><div class=\"uagb-container-inner-blocks-wrap\">\n<div class=\"wp-block-uagb-container uagb-block-bfbdb199 alignfull uagb-is-root-container\"><div class=\"uagb-container-inner-blocks-wrap\">\n<div class=\"wp-block-uagb-info-box uagb-block-1b33d56b uagb-infobox__content-wrap  uagb-infobox-icon-above-title uagb-infobox-image-valign-top\"><div class=\"uagb-ifb-content\"><div class=\"uagb-ifb-title-wrap\"><h6 class=\"uagb-ifb-title-prefix\">Tens alguma pergunta?<\/h6><h2 class=\"uagb-ifb-title\">Vamos falar sobre isso<\/h2><\/div><\/div><\/div>\n\n\n\n<div class=\"wp-block-uagb-image alignright uagb-block-07ac205b wp-block-uagb-image--layout-default wp-block-uagb-image--effect-zoomin wp-block-uagb-image--align-right\"><figure class=\"wp-block-uagb-image__figure\"><img decoding=\"async\" srcset=\"https:\/\/avantgarde-investment.ch\/wp-content\/uploads\/2021\/06\/arrow-04-free-img.png ,https:\/\/avantgarde-investment.ch\/wp-content\/uploads\/2021\/06\/arrow-04-free-img.png 780w, https:\/\/avantgarde-investment.ch\/wp-content\/uploads\/2021\/06\/arrow-04-free-img.png 360w\" sizes=\"auto, (max-width: 480px) 150px\" src=\"https:\/\/avantgarde-investment.ch\/wp-content\/uploads\/2021\/06\/arrow-04-free-img.png\" alt=\"\" class=\"uag-image-33\" width=\"90\" height=\"27\" title=\"arrow-04-free-img\" loading=\"lazy\" role=\"img\"><\/figure><\/div>\n<\/div><a class=\"spectra-container-link-overlay\" rel=\"noopener\" href=\"https:\/\/avantgarde-investment.ch\/pt-pt\/contacto\/\"> <\/a><\/div>\n<\/div><\/div>\n","protected":false},"excerpt":{"rendered":"<p>Investimentos Im\u00f3veis no Dubai Investir num im\u00f3vel no estrangeiro pode oferecer muitas oportunidades, mas cada mercado tem as suas pr\u00f3prias particularidades e vantagens. V\u00ea aqui as especificidades e as vantagens de investir em im\u00f3veis no Dubai. Carater\u00edsticas especiais do imobili\u00e1rio no Dubai Mercado din\u00e2mico: O mercado imobili\u00e1rio do Dubai \u00e9 conhecido pelo seu dinamismo, com [&hellip;]<\/p>\n","protected":false},"author":5,"featured_media":0,"parent":3506,"menu_order":0,"comment_status":"closed","ping_status":"closed","template":"","meta":{"_uag_custom_page_level_css":"","site-sidebar-layout":"no-sidebar","site-content-layout":"","ast-site-content-layout":"full-width-container","site-content-style":"default","site-sidebar-style":"default","ast-global-header-display":"","ast-banner-title-visibility":"","ast-main-header-display":"","ast-hfb-above-header-display":"","ast-hfb-below-header-display":"","ast-hfb-mobile-header-display":"","site-post-title":"disabled","ast-breadcrumbs-content":"","ast-featured-img":"","footer-sml-layout":"","theme-transparent-header-meta":"enabled","adv-header-id-meta":"","stick-header-meta":"","header-above-stick-meta":"","header-main-stick-meta":"","header-below-stick-meta":"","astra-migrate-meta-layouts":"set","ast-page-background-enabled":"default","ast-page-background-meta":{"desktop":{"background-color":"","background-image":"","background-repeat":"repeat","background-position":"center center","background-size":"auto","background-attachment":"scroll","background-type":"","background-media":"","overlay-type":"","overlay-color":"","overlay-opacity":"","overlay-gradient":""},"tablet":{"background-color":"","background-image":"","background-repeat":"repeat","background-position":"center center","background-size":"auto","background-attachment":"scroll","background-type":"","background-media":"","overlay-type":"","overlay-color":"","overlay-opacity":"","overlay-gradient":""},"mobile":{"background-color":"","background-image":"","background-repeat":"repeat","background-position":"center center","background-size":"auto","background-attachment":"scroll","background-type":"","background-media":"","overlay-type":"","overlay-color":"","overlay-opacity":"","overlay-gradient":""}},"ast-content-background-meta":{"desktop":{"background-color":"var(--ast-global-color-5)","background-image":"","background-repeat":"repeat","background-position":"center center","background-size":"auto","background-attachment":"scroll","background-type":"","background-media":"","overlay-type":"","overlay-color":"","overlay-opacity":"","overlay-gradient":""},"tablet":{"background-color":"var(--ast-global-color-5)","background-image":"","background-repeat":"repeat","background-position":"center center","background-size":"auto","background-attachment":"scroll","background-type":"","background-media":"","overlay-type":"","overlay-color":"","overlay-opacity":"","overlay-gradient":""},"mobile":{"background-color":"var(--ast-global-color-5)","background-image":"","background-repeat":"repeat","background-position":"center center","background-size":"auto","background-attachment":"scroll","background-type":"","background-media":"","overlay-type":"","overlay-color":"","overlay-opacity":"","overlay-gradient":""}},"footnotes":""},"class_list":["post-3591","page","type-page","status-publish","hentry"],"uagb_featured_image_src":{"full":false,"thumbnail":false,"medium":false,"medium_large":false,"large":false,"1536x1536":false,"2048x2048":false},"uagb_author_info":{"display_name":"Bastien Emery","author_link":"https:\/\/avantgarde-investment.ch\/pt-pt\/author\/camesco\/"},"uagb_comment_info":0,"uagb_excerpt":"Investimentos Im\u00f3veis no Dubai Investir num im\u00f3vel no estrangeiro pode oferecer muitas oportunidades, mas cada mercado tem as suas pr\u00f3prias particularidades e vantagens. V\u00ea aqui as especificidades e as vantagens de investir em im\u00f3veis no Dubai. Carater\u00edsticas especiais do imobili\u00e1rio no Dubai Mercado din\u00e2mico: O mercado imobili\u00e1rio do Dubai \u00e9 conhecido pelo seu dinamismo, com&hellip;","_links":{"self":[{"href":"https:\/\/avantgarde-investment.ch\/pt-pt\/wp-json\/wp\/v2\/pages\/3591","targetHints":{"allow":["GET"]}}],"collection":[{"href":"https:\/\/avantgarde-investment.ch\/pt-pt\/wp-json\/wp\/v2\/pages"}],"about":[{"href":"https:\/\/avantgarde-investment.ch\/pt-pt\/wp-json\/wp\/v2\/types\/page"}],"author":[{"embeddable":true,"href":"https:\/\/avantgarde-investment.ch\/pt-pt\/wp-json\/wp\/v2\/users\/5"}],"replies":[{"embeddable":true,"href":"https:\/\/avantgarde-investment.ch\/pt-pt\/wp-json\/wp\/v2\/comments?post=3591"}],"version-history":[{"count":6,"href":"https:\/\/avantgarde-investment.ch\/pt-pt\/wp-json\/wp\/v2\/pages\/3591\/revisions"}],"predecessor-version":[{"id":4258,"href":"https:\/\/avantgarde-investment.ch\/pt-pt\/wp-json\/wp\/v2\/pages\/3591\/revisions\/4258"}],"up":[{"embeddable":true,"href":"https:\/\/avantgarde-investment.ch\/pt-pt\/wp-json\/wp\/v2\/pages\/3506"}],"wp:attachment":[{"href":"https:\/\/avantgarde-investment.ch\/pt-pt\/wp-json\/wp\/v2\/media?parent=3591"}],"curies":[{"name":"wp","href":"https:\/\/api.w.org\/{rel}","templated":true}]}}