{"id":3588,"date":"2024-10-01T17:22:32","date_gmt":"2024-10-01T17:22:32","guid":{"rendered":"https:\/\/avantgarde-investment.ch\/consultoria-de-investimento\/imoveis-na-alemanha\/"},"modified":"2025-04-16T18:00:22","modified_gmt":"2025-04-16T18:00:22","slug":"imoveis-na-alemanha","status":"publish","type":"page","link":"https:\/\/avantgarde-investment.ch\/pt-pt\/servicos\/otimizacao-da-sua-poupanca\/imoveis-na-alemanha\/","title":{"rendered":"Im\u00f3veis na Alemanha"},"content":{"rendered":"\n<div class=\"wp-block-uagb-container uagb-block-f825015c alignfull uagb-is-root-container\"><div class=\"uagb-container-inner-blocks-wrap\">\n<div class=\"wp-block-uagb-advanced-heading uagb-block-03b18b14\"><h6 class=\"uagb-heading-text\">Investimentos<\/h6><\/div>\n\n\n\n<div class=\"wp-block-uagb-advanced-heading uagb-block-8b4ab5b5\"><h1 class=\"uagb-heading-text\"><strong>Im\u00f3veis na Alemanha<\/strong><\/h1><\/div>\n<\/div><\/div>\n\n\n\n<div class=\"wp-block-uagb-container uag-blocks-common-selector uagb-block-e6531297 alignfull uagb-is-root-container\"><div class=\"uagb-container-inner-blocks-wrap\"><\/div><\/div>\n\n\n\n<div class=\"wp-block-uagb-container uagb-block-5718afe8 alignfull uagb-is-root-container\"><div class=\"uagb-container-inner-blocks-wrap\">\n<figure class=\"wp-block-image size-full\"><img loading=\"lazy\" decoding=\"async\" width=\"1140\" height=\"800\" src=\"https:\/\/avantgarde-investment.ch\/wp-content\/uploads\/2024\/10\/allemagne-big.webp\" alt=\"\" class=\"wp-image-3134\" title=\"\" srcset=\"https:\/\/avantgarde-investment.ch\/wp-content\/uploads\/2024\/10\/allemagne-big.webp 1140w, https:\/\/avantgarde-investment.ch\/wp-content\/uploads\/2024\/10\/allemagne-big-300x211.webp 300w, https:\/\/avantgarde-investment.ch\/wp-content\/uploads\/2024\/10\/allemagne-big-1024x719.webp 1024w, https:\/\/avantgarde-investment.ch\/wp-content\/uploads\/2024\/10\/allemagne-big-768x539.webp 768w\" sizes=\"auto, (max-width: 1140px) 100vw, 1140px\" \/><\/figure>\n\n\n\n<div style=\"height:30px\" aria-hidden=\"true\" class=\"wp-block-spacer\"><\/div>\n\n\n\n<p>Investir em im\u00f3veis no estrangeiro pode oferecer uma variedade de oportunidades, mas tamb\u00e9m tem carater\u00edsticas e vantagens espec\u00edficas, dependendo dos mercados a que se destina. Aqui tens uma vis\u00e3o geral das carater\u00edsticas e vantagens especiais de investir em im\u00f3veis na Alemanha. <\/p>\n\n\n\n<div class=\"wp-block-uagb-advanced-heading uagb-block-676ddd78\"><h3 class=\"uagb-heading-text\">Carater\u00edsticas especiais do sector imobili\u00e1rio na Alemanha<\/h3><\/div>\n\n\n\n<p><strong>Mercado est\u00e1vel e transparente:<\/strong> A Alemanha \u00e9 conhecida pelo seu mercado imobili\u00e1rio est\u00e1vel e transparente, sustentado por uma economia forte e uma regulamenta\u00e7\u00e3o rigorosa.<\/p>\n\n\n\n<p><strong>Elevada procura de arrendamento: <\/strong>Nas grandes cidades, como Berlim, Munique, Hamburgo e Frankfurt, a procura de arrendamento \u00e9 elevada, devido ao crescimento da popula\u00e7\u00e3o e ao afluxo de trabalhadores qualificados.<\/p>\n\n\n\n<p><strong>Regulamenta\u00e7\u00e3o rigorosa:<\/strong> O mercado imobili\u00e1rio alem\u00e3o est\u00e1 bem regulamentado, com leis de prote\u00e7\u00e3o dos inquilinos, o que pode influenciar os rendimentos e as condi\u00e7\u00f5es de arrendamento.<\/p>\n\n\n\n<p><strong>Forte cultura de arrendamento: <\/strong>Uma grande parte da popula\u00e7\u00e3o prefere arrendar a comprar, criando uma procura sustentada de im\u00f3veis para arrendamento.<\/p>\n\n\n\n<p><strong>Fiscalidade:<\/strong> Os investidores estrangeiros devem estar cientes das implica\u00e7\u00f5es fiscais, incluindo o imposto sobre as mais-valias e os impostos locais sobre o patrim\u00f3nio.<\/p>\n\n\n\n<div class=\"wp-block-uagb-advanced-heading uagb-block-441cdc2d\"><h3 class=\"uagb-heading-text\">Vantagens de investir na Alemanha<\/h3><\/div>\n\n\n\n<p><strong>Seguran\u00e7a e estabilidade:<\/strong> A economia alem\u00e3 \u00e9 uma das mais fortes da Europa, proporcionando um ambiente seguro e est\u00e1vel para o investimento imobili\u00e1rio.<\/p>\n\n\n\n<p><strong>Rendimentos de aluguer est\u00e1veis:<\/strong> Devido \u00e0 forte procura de aluguer, os rendimentos de aluguer podem ser est\u00e1veis e atractivos, especialmente nas grandes cidades.<\/p>\n\n\n\n<p><strong>Valoriza\u00e7\u00e3o do capital:<\/strong> Os im\u00f3veis nas principais cidades da Alemanha t\u00eam mostrado uma tend\u00eancia para a valoriza\u00e7\u00e3o do capital a longo prazo.<\/p>\n\n\n\n<p><strong>Diversifica\u00e7\u00e3o geogr\u00e1fica:<\/strong> Investir na Alemanha permite-te diversificar a tua carteira de im\u00f3veis, acedendo a um mercado europeu est\u00e1vel.<\/p>\n\n\n\n<p><strong>Financiamento favor\u00e1vel: <\/strong>As taxas de juro dos empr\u00e9stimos hipotec\u00e1rios s\u00e3o frequentemente baixas, o que pode tornar o financiamento dos investimentos imobili\u00e1rios atrativo.<\/p>\n<\/div><\/div>\n\n\n\n<div class=\"wp-block-uagb-container uagb-block-d0922a59 alignfull uagb-is-root-container\"><div class=\"uagb-container-inner-blocks-wrap\">\n<div class=\"wp-block-uagb-container uagb-block-bfbdb199 alignfull uagb-is-root-container\"><div class=\"uagb-container-inner-blocks-wrap\">\n<div class=\"wp-block-uagb-info-box uagb-block-1b33d56b uagb-infobox__content-wrap  uagb-infobox-icon-above-title uagb-infobox-image-valign-top\"><div class=\"uagb-ifb-content\"><div class=\"uagb-ifb-title-wrap\"><h6 class=\"uagb-ifb-title-prefix\">Tens alguma pergunta?<\/h6><h2 class=\"uagb-ifb-title\">Vamos falar sobre isso<\/h2><\/div><\/div><\/div>\n\n\n\n<div class=\"wp-block-uagb-image alignright uagb-block-07ac205b wp-block-uagb-image--layout-default wp-block-uagb-image--effect-zoomin wp-block-uagb-image--align-right\"><figure class=\"wp-block-uagb-image__figure\"><img decoding=\"async\" srcset=\"https:\/\/avantgarde-investment.ch\/wp-content\/uploads\/2021\/06\/arrow-04-free-img.png ,https:\/\/avantgarde-investment.ch\/wp-content\/uploads\/2021\/06\/arrow-04-free-img.png 780w, https:\/\/avantgarde-investment.ch\/wp-content\/uploads\/2021\/06\/arrow-04-free-img.png 360w\" sizes=\"auto, (max-width: 480px) 150px\" src=\"https:\/\/avantgarde-investment.ch\/wp-content\/uploads\/2021\/06\/arrow-04-free-img.png\" alt=\"\" class=\"uag-image-33\" width=\"90\" height=\"27\" title=\"arrow-04-free-img\" loading=\"lazy\" role=\"img\"><\/figure><\/div>\n<\/div><a class=\"spectra-container-link-overlay\" rel=\"noopener\" href=\"https:\/\/avantgarde-investment.ch\/pt-pt\/contacto\/\"> <\/a><\/div>\n<\/div><\/div>\n","protected":false},"excerpt":{"rendered":"<p>Investimentos Im\u00f3veis na Alemanha Investir em im\u00f3veis no estrangeiro pode oferecer uma variedade de oportunidades, mas tamb\u00e9m tem carater\u00edsticas e vantagens espec\u00edficas, dependendo dos mercados a que se destina. Aqui tens uma vis\u00e3o geral das carater\u00edsticas e vantagens especiais de investir em im\u00f3veis na Alemanha. Carater\u00edsticas especiais do sector imobili\u00e1rio na Alemanha Mercado est\u00e1vel e [&hellip;]<\/p>\n","protected":false},"author":5,"featured_media":0,"parent":3506,"menu_order":0,"comment_status":"closed","ping_status":"closed","template":"","meta":{"_uag_custom_page_level_css":"","site-sidebar-layout":"no-sidebar","site-content-layout":"","ast-site-content-layout":"full-width-container","site-content-style":"default","site-sidebar-style":"default","ast-global-header-display":"","ast-banner-title-visibility":"","ast-main-header-display":"","ast-hfb-above-header-display":"","ast-hfb-below-header-display":"","ast-hfb-mobile-header-display":"","site-post-title":"disabled","ast-breadcrumbs-content":"","ast-featured-img":"","footer-sml-layout":"","theme-transparent-header-meta":"enabled","adv-header-id-meta":"","stick-header-meta":"","header-above-stick-meta":"","header-main-stick-meta":"","header-below-stick-meta":"","astra-migrate-meta-layouts":"set","ast-page-background-enabled":"default","ast-page-background-meta":{"desktop":{"background-color":"","background-image":"","background-repeat":"repeat","background-position":"center center","background-size":"auto","background-attachment":"scroll","background-type":"","background-media":"","overlay-type":"","overlay-color":"","overlay-opacity":"","overlay-gradient":""},"tablet":{"background-color":"","background-image":"","background-repeat":"repeat","background-position":"center center","background-size":"auto","background-attachment":"scroll","background-type":"","background-media":"","overlay-type":"","overlay-color":"","overlay-opacity":"","overlay-gradient":""},"mobile":{"background-color":"","background-image":"","background-repeat":"repeat","background-position":"center center","background-size":"auto","background-attachment":"scroll","background-type":"","background-media":"","overlay-type":"","overlay-color":"","overlay-opacity":"","overlay-gradient":""}},"ast-content-background-meta":{"desktop":{"background-color":"var(--ast-global-color-5)","background-image":"","background-repeat":"repeat","background-position":"center center","background-size":"auto","background-attachment":"scroll","background-type":"","background-media":"","overlay-type":"","overlay-color":"","overlay-opacity":"","overlay-gradient":""},"tablet":{"background-color":"var(--ast-global-color-5)","background-image":"","background-repeat":"repeat","background-position":"center center","background-size":"auto","background-attachment":"scroll","background-type":"","background-media":"","overlay-type":"","overlay-color":"","overlay-opacity":"","overlay-gradient":""},"mobile":{"background-color":"var(--ast-global-color-5)","background-image":"","background-repeat":"repeat","background-position":"center center","background-size":"auto","background-attachment":"scroll","background-type":"","background-media":"","overlay-type":"","overlay-color":"","overlay-opacity":"","overlay-gradient":""}},"footnotes":""},"class_list":["post-3588","page","type-page","status-publish","hentry"],"uagb_featured_image_src":{"full":false,"thumbnail":false,"medium":false,"medium_large":false,"large":false,"1536x1536":false,"2048x2048":false},"uagb_author_info":{"display_name":"Bastien Emery","author_link":"https:\/\/avantgarde-investment.ch\/pt-pt\/author\/camesco\/"},"uagb_comment_info":0,"uagb_excerpt":"Investimentos Im\u00f3veis na Alemanha Investir em im\u00f3veis no estrangeiro pode oferecer uma variedade de oportunidades, mas tamb\u00e9m tem carater\u00edsticas e vantagens espec\u00edficas, dependendo dos mercados a que se destina. Aqui tens uma vis\u00e3o geral das carater\u00edsticas e vantagens especiais de investir em im\u00f3veis na Alemanha. Carater\u00edsticas especiais do sector imobili\u00e1rio na Alemanha Mercado est\u00e1vel e&hellip;","_links":{"self":[{"href":"https:\/\/avantgarde-investment.ch\/pt-pt\/wp-json\/wp\/v2\/pages\/3588","targetHints":{"allow":["GET"]}}],"collection":[{"href":"https:\/\/avantgarde-investment.ch\/pt-pt\/wp-json\/wp\/v2\/pages"}],"about":[{"href":"https:\/\/avantgarde-investment.ch\/pt-pt\/wp-json\/wp\/v2\/types\/page"}],"author":[{"embeddable":true,"href":"https:\/\/avantgarde-investment.ch\/pt-pt\/wp-json\/wp\/v2\/users\/5"}],"replies":[{"embeddable":true,"href":"https:\/\/avantgarde-investment.ch\/pt-pt\/wp-json\/wp\/v2\/comments?post=3588"}],"version-history":[{"count":6,"href":"https:\/\/avantgarde-investment.ch\/pt-pt\/wp-json\/wp\/v2\/pages\/3588\/revisions"}],"predecessor-version":[{"id":4257,"href":"https:\/\/avantgarde-investment.ch\/pt-pt\/wp-json\/wp\/v2\/pages\/3588\/revisions\/4257"}],"up":[{"embeddable":true,"href":"https:\/\/avantgarde-investment.ch\/pt-pt\/wp-json\/wp\/v2\/pages\/3506"}],"wp:attachment":[{"href":"https:\/\/avantgarde-investment.ch\/pt-pt\/wp-json\/wp\/v2\/media?parent=3588"}],"curies":[{"name":"wp","href":"https:\/\/api.w.org\/{rel}","templated":true}]}}