{"id":3586,"date":"2024-10-01T17:22:10","date_gmt":"2024-10-01T17:22:10","guid":{"rendered":"https:\/\/avantgarde-investment.ch\/consultoria-de-investimento\/vinagre-balsamico\/"},"modified":"2025-04-16T17:56:18","modified_gmt":"2025-04-16T17:56:18","slug":"vinagre-balsamico","status":"publish","type":"page","link":"https:\/\/avantgarde-investment.ch\/pt-pt\/servicos\/otimizacao-da-sua-poupanca\/vinagre-balsamico\/","title":{"rendered":"Vinagre bals\u00e2mico"},"content":{"rendered":"\n<div class=\"wp-block-uagb-container uagb-block-f825015c alignfull uagb-is-root-container\"><div class=\"uagb-container-inner-blocks-wrap\">\n<div class=\"wp-block-uagb-advanced-heading uagb-block-03b18b14\"><h6 class=\"uagb-heading-text\">Investimentos<\/h6><\/div>\n\n\n\n<div class=\"wp-block-uagb-advanced-heading uagb-block-8b4ab5b5\"><h1 class=\"uagb-heading-text\"><strong>Vinagre bals\u00e2mico<\/strong><\/h1><\/div>\n<\/div><\/div>\n\n\n\n<div class=\"wp-block-uagb-container uag-blocks-common-selector uagb-block-e6531297 alignfull uagb-is-root-container\"><div class=\"uagb-container-inner-blocks-wrap\"><\/div><\/div>\n\n\n\n<div class=\"wp-block-uagb-container uagb-block-5718afe8 alignfull uagb-is-root-container\"><div class=\"uagb-container-inner-blocks-wrap\">\n<figure class=\"wp-block-image size-full\"><img loading=\"lazy\" decoding=\"async\" width=\"1140\" height=\"800\" src=\"https:\/\/avantgarde-investment.ch\/wp-content\/uploads\/2024\/10\/vinaigre-big.png\" alt=\"\" class=\"wp-image-3246\" title=\"\" srcset=\"https:\/\/avantgarde-investment.ch\/wp-content\/uploads\/2024\/10\/vinaigre-big.png 1140w, https:\/\/avantgarde-investment.ch\/wp-content\/uploads\/2024\/10\/vinaigre-big-300x211.png 300w, https:\/\/avantgarde-investment.ch\/wp-content\/uploads\/2024\/10\/vinaigre-big-1024x719.png 1024w, https:\/\/avantgarde-investment.ch\/wp-content\/uploads\/2024\/10\/vinaigre-big-768x539.png 768w\" sizes=\"auto, (max-width: 1140px) 100vw, 1140px\" \/><\/figure>\n\n\n\n<div style=\"height:30px\" aria-hidden=\"true\" class=\"wp-block-spacer\"><\/div>\n\n\n\n<p>Comprar um barril de vinagre bals\u00e2mico de ma\u00e7\u00e3 apresenta particularidades \u00fanicas e oferece v\u00e1rias vantagens. Aqui est\u00e1 uma vis\u00e3o geral das especificidades deste produto e das raz\u00f5es pelas quais ele pode ser uma poupan\u00e7a interessante.<\/p>\n\n\n\n<div class=\"wp-block-uagb-advanced-heading uagb-block-ac15194c\"><h3 class=\"uagb-heading-text\">Vantagens de adquirir um barril de Vinagre Bals\u00e2mico de Ma\u00e7\u00e3<\/h3><\/div>\n\n\n\n<p><strong>Ingrediente principal :<\/strong> Ao contr\u00e1rio do vinagre bals\u00e2mico tradicional feito de uvas, o nosso vinagre bals\u00e2mico \u00e9 produzido a partir de ma\u00e7\u00e3s. Isto confere-lhe um perfil de sabor distinto, com notas frutadas e uma acidez mais suave. <\/p>\n\n\n\n<p><strong>M\u00e9todo de Produ\u00e7\u00e3o Artesanal:<\/strong> O vinagre \u00e9 produzido atrav\u00e9s de m\u00e9todos artesanais, envolvendo frequentemente processos cuidadosos de fermenta\u00e7\u00e3o e envelhecimento para desenvolver aromas complexos e equilibrados.<\/p>\n\n\n\n<p><strong>Origem controlada:<\/strong> Tal como os melhores vinagres bals\u00e2micos, o vinagre de ma\u00e7\u00e3 \u00e9 frequentemente produzido em regi\u00f5es espec\u00edficas, utilizando ma\u00e7\u00e3s locais de elevada qualidade, garantindo um produto aut\u00eantico e de qualidade superior.<\/p>\n\n\n\n<p><strong>Utiliza\u00e7\u00e3o vers\u00e1til:<\/strong> Este vinagre pode ser utilizado de v\u00e1rias formas, desde temperar saladas e pratos gourmet at\u00e9 ser um ingrediente chave em molhos e redu\u00e7\u00f5es. O seu sabor \u00fanico a ma\u00e7\u00e3 torna-o vers\u00e1til na cozinha. <\/p>\n\n\n\n<p><strong>Embalagem de luxo:<\/strong> O vinagre bals\u00e2mico de ma\u00e7\u00e3 \u00e9 frequentemente embalado em garrafas elegantes e comercializado como um produto de luxo, o que o torna atrativo para os consumidores que procuram produtos alimentares topo de gama.<\/p>\n\n\n\n<div class=\"wp-block-uagb-advanced-heading uagb-block-8812649b\"><h3 class=\"uagb-heading-text\">Vantagens de investir no Vinagre Bals\u00e2mico de Ma\u00e7\u00e3<\/h3><\/div>\n\n\n\n<p><strong>Nicho de mercado em crescimento: <\/strong>O mercado de produtos alimentares artesanais e de nicho est\u00e1 a crescer. Os consumidores procuram cada vez mais produtos aut\u00eanticos e de alta qualidade, criando uma procura constante de produtos como o vinagre bals\u00e2mico de ma\u00e7\u00e3. <\/p>\n\n\n\n<p><strong>Pre\u00e7os de topo: <\/strong>Devido ao seu m\u00e9todo de produ\u00e7\u00e3o artesanal e \u00e0 sua qualidade superior, o vinagre bals\u00e2mico de ma\u00e7\u00e3 pode ser vendido a pre\u00e7os de topo, oferecendo boas margens de lucro aos investidores.<\/p>\n\n\n\n<p><strong>Diversifica\u00e7\u00e3o de Carteira<\/strong>: Colocar uma parte da sua poupan\u00e7a em produtos alimentares de alta qualidade, como o vinagre bals\u00e2mico de ma\u00e7\u00e3, permite diversificar uma carteira de investimentos, reduzindo assim os riscos associados aos mercados financeiros tradicionais.<\/p>\n\n\n\n<p><strong>Potencial de Marca:<\/strong> O vinagre bals\u00e2mico de ma\u00e7\u00e3 tem o potencial de se tornar uma marca reconhecida e respeitada no setor de produtos alimentares de luxo. Apostar numa marca assim pode oferecer oportunidades de crescimento a longo prazo.<\/p>\n\n\n\n<p><strong>Apoio a pr\u00e1ticas sustent\u00e1veis:<\/strong> Muitos produtores de vinagre bals\u00e2mico de ma\u00e7\u00e3 centram-se em pr\u00e1ticas agr\u00edcolas sustent\u00e1veis e org\u00e2nicas. Investir nessas empresas pode responder \u00e0s crescentes preocupa\u00e7\u00f5es dos consumidores sobre a sustentabilidade e a \u00e9tica dos produtos que compram. <\/p>\n\n\n\n<p><strong>Desenvolvimento de subprodutos:<\/strong> Para al\u00e9m do vinagre, existem oportunidades para desenvolver subprodutos como molhos, condimentos e temperos, aumentando assim as fontes de rendimento e as oportunidades de mercado.<\/p>\n\n\n\n<div class=\"wp-block-uagb-advanced-heading uagb-block-80eb96f8\"><h3 class=\"uagb-heading-text\">Conclus\u00e3o<\/h3><\/div>\n\n\n\n<p>Adquirir um barril de vinagre bals\u00e2mico de ma\u00e7\u00e3 pode oferecer v\u00e1rias vantagens econ\u00f4micas e estrat\u00e9gicas, especialmente devido \u00e0 qualidade artesanal do produto, ao seu apelo ao mercado de nicho de alimentos gourmet e ao seu potencial de crescimento como marca de luxo.<\/p>\n<\/div><\/div>\n\n\n\n<div class=\"wp-block-uagb-container uagb-block-d0922a59 alignfull uagb-is-root-container\"><div class=\"uagb-container-inner-blocks-wrap\">\n<div class=\"wp-block-uagb-container uagb-block-bfbdb199 alignfull uagb-is-root-container\"><div class=\"uagb-container-inner-blocks-wrap\">\n<div class=\"wp-block-uagb-info-box uagb-block-1b33d56b uagb-infobox__content-wrap  uagb-infobox-icon-above-title uagb-infobox-image-valign-top\"><div class=\"uagb-ifb-content\"><div class=\"uagb-ifb-title-wrap\"><h6 class=\"uagb-ifb-title-prefix\">Tens alguma pergunta?<\/h6><h2 class=\"uagb-ifb-title\">Vamos falar sobre isso<\/h2><\/div><\/div><\/div>\n\n\n\n<div class=\"wp-block-uagb-image alignright uagb-block-07ac205b wp-block-uagb-image--layout-default wp-block-uagb-image--effect-zoomin wp-block-uagb-image--align-right\"><figure class=\"wp-block-uagb-image__figure\"><img decoding=\"async\" srcset=\"https:\/\/avantgarde-investment.ch\/wp-content\/uploads\/2021\/06\/arrow-04-free-img.png ,https:\/\/avantgarde-investment.ch\/wp-content\/uploads\/2021\/06\/arrow-04-free-img.png 780w, https:\/\/avantgarde-investment.ch\/wp-content\/uploads\/2021\/06\/arrow-04-free-img.png 360w\" sizes=\"auto, (max-width: 480px) 150px\" src=\"https:\/\/avantgarde-investment.ch\/wp-content\/uploads\/2021\/06\/arrow-04-free-img.png\" alt=\"\" class=\"uag-image-33\" width=\"90\" height=\"27\" title=\"arrow-04-free-img\" loading=\"lazy\" role=\"img\"><\/figure><\/div>\n<\/div><a class=\"spectra-container-link-overlay\" rel=\"noopener\" href=\"https:\/\/avantgarde-investment.ch\/pt-pt\/contacto\/\"> <\/a><\/div>\n<\/div><\/div>\n","protected":false},"excerpt":{"rendered":"<p>Investimentos Vinagre bals\u00e2mico Comprar um barril de vinagre bals\u00e2mico de ma\u00e7\u00e3 apresenta particularidades \u00fanicas e oferece v\u00e1rias vantagens. Aqui est\u00e1 uma vis\u00e3o geral das especificidades deste produto e das raz\u00f5es pelas quais ele pode ser uma poupan\u00e7a interessante. Vantagens de adquirir um barril de Vinagre Bals\u00e2mico de Ma\u00e7\u00e3 Ingrediente principal : Ao contr\u00e1rio do vinagre [&hellip;]<\/p>\n","protected":false},"author":5,"featured_media":0,"parent":3506,"menu_order":0,"comment_status":"closed","ping_status":"closed","template":"","meta":{"_uag_custom_page_level_css":"","site-sidebar-layout":"no-sidebar","site-content-layout":"","ast-site-content-layout":"full-width-container","site-content-style":"default","site-sidebar-style":"default","ast-global-header-display":"","ast-banner-title-visibility":"","ast-main-header-display":"","ast-hfb-above-header-display":"","ast-hfb-below-header-display":"","ast-hfb-mobile-header-display":"","site-post-title":"disabled","ast-breadcrumbs-content":"","ast-featured-img":"","footer-sml-layout":"","theme-transparent-header-meta":"enabled","adv-header-id-meta":"","stick-header-meta":"","header-above-stick-meta":"","header-main-stick-meta":"","header-below-stick-meta":"","astra-migrate-meta-layouts":"set","ast-page-background-enabled":"default","ast-page-background-meta":{"desktop":{"background-color":"","background-image":"","background-repeat":"repeat","background-position":"center center","background-size":"auto","background-attachment":"scroll","background-type":"","background-media":"","overlay-type":"","overlay-color":"","overlay-opacity":"","overlay-gradient":""},"tablet":{"background-color":"","background-image":"","background-repeat":"repeat","background-position":"center center","background-size":"auto","background-attachment":"scroll","background-type":"","background-media":"","overlay-type":"","overlay-color":"","overlay-opacity":"","overlay-gradient":""},"mobile":{"background-color":"","background-image":"","background-repeat":"repeat","background-position":"center center","background-size":"auto","background-attachment":"scroll","background-type":"","background-media":"","overlay-type":"","overlay-color":"","overlay-opacity":"","overlay-gradient":""}},"ast-content-background-meta":{"desktop":{"background-color":"var(--ast-global-color-5)","background-image":"","background-repeat":"repeat","background-position":"center center","background-size":"auto","background-attachment":"scroll","background-type":"","background-media":"","overlay-type":"","overlay-color":"","overlay-opacity":"","overlay-gradient":""},"tablet":{"background-color":"var(--ast-global-color-5)","background-image":"","background-repeat":"repeat","background-position":"center center","background-size":"auto","background-attachment":"scroll","background-type":"","background-media":"","overlay-type":"","overlay-color":"","overlay-opacity":"","overlay-gradient":""},"mobile":{"background-color":"var(--ast-global-color-5)","background-image":"","background-repeat":"repeat","background-position":"center center","background-size":"auto","background-attachment":"scroll","background-type":"","background-media":"","overlay-type":"","overlay-color":"","overlay-opacity":"","overlay-gradient":""}},"footnotes":""},"class_list":["post-3586","page","type-page","status-publish","hentry"],"uagb_featured_image_src":{"full":false,"thumbnail":false,"medium":false,"medium_large":false,"large":false,"1536x1536":false,"2048x2048":false},"uagb_author_info":{"display_name":"Bastien Emery","author_link":"https:\/\/avantgarde-investment.ch\/pt-pt\/author\/camesco\/"},"uagb_comment_info":0,"uagb_excerpt":"Investimentos Vinagre bals\u00e2mico Comprar um barril de vinagre bals\u00e2mico de ma\u00e7\u00e3 apresenta particularidades \u00fanicas e oferece v\u00e1rias vantagens. Aqui est\u00e1 uma vis\u00e3o geral das especificidades deste produto e das raz\u00f5es pelas quais ele pode ser uma poupan\u00e7a interessante. Vantagens de adquirir um barril de Vinagre Bals\u00e2mico de Ma\u00e7\u00e3 Ingrediente principal : Ao contr\u00e1rio do vinagre&hellip;","_links":{"self":[{"href":"https:\/\/avantgarde-investment.ch\/pt-pt\/wp-json\/wp\/v2\/pages\/3586","targetHints":{"allow":["GET"]}}],"collection":[{"href":"https:\/\/avantgarde-investment.ch\/pt-pt\/wp-json\/wp\/v2\/pages"}],"about":[{"href":"https:\/\/avantgarde-investment.ch\/pt-pt\/wp-json\/wp\/v2\/types\/page"}],"author":[{"embeddable":true,"href":"https:\/\/avantgarde-investment.ch\/pt-pt\/wp-json\/wp\/v2\/users\/5"}],"replies":[{"embeddable":true,"href":"https:\/\/avantgarde-investment.ch\/pt-pt\/wp-json\/wp\/v2\/comments?post=3586"}],"version-history":[{"count":11,"href":"https:\/\/avantgarde-investment.ch\/pt-pt\/wp-json\/wp\/v2\/pages\/3586\/revisions"}],"predecessor-version":[{"id":4251,"href":"https:\/\/avantgarde-investment.ch\/pt-pt\/wp-json\/wp\/v2\/pages\/3586\/revisions\/4251"}],"up":[{"embeddable":true,"href":"https:\/\/avantgarde-investment.ch\/pt-pt\/wp-json\/wp\/v2\/pages\/3506"}],"wp:attachment":[{"href":"https:\/\/avantgarde-investment.ch\/pt-pt\/wp-json\/wp\/v2\/media?parent=3586"}],"curies":[{"name":"wp","href":"https:\/\/api.w.org\/{rel}","templated":true}]}}