{"id":3581,"date":"2024-10-01T17:22:01","date_gmt":"2024-10-01T17:22:01","guid":{"rendered":"https:\/\/avantgarde-investment.ch\/consultoria-de-investimento\/imobiliaria-suica\/"},"modified":"2025-02-17T12:12:43","modified_gmt":"2025-02-17T12:12:43","slug":"imobiliaria-suica","status":"publish","type":"page","link":"https:\/\/avantgarde-investment.ch\/pt-pt\/servicos\/otimizacao-da-sua-poupanca\/imobiliaria-suica\/","title":{"rendered":"Imobili\u00e1ria Su\u00ed\u00e7a"},"content":{"rendered":"\n<div class=\"wp-block-uagb-container uagb-block-f825015c alignfull uagb-is-root-container\"><div class=\"uagb-container-inner-blocks-wrap\">\n<div class=\"wp-block-uagb-advanced-heading uagb-block-03b18b14\"><h6 class=\"uagb-heading-text\">Investimentos<\/h6><\/div>\n\n\n\n<div class=\"wp-block-uagb-advanced-heading uagb-block-8b4ab5b5\"><h1 class=\"uagb-heading-text\"><strong>Imobili\u00e1ria Su\u00ed\u00e7a<\/strong><\/h1><\/div>\n<\/div><\/div>\n\n\n\n<div class=\"wp-block-uagb-container uag-blocks-common-selector uagb-block-e6531297 alignfull uagb-is-root-container\"><div class=\"uagb-container-inner-blocks-wrap\"><\/div><\/div>\n\n\n\n<div class=\"wp-block-uagb-container uagb-block-5718afe8 alignfull uagb-is-root-container\"><div class=\"uagb-container-inner-blocks-wrap\">\n<figure class=\"wp-block-image size-full\"><img loading=\"lazy\" decoding=\"async\" width=\"1140\" height=\"800\" src=\"https:\/\/avantgarde-investment.ch\/wp-content\/uploads\/2024\/10\/suisse-big.webp\" alt=\"\" class=\"wp-image-3141\" title=\"\" srcset=\"https:\/\/avantgarde-investment.ch\/wp-content\/uploads\/2024\/10\/suisse-big.webp 1140w, https:\/\/avantgarde-investment.ch\/wp-content\/uploads\/2024\/10\/suisse-big-300x211.webp 300w, https:\/\/avantgarde-investment.ch\/wp-content\/uploads\/2024\/10\/suisse-big-1024x719.webp 1024w, https:\/\/avantgarde-investment.ch\/wp-content\/uploads\/2024\/10\/suisse-big-768x539.webp 768w\" sizes=\"auto, (max-width: 1140px) 100vw, 1140px\" \/><\/figure>\n\n\n\n<div style=\"height:30px\" aria-hidden=\"true\" class=\"wp-block-spacer\"><\/div>\n\n\n\n<p>O investimento em crowdfunding imobili\u00e1rio na Su\u00ed\u00e7a tem as suas pr\u00f3prias carater\u00edsticas e vantagens. Este tipo de investimento permite aos particulares aceder ao mercado imobili\u00e1rio com montantes de investimento mais reduzidos e diversificar as suas carteiras. Apresentamos-te um resumo das carater\u00edsticas e vantagens deste tipo de investimento.  <\/p>\n\n\n\n<div class=\"wp-block-uagb-advanced-heading uagb-block-fc2f24df\"><h3 class=\"uagb-heading-text\">Carater\u00edsticas especiais do crowdfunding imobili\u00e1rio na Su\u00ed\u00e7a<\/h3><\/div>\n\n\n\n<p><strong>Acesso democratizado ao sector imobili\u00e1rio:<\/strong> o crowdfunding imobili\u00e1rio permite que um vasto leque de investidores participe no mercado imobili\u00e1rio, que anteriormente estava reservado aos investidores institucionais ou a pessoas com grandes montantes de capital.<\/p>\n\n\n\n<p><strong>Plataformas regulamentadas:<\/strong> Na Su\u00ed\u00e7a, as plataformas de crowdfunding imobili\u00e1rio est\u00e3o sujeitas a uma regulamenta\u00e7\u00e3o rigorosa, que garante um certo grau de seguran\u00e7a e transpar\u00eancia aos investidores. A FINMA (Autoridade Su\u00ed\u00e7a de Supervis\u00e3o do Mercado Financeiro) supervisiona estas actividades. <\/p>\n\n\n\n<p><strong>Diversidade de projectos:<\/strong> Os investidores podem escolher entre uma variedade de projectos imobili\u00e1rios, incluindo propriedades residenciais, propriedades comerciais ou projectos de desenvolvimento. Isto permite a diversifica\u00e7\u00e3o dentro do pr\u00f3prio investimento imobili\u00e1rio. <\/p>\n\n\n\n<p><strong>Montantes de investimento flex\u00edveis:<\/strong> as plataformas de crowdfunding permitem investir montantes relativamente pequenos em compara\u00e7\u00e3o com a compra direta de im\u00f3veis. Isto torna o investimento imobili\u00e1rio acess\u00edvel a mais pessoas. <\/p>\n\n\n\n<p><strong>Transpar\u00eancia e informa\u00e7\u00e3o: <\/strong>As plataformas fornecem geralmente informa\u00e7\u00f5es pormenorizadas sobre cada projeto, incluindo os riscos, os rendimentos esperados e os calend\u00e1rios, permitindo aos investidores tomar decis\u00f5es informadas.<\/p>\n\n\n\n<div class=\"wp-block-uagb-advanced-heading uagb-block-8eeb7bdf\"><h3 class=\"uagb-heading-text\">Vantagens de investir em crowdfunding imobili\u00e1rio na Su\u00ed\u00e7a<\/h3><\/div>\n\n\n\n<p><strong>Diversifica\u00e7\u00e3o da carteira:<\/strong> O crowdfunding imobili\u00e1rio permite aos investidores diversificar a sua carteira, acedendo a activos imobili\u00e1rios sem ter de comprar propriedades inteiras. Esta diversifica\u00e7\u00e3o pode reduzir o risco global do investimento. <\/p>\n\n\n\n<p><strong>Rendimentos potencialmente atractivos:<\/strong> O sector imobili\u00e1rio su\u00ed\u00e7o \u00e9 conhecido pela sua estabilidade e rendimentos atractivos. Ao participar em projectos de crowdfunding imobili\u00e1rio, os investidores podem beneficiar de rendimentos de aluguer regulares e da valoriza\u00e7\u00e3o do capital. <\/p>\n\n\n\n<p><strong>Acesso simplificado ao mercado imobili\u00e1rio: <\/strong>O processo de crowdfunding simplifica o acesso ao mercado imobili\u00e1rio, eliminando a complexidade de comprar, gerir e manter propriedades.<\/p>\n\n\n\n<p><strong>Investimento passivo:<\/strong> Os investidores podem beneficiar dos rendimentos imobili\u00e1rios sem terem de gerir ativamente os im\u00f3veis. As plataformas de crowdfunding encarregam-se da gest\u00e3o quotidiana dos im\u00f3veis. <\/p>\n\n\n\n<p><strong>Maior liquidez: <\/strong>Em compara\u00e7\u00e3o com a compra direta de im\u00f3veis, o crowdfunding imobili\u00e1rio pode oferecer uma maior liquidez. Algumas plataformas permitem aos investidores vender as suas ac\u00e7\u00f5es num mercado secund\u00e1rio. <\/p>\n\n\n\n<p><strong>Transpar\u00eancia e controlo:<\/strong> Os investidores t\u00eam acesso a informa\u00e7\u00f5es pormenorizadas sobre os projectos, os riscos associados e o desempenho financeiro, o que lhes permite tomar decis\u00f5es de investimento informadas e acompanhar a evolu\u00e7\u00e3o dos seus investimentos.<\/p>\n\n\n\n<p><strong>Vantagens fiscais:<\/strong> Na Su\u00ed\u00e7a, alguns investimentos imobili\u00e1rios podem oferecer vantagens fiscais, embora isso dependa das circunst\u00e2ncias espec\u00edficas de cada projeto e da estrutura de investimento.<\/p>\n\n\n\n<div class=\"wp-block-uagb-advanced-heading uagb-block-14d8adae\"><h3 class=\"uagb-heading-text\">Conclus\u00e3o<\/h3><\/div>\n\n\n\n<p>O investimento em crowdfunding imobili\u00e1rio na Su\u00ed\u00e7a oferece uma oportunidade \u00fanica de participar no mercado imobili\u00e1rio com montantes de investimento mais baixos, maior diversifica\u00e7\u00e3o e gest\u00e3o simplificada. As plataformas regulamentadas, a transpar\u00eancia e os rendimentos potencialmente atractivos tornam-no uma op\u00e7\u00e3o atraente para os investidores que procuram diversificar a sua carteira e obter acesso a investimentos imobili\u00e1rios de qualidade. No entanto, como em qualquer investimento, \u00e9 crucial compreender os riscos associados e escolher plataformas de crowdfunding respeit\u00e1veis e regulamentadas.  <\/p>\n\n\n\n<h3 class=\"wp-block-heading\"><strong>Exemplo de rendimento esperado<\/strong>:<\/h3>\n\n\n\n<p>Compra de uma participa\u00e7\u00e3o num im\u00f3vel para arrendamento por CHF 50.000: renda de 5% CHF 2.500\/ano durante 7 anos, ou seja, um total de CHF 17.500: ap\u00f3s 7 anos, revenda do im\u00f3vel com uma mais-valia de 15% CHF 57.500.<\/p>\n<\/div><\/div>\n\n\n\n<div class=\"wp-block-uagb-container uagb-block-d0922a59 alignfull uagb-is-root-container\"><div class=\"uagb-container-inner-blocks-wrap\">\n<div class=\"wp-block-uagb-container uagb-block-bfbdb199 alignfull uagb-is-root-container\"><div class=\"uagb-container-inner-blocks-wrap\">\n<div class=\"wp-block-uagb-info-box uagb-block-1b33d56b uagb-infobox__content-wrap  uagb-infobox-icon-above-title uagb-infobox-image-valign-top\"><div class=\"uagb-ifb-content\"><div class=\"uagb-ifb-title-wrap\"><h6 class=\"uagb-ifb-title-prefix\">Tens alguma pergunta?<\/h6><h2 class=\"uagb-ifb-title\">Vamos falar sobre isso<\/h2><\/div><\/div><\/div>\n\n\n\n<div class=\"wp-block-uagb-image alignright uagb-block-07ac205b wp-block-uagb-image--layout-default wp-block-uagb-image--effect-zoomin wp-block-uagb-image--align-right\"><figure class=\"wp-block-uagb-image__figure\"><img decoding=\"async\" srcset=\"https:\/\/avantgarde-investment.ch\/wp-content\/uploads\/2021\/06\/arrow-04-free-img.png ,https:\/\/avantgarde-investment.ch\/wp-content\/uploads\/2021\/06\/arrow-04-free-img.png 780w, https:\/\/avantgarde-investment.ch\/wp-content\/uploads\/2021\/06\/arrow-04-free-img.png 360w\" sizes=\"auto, (max-width: 480px) 150px\" src=\"https:\/\/avantgarde-investment.ch\/wp-content\/uploads\/2021\/06\/arrow-04-free-img.png\" alt=\"\" class=\"uag-image-33\" width=\"90\" height=\"27\" title=\"arrow-04-free-img\" loading=\"lazy\" role=\"img\"><\/figure><\/div>\n<\/div><a class=\"spectra-container-link-overlay\" rel=\"noopener\" href=\"https:\/\/avantgarde-investment.ch\/pt-pt\/contacto\/\"> <\/a><\/div>\n<\/div><\/div>\n","protected":false},"excerpt":{"rendered":"<p>Investimentos Imobili\u00e1ria Su\u00ed\u00e7a O investimento em crowdfunding imobili\u00e1rio na Su\u00ed\u00e7a tem as suas pr\u00f3prias carater\u00edsticas e vantagens. Este tipo de investimento permite aos particulares aceder ao mercado imobili\u00e1rio com montantes de investimento mais reduzidos e diversificar as suas carteiras. Apresentamos-te um resumo das carater\u00edsticas e vantagens deste tipo de investimento. Carater\u00edsticas especiais do crowdfunding imobili\u00e1rio [&hellip;]<\/p>\n","protected":false},"author":5,"featured_media":0,"parent":3506,"menu_order":0,"comment_status":"closed","ping_status":"closed","template":"","meta":{"_uag_custom_page_level_css":"","site-sidebar-layout":"no-sidebar","site-content-layout":"","ast-site-content-layout":"full-width-container","site-content-style":"default","site-sidebar-style":"default","ast-global-header-display":"","ast-banner-title-visibility":"","ast-main-header-display":"","ast-hfb-above-header-display":"","ast-hfb-below-header-display":"","ast-hfb-mobile-header-display":"","site-post-title":"disabled","ast-breadcrumbs-content":"","ast-featured-img":"","footer-sml-layout":"","theme-transparent-header-meta":"enabled","adv-header-id-meta":"","stick-header-meta":"","header-above-stick-meta":"","header-main-stick-meta":"","header-below-stick-meta":"","astra-migrate-meta-layouts":"set","ast-page-background-enabled":"default","ast-page-background-meta":{"desktop":{"background-color":"","background-image":"","background-repeat":"repeat","background-position":"center center","background-size":"auto","background-attachment":"scroll","background-type":"","background-media":"","overlay-type":"","overlay-color":"","overlay-opacity":"","overlay-gradient":""},"tablet":{"background-color":"","background-image":"","background-repeat":"repeat","background-position":"center center","background-size":"auto","background-attachment":"scroll","background-type":"","background-media":"","overlay-type":"","overlay-color":"","overlay-opacity":"","overlay-gradient":""},"mobile":{"background-color":"","background-image":"","background-repeat":"repeat","background-position":"center center","background-size":"auto","background-attachment":"scroll","background-type":"","background-media":"","overlay-type":"","overlay-color":"","overlay-opacity":"","overlay-gradient":""}},"ast-content-background-meta":{"desktop":{"background-color":"var(--ast-global-color-5)","background-image":"","background-repeat":"repeat","background-position":"center center","background-size":"auto","background-attachment":"scroll","background-type":"","background-media":"","overlay-type":"","overlay-color":"","overlay-opacity":"","overlay-gradient":""},"tablet":{"background-color":"var(--ast-global-color-5)","background-image":"","background-repeat":"repeat","background-position":"center center","background-size":"auto","background-attachment":"scroll","background-type":"","background-media":"","overlay-type":"","overlay-color":"","overlay-opacity":"","overlay-gradient":""},"mobile":{"background-color":"var(--ast-global-color-5)","background-image":"","background-repeat":"repeat","background-position":"center center","background-size":"auto","background-attachment":"scroll","background-type":"","background-media":"","overlay-type":"","overlay-color":"","overlay-opacity":"","overlay-gradient":""}},"footnotes":""},"class_list":["post-3581","page","type-page","status-publish","hentry"],"uagb_featured_image_src":{"full":false,"thumbnail":false,"medium":false,"medium_large":false,"large":false,"1536x1536":false,"2048x2048":false},"uagb_author_info":{"display_name":"Bastien Emery","author_link":"https:\/\/avantgarde-investment.ch\/pt-pt\/author\/camesco\/"},"uagb_comment_info":0,"uagb_excerpt":"Investimentos Imobili\u00e1ria Su\u00ed\u00e7a O investimento em crowdfunding imobili\u00e1rio na Su\u00ed\u00e7a tem as suas pr\u00f3prias carater\u00edsticas e vantagens. Este tipo de investimento permite aos particulares aceder ao mercado imobili\u00e1rio com montantes de investimento mais reduzidos e diversificar as suas carteiras. Apresentamos-te um resumo das carater\u00edsticas e vantagens deste tipo de investimento. Carater\u00edsticas especiais do crowdfunding imobili\u00e1rio&hellip;","_links":{"self":[{"href":"https:\/\/avantgarde-investment.ch\/pt-pt\/wp-json\/wp\/v2\/pages\/3581","targetHints":{"allow":["GET"]}}],"collection":[{"href":"https:\/\/avantgarde-investment.ch\/pt-pt\/wp-json\/wp\/v2\/pages"}],"about":[{"href":"https:\/\/avantgarde-investment.ch\/pt-pt\/wp-json\/wp\/v2\/types\/page"}],"author":[{"embeddable":true,"href":"https:\/\/avantgarde-investment.ch\/pt-pt\/wp-json\/wp\/v2\/users\/5"}],"replies":[{"embeddable":true,"href":"https:\/\/avantgarde-investment.ch\/pt-pt\/wp-json\/wp\/v2\/comments?post=3581"}],"version-history":[{"count":4,"href":"https:\/\/avantgarde-investment.ch\/pt-pt\/wp-json\/wp\/v2\/pages\/3581\/revisions"}],"predecessor-version":[{"id":3884,"href":"https:\/\/avantgarde-investment.ch\/pt-pt\/wp-json\/wp\/v2\/pages\/3581\/revisions\/3884"}],"up":[{"embeddable":true,"href":"https:\/\/avantgarde-investment.ch\/pt-pt\/wp-json\/wp\/v2\/pages\/3506"}],"wp:attachment":[{"href":"https:\/\/avantgarde-investment.ch\/pt-pt\/wp-json\/wp\/v2\/media?parent=3581"}],"curies":[{"name":"wp","href":"https:\/\/api.w.org\/{rel}","templated":true}]}}