{"id":3573,"date":"2024-10-01T17:21:57","date_gmt":"2024-10-01T17:21:57","guid":{"rendered":"https:\/\/avantgarde-investment.ch\/consultoria-de-investimento\/investir-no-sector-maritimo\/"},"modified":"2025-04-16T17:59:06","modified_gmt":"2025-04-16T17:59:06","slug":"investir-no-sector-maritimo","status":"publish","type":"page","link":"https:\/\/avantgarde-investment.ch\/pt-pt\/servicos\/otimizacao-da-sua-poupanca\/investir-no-sector-maritimo\/","title":{"rendered":"Investir no sector mar\u00edtimo"},"content":{"rendered":"\n<div class=\"wp-block-uagb-container uagb-block-f825015c alignfull uagb-is-root-container\"><div class=\"uagb-container-inner-blocks-wrap\">\n<div class=\"wp-block-uagb-advanced-heading uagb-block-03b18b14\"><h6 class=\"uagb-heading-text\">Investimentos<\/h6><\/div>\n\n\n\n<div class=\"wp-block-uagb-advanced-heading uagb-block-8b4ab5b5\"><h1 class=\"uagb-heading-text\"><strong>Investir no sector mar\u00edtimo<\/strong><\/h1><\/div>\n<\/div><\/div>\n\n\n\n<div class=\"wp-block-uagb-container uag-blocks-common-selector uagb-block-e6531297 alignfull uagb-is-root-container\"><div class=\"uagb-container-inner-blocks-wrap\"><\/div><\/div>\n\n\n\n<div class=\"wp-block-uagb-container uagb-block-5718afe8 alignfull uagb-is-root-container\"><div class=\"uagb-container-inner-blocks-wrap\">\n<figure class=\"wp-block-image size-full\"><img loading=\"lazy\" decoding=\"async\" width=\"1140\" height=\"800\" src=\"https:\/\/avantgarde-investment.ch\/wp-content\/uploads\/2024\/10\/maritime-big.webp\" alt=\"\" class=\"wp-image-3139\" title=\"\" srcset=\"https:\/\/avantgarde-investment.ch\/wp-content\/uploads\/2024\/10\/maritime-big.webp 1140w, https:\/\/avantgarde-investment.ch\/wp-content\/uploads\/2024\/10\/maritime-big-300x211.webp 300w, https:\/\/avantgarde-investment.ch\/wp-content\/uploads\/2024\/10\/maritime-big-1024x719.webp 1024w, https:\/\/avantgarde-investment.ch\/wp-content\/uploads\/2024\/10\/maritime-big-768x539.webp 768w\" sizes=\"auto, (max-width: 1140px) 100vw, 1140px\" \/><\/figure>\n\n\n\n<div style=\"height:30px\" aria-hidden=\"true\" class=\"wp-block-spacer\"><\/div>\n\n\n\n<p>Investir na constru\u00e7\u00e3o de navios ecol\u00f3gicos, ou seja, que utilizam tecnologias e combust\u00edveis amigos do ambiente, oferece vantagens \u00fanicas e apresenta algumas carater\u00edsticas especiais em resposta \u00e0 crescente procura de solu\u00e7\u00f5es sustent\u00e1veis na ind\u00fastria mar\u00edtima. Analisa aqui as carater\u00edsticas e os benef\u00edcios deste tipo de investimento. <\/p>\n\n\n\n<div class=\"wp-block-uagb-advanced-heading uagb-block-d5632f8a\"><h3 class=\"uagb-heading-text\">Carater\u00edsticas especiais da constru\u00e7\u00e3o de navios ecol\u00f3gicos<\/h3><\/div>\n\n\n\n<p><strong>Tecnologias limpas: <\/strong>As embarca\u00e7\u00f5es ecol\u00f3gicas utilizam tecnologias avan\u00e7adas para reduzir a sua pegada ecol\u00f3gica. Isto inclui motores el\u00e9ctricos ou h\u00edbridos, ou motores que funcionam com combust\u00edveis alternativos, como o g\u00e1s natural liquefeito (GNL), o biocombust\u00edvel ou o hidrog\u00e9nio. <\/p>\n\n\n\n<p><strong>Design ecol\u00f3gico:<\/strong> Estes barcos s\u00e3o concebidos para serem mais eficientes em termos energ\u00e9ticos. Isto pode incluir cascos optimizados para reduzir a resist\u00eancia \u00e0 \u00e1gua, sistemas de propuls\u00e3o eficientes e materiais de constru\u00e7\u00e3o leves e dur\u00e1veis. <\/p>\n\n\n\n<p><strong>Regulamenta\u00e7\u00e3o ambiental:<\/strong> As embarca\u00e7\u00f5es ecol\u00f3gicas s\u00e3o concebidas para cumprir uma regulamenta\u00e7\u00e3o ambiental cada vez mais rigorosa, como a da Organiza\u00e7\u00e3o Mar\u00edtima Internacional (OMI) relativa \u00e0s emiss\u00f5es de enxofre e de di\u00f3xido de carbono.<\/p>\n\n\n\n<p><strong>Sistemas de gest\u00e3o das emiss\u00f5es:<\/strong> Estes navios est\u00e3o equipados com sistemas avan\u00e7ados de gest\u00e3o das emiss\u00f5es, tais como depuradores e sistemas de gest\u00e3o da \u00e1gua de lastro, para minimizar o impacto ambiental.<\/p>\n\n\n\n<p><strong>Inova\u00e7\u00e3o e investiga\u00e7\u00e3o:<\/strong> A ind\u00fastria da constru\u00e7\u00e3o naval ecol\u00f3gica est\u00e1 fortemente centrada na inova\u00e7\u00e3o e na investiga\u00e7\u00e3o para desenvolver novas tecnologias e materiais que reduzam o impacto ambiental.<\/p>\n\n\n\n<div class=\"wp-block-uagb-advanced-heading uagb-block-e1d19aec\"><h3 class=\"uagb-heading-text\">Vantagens de investir na constru\u00e7\u00e3o de navios ecol\u00f3gicos<\/h3><\/div>\n\n\n\n<p><strong>Conformidade regulamentar:<\/strong> Ao investir em barcos ecol\u00f3gicos, as empresas garantem que permanecem em conformidade com os regulamentos ambientais internacionais, evitando potenciais multas e restri\u00e7\u00f5es operacionais.<\/p>\n\n\n\n<p><strong>Redu\u00e7\u00e3o dos custos de funcionamento: <\/strong>As tecnologias verdes podem levar a uma redu\u00e7\u00e3o dos custos de funcionamento a longo prazo atrav\u00e9s de uma maior efici\u00eancia energ\u00e9tica e da utiliza\u00e7\u00e3o de combust\u00edveis mais baratos e mais limpos.<\/p>\n\n\n\n<p><strong>Atratividade para os clientes: <\/strong>As companhias de navega\u00e7\u00e3o que utilizam navios ecol\u00f3gicos podem atrair clientes preocupados com o ambiente e destacar-se no mercado como operadores sustent\u00e1veis e respons\u00e1veis.<\/p>\n\n\n\n<p><strong>Acesso a financiamento e incentivos: <\/strong>Os governos e as institui\u00e7\u00f5es financeiras oferecem frequentemente incentivos e financiamento para projectos de constru\u00e7\u00e3o naval ecol\u00f3gica, reduzindo os custos de investimento inicial.<\/p>\n\n\n\n<p><strong>Redu\u00e7\u00e3o da pegada de carbono: <\/strong>Ao utilizar tecnologias ecol\u00f3gicas, os navios reduzem a sua pegada de carbono, ajudando a combater as altera\u00e7\u00f5es clim\u00e1ticas e melhorando a sua imagem de marca.<\/p>\n\n\n\n<p><strong>Durabilidade e longevidade: <\/strong>Os navios ecol\u00f3gicos, constru\u00eddos com materiais sustent\u00e1veis e tecnologias avan\u00e7adas, t\u00eam frequentemente uma vida \u00fatil mais longa e requerem menos manuten\u00e7\u00e3o, aumentando a sua rentabilidade a longo prazo.<\/p>\n\n\n\n<p><strong>Oportunidades de mercado:<\/strong> A procura de solu\u00e7\u00f5es de transporte mar\u00edtimo sustent\u00e1veis est\u00e1 a crescer, oferecendo oportunidades de mercado significativas para os investidores neste sector.<\/p>\n\n\n\n<p><strong>Melhoria da reputa\u00e7\u00e3o: <\/strong>As empresas que investem em tecnologias verdes podem melhorar a sua reputa\u00e7\u00e3o e a sua responsabilidade social empresarial (RSE), o que pode atrair parceiros comerciais e investidores.<\/p>\n\n\n\n<div class=\"wp-block-uagb-advanced-heading uagb-block-785d25c6\"><h3 class=\"uagb-heading-text\">Conclus\u00e3o<\/h3><\/div>\n\n\n\n<p>Investir na constru\u00e7\u00e3o de navios de transporte mar\u00edtimo movidos a energia verde oferece vantagens significativas, nomeadamente em termos de conformidade regulamentar, redu\u00e7\u00e3o de custos operacionais e diferencia\u00e7\u00e3o no mercado. As particularidades desses navios, como o uso de tecnologias limpas e designs ecol\u00f3gicos, posicionam-nos como solu\u00e7\u00f5es sustent\u00e1veis e inovadoras para os desafios ambientais atuais. Para os investidores, este setor representa uma oportunidade de aliar rentabilidade econ\u00f3mica a retornos sobre o investimento que podem atingir 40% em 2\u20133 anos, e responsabilidade ambiental, contribuindo ao mesmo tempo para um futuro mar\u00edtimo mais verde e sustent\u00e1vel.<\/p>\n<\/div><\/div>\n\n\n\n<div class=\"wp-block-uagb-container uagb-block-d0922a59 alignfull uagb-is-root-container\"><div class=\"uagb-container-inner-blocks-wrap\">\n<div class=\"wp-block-uagb-container uagb-block-bfbdb199 alignfull uagb-is-root-container\"><div class=\"uagb-container-inner-blocks-wrap\">\n<div class=\"wp-block-uagb-info-box uagb-block-1b33d56b uagb-infobox__content-wrap  uagb-infobox-icon-above-title uagb-infobox-image-valign-top\"><div class=\"uagb-ifb-content\"><div class=\"uagb-ifb-title-wrap\"><h6 class=\"uagb-ifb-title-prefix\">Tens alguma pergunta?<\/h6><h2 class=\"uagb-ifb-title\">Vamos falar sobre isso<\/h2><\/div><\/div><\/div>\n\n\n\n<div class=\"wp-block-uagb-image alignright uagb-block-07ac205b wp-block-uagb-image--layout-default wp-block-uagb-image--effect-zoomin wp-block-uagb-image--align-right\"><figure class=\"wp-block-uagb-image__figure\"><img decoding=\"async\" srcset=\"https:\/\/avantgarde-investment.ch\/wp-content\/uploads\/2021\/06\/arrow-04-free-img.png ,https:\/\/avantgarde-investment.ch\/wp-content\/uploads\/2021\/06\/arrow-04-free-img.png 780w, https:\/\/avantgarde-investment.ch\/wp-content\/uploads\/2021\/06\/arrow-04-free-img.png 360w\" sizes=\"auto, (max-width: 480px) 150px\" src=\"https:\/\/avantgarde-investment.ch\/wp-content\/uploads\/2021\/06\/arrow-04-free-img.png\" alt=\"\" class=\"uag-image-33\" width=\"90\" height=\"27\" title=\"arrow-04-free-img\" loading=\"lazy\" role=\"img\"><\/figure><\/div>\n<\/div><a class=\"spectra-container-link-overlay\" rel=\"noopener\" href=\"https:\/\/avantgarde-investment.ch\/pt-pt\/contacto\/\"> <\/a><\/div>\n<\/div><\/div>\n","protected":false},"excerpt":{"rendered":"<p>Investimentos Investir no sector mar\u00edtimo Investir na constru\u00e7\u00e3o de navios ecol\u00f3gicos, ou seja, que utilizam tecnologias e combust\u00edveis amigos do ambiente, oferece vantagens \u00fanicas e apresenta algumas carater\u00edsticas especiais em resposta \u00e0 crescente procura de solu\u00e7\u00f5es sustent\u00e1veis na ind\u00fastria mar\u00edtima. Analisa aqui as carater\u00edsticas e os benef\u00edcios deste tipo de investimento. Carater\u00edsticas especiais da constru\u00e7\u00e3o [&hellip;]<\/p>\n","protected":false},"author":5,"featured_media":0,"parent":3506,"menu_order":0,"comment_status":"closed","ping_status":"closed","template":"","meta":{"_uag_custom_page_level_css":"","site-sidebar-layout":"no-sidebar","site-content-layout":"","ast-site-content-layout":"full-width-container","site-content-style":"default","site-sidebar-style":"default","ast-global-header-display":"","ast-banner-title-visibility":"","ast-main-header-display":"","ast-hfb-above-header-display":"","ast-hfb-below-header-display":"","ast-hfb-mobile-header-display":"","site-post-title":"disabled","ast-breadcrumbs-content":"","ast-featured-img":"","footer-sml-layout":"","theme-transparent-header-meta":"enabled","adv-header-id-meta":"","stick-header-meta":"","header-above-stick-meta":"","header-main-stick-meta":"","header-below-stick-meta":"","astra-migrate-meta-layouts":"set","ast-page-background-enabled":"default","ast-page-background-meta":{"desktop":{"background-color":"","background-image":"","background-repeat":"repeat","background-position":"center center","background-size":"auto","background-attachment":"scroll","background-type":"","background-media":"","overlay-type":"","overlay-color":"","overlay-opacity":"","overlay-gradient":""},"tablet":{"background-color":"","background-image":"","background-repeat":"repeat","background-position":"center center","background-size":"auto","background-attachment":"scroll","background-type":"","background-media":"","overlay-type":"","overlay-color":"","overlay-opacity":"","overlay-gradient":""},"mobile":{"background-color":"","background-image":"","background-repeat":"repeat","background-position":"center center","background-size":"auto","background-attachment":"scroll","background-type":"","background-media":"","overlay-type":"","overlay-color":"","overlay-opacity":"","overlay-gradient":""}},"ast-content-background-meta":{"desktop":{"background-color":"var(--ast-global-color-5)","background-image":"","background-repeat":"repeat","background-position":"center center","background-size":"auto","background-attachment":"scroll","background-type":"","background-media":"","overlay-type":"","overlay-color":"","overlay-opacity":"","overlay-gradient":""},"tablet":{"background-color":"var(--ast-global-color-5)","background-image":"","background-repeat":"repeat","background-position":"center center","background-size":"auto","background-attachment":"scroll","background-type":"","background-media":"","overlay-type":"","overlay-color":"","overlay-opacity":"","overlay-gradient":""},"mobile":{"background-color":"var(--ast-global-color-5)","background-image":"","background-repeat":"repeat","background-position":"center center","background-size":"auto","background-attachment":"scroll","background-type":"","background-media":"","overlay-type":"","overlay-color":"","overlay-opacity":"","overlay-gradient":""}},"footnotes":""},"class_list":["post-3573","page","type-page","status-publish","hentry"],"uagb_featured_image_src":{"full":false,"thumbnail":false,"medium":false,"medium_large":false,"large":false,"1536x1536":false,"2048x2048":false},"uagb_author_info":{"display_name":"Bastien Emery","author_link":"https:\/\/avantgarde-investment.ch\/pt-pt\/author\/camesco\/"},"uagb_comment_info":0,"uagb_excerpt":"Investimentos Investir no sector mar\u00edtimo Investir na constru\u00e7\u00e3o de navios ecol\u00f3gicos, ou seja, que utilizam tecnologias e combust\u00edveis amigos do ambiente, oferece vantagens \u00fanicas e apresenta algumas carater\u00edsticas especiais em resposta \u00e0 crescente procura de solu\u00e7\u00f5es sustent\u00e1veis na ind\u00fastria mar\u00edtima. Analisa aqui as carater\u00edsticas e os benef\u00edcios deste tipo de investimento. Carater\u00edsticas especiais da constru\u00e7\u00e3o&hellip;","_links":{"self":[{"href":"https:\/\/avantgarde-investment.ch\/pt-pt\/wp-json\/wp\/v2\/pages\/3573","targetHints":{"allow":["GET"]}}],"collection":[{"href":"https:\/\/avantgarde-investment.ch\/pt-pt\/wp-json\/wp\/v2\/pages"}],"about":[{"href":"https:\/\/avantgarde-investment.ch\/pt-pt\/wp-json\/wp\/v2\/types\/page"}],"author":[{"embeddable":true,"href":"https:\/\/avantgarde-investment.ch\/pt-pt\/wp-json\/wp\/v2\/users\/5"}],"replies":[{"embeddable":true,"href":"https:\/\/avantgarde-investment.ch\/pt-pt\/wp-json\/wp\/v2\/comments?post=3573"}],"version-history":[{"count":6,"href":"https:\/\/avantgarde-investment.ch\/pt-pt\/wp-json\/wp\/v2\/pages\/3573\/revisions"}],"predecessor-version":[{"id":4255,"href":"https:\/\/avantgarde-investment.ch\/pt-pt\/wp-json\/wp\/v2\/pages\/3573\/revisions\/4255"}],"up":[{"embeddable":true,"href":"https:\/\/avantgarde-investment.ch\/pt-pt\/wp-json\/wp\/v2\/pages\/3506"}],"wp:attachment":[{"href":"https:\/\/avantgarde-investment.ch\/pt-pt\/wp-json\/wp\/v2\/media?parent=3573"}],"curies":[{"name":"wp","href":"https:\/\/api.w.org\/{rel}","templated":true}]}}