{"id":3571,"date":"2024-09-17T10:23:40","date_gmt":"2024-09-17T10:23:40","guid":{"rendered":"https:\/\/avantgarde-investment.ch\/opiniao\/"},"modified":"2025-06-02T20:29:05","modified_gmt":"2025-06-02T20:29:05","slug":"opiniao","status":"publish","type":"page","link":"https:\/\/avantgarde-investment.ch\/pt-pt\/opiniao\/","title":{"rendered":"Opini\u00e3o"},"content":{"rendered":"\n<div class=\"wp-block-uagb-container uagb-block-76dedb56 alignfull uagb-is-root-container\"><div class=\"uagb-container-inner-blocks-wrap\">\n<div class=\"wp-block-uagb-advanced-heading uagb-block-6e60feea\"><h1 class=\"uagb-heading-text\">O que dizem os nossos clientes<\/h1><\/div>\n<\/div><\/div>\n\n\n\n<div class=\"wp-block-uagb-container uagb-block-7567acab alignfull uagb-is-root-container\"><div class=\"uagb-container-inner-blocks-wrap\"><\/div><\/div>\n\n\n\n<div class=\"wp-block-uagb-container uagb-block-31ef9799 alignfull uagb-is-root-container\"><div class=\"uagb-container-inner-blocks-wrap\">\n<div class=\"wp-block-uagb-container uagb-block-cbaf6144\">\n<div class=\"wp-block-uagb-advanced-heading uagb-block-005deef3\"><div class=\"uagb-separator\"><\/div><\/div>\n\n\n\n<div class=\"wp-block-uagb-testimonial uagb-slick-carousel uagb-tm__arrow-outside uagb-block-3aee3ffc uagb-post__carousel_notset uagb-post__carousel_notset-tablet uagb-post__carousel_notset-mobile\"><div class=\"is-carousel uagb-tm__columns-1 uagb-tm__items\"><div class=\"uagb-testimonial__wrap  uagb-tm__imgicon-style-circle uagb-tm__image-position-bottom uagb-tm__bg-type-none \"><div class=\"uagb-tm__content\"><div class=\"uagb-tm__overlay\"><\/div><div class=\"uagb-tm__text-wrap\"><div class=\"uagb-tm__desc\"><em><br><em><em><em>Aconselhado por um amigo, dirigi-me ao Sr. Lechaire para obter conselhos financeiros sobre hipotecas e investimentos na sequ\u00eancia da minha futura partida definitiva para o estrangeiro. Como sou, por natureza, uma pessoa bastante desconfiada, fiquei encantada com a entrevista que tive com o Sr. Lechaire, que me pareceu muito competente nestes dom\u00ednios e muito sincero sobre os investimentos e os rendimentos, bem como sobre as minhas op\u00e7\u00f5es relativamente ao meu segundo pilar ap\u00f3s a minha partida da Su\u00ed\u00e7a. N\u00e3o me fez promessas, mas deu-me conselhos claros e realistas sobre os diferentes mercados e os rendimentos poss\u00edveis. Penso que a sua experi\u00eancia profissional no sector banc\u00e1rio e hipotec\u00e1rio lhe confere conhecimentos especializados e explica o seu \u00e0-vontade nestes dom\u00ednios. N\u00e3o posso deixar de recomendar vivamente o Sr. Lechaire.<\/em><\/em><\/em><\/em><\/div><div class=\"uagb-tm__meta-inner\"><div class=\"uagb-tm__image-content\"><div class=\"uagb-tm__image\"><img decoding=\"async\" class=\"uagb-tm-img-src\" src=\"https:\/\/avantgarde-investment.ch\/wp-content\/uploads\/2024\/10\/thierry-150x150.webp\" alt=\"\" width=\"60\" height=\"60\" loading=\"lazy\" title=\"\"><\/div><\/div><div class=\"uagb-testimonial-details\"><span class=\"uagb-tm__author-name\">Thierry Delacotte <\/span><span class=\"uagb-tm__company\"><\/span><\/div><\/div><\/div><\/div><\/div><\/div><\/div>\n\n\n\n<div class=\"wp-block-uagb-advanced-heading uagb-block-15810d67\"><div class=\"uagb-separator\"><\/div><\/div>\n\n\n\n<div class=\"wp-block-uagb-testimonial uagb-slick-carousel uagb-tm__arrow-outside uagb-block-4b232a3d uagb-post__carousel_notset uagb-post__carousel_notset-tablet uagb-post__carousel_notset-mobile\"><div class=\"is-carousel uagb-tm__columns-1 uagb-tm__items\"><div class=\"uagb-testimonial__wrap  uagb-tm__imgicon-style-circle uagb-tm__image-position-bottom uagb-tm__bg-type-none \"><div class=\"uagb-tm__content\"><div class=\"uagb-tm__overlay\"><\/div><div class=\"uagb-tm__text-wrap\"><div class=\"uagb-tm__desc\"><em><em>O Steve apresentou-me investimentos que eu desconhecia e que n\u00e3o me atreveria a procurar. O seu conhecimento profundo dos diferentes projectos que selecionou, bem como a sua vasta experi\u00eancia, garantiram-me a solidez das suas propostas. Gostaria de lhe agradecer a sua criatividade e ousadia. O facto de ele pr\u00f3prio ser um investidor deu mais credibilidade ao que tinha para dizer. Por fim, em conjunto, conseguimos tamb\u00e9m encontrar o melhor prestador para renovar o meu cr\u00e9dito hipotec\u00e1rio, com um aumento da d\u00edvida.<\/em><\/em><\/div><div class=\"uagb-tm__meta-inner\"><div class=\"uagb-tm__image-content\"><div class=\"uagb-tm__image\"><img decoding=\"async\" class=\"uagb-tm-img-src\" src=\"https:\/\/avantgarde-investment.ch\/wp-content\/uploads\/2024\/10\/damien-150x150.png\" alt=\"\" width=\"60\" height=\"60\" loading=\"lazy\" title=\"\"><\/div><\/div><div class=\"uagb-testimonial-details\"><span class=\"uagb-tm__author-name\"><strong>Damien<\/strong> Bayle<\/span><span class=\"uagb-tm__company\"><\/span><\/div><\/div><\/div><\/div><\/div><\/div><\/div>\n\n\n\n<div class=\"wp-block-uagb-advanced-heading uagb-block-a41806c6\"><div class=\"uagb-separator\"><\/div><\/div>\n\n\n\n<div class=\"wp-block-uagb-testimonial uagb-slick-carousel uagb-tm__arrow-outside uagb-block-60432dee uagb-post__carousel_notset uagb-post__carousel_notset-tablet uagb-post__carousel_notset-mobile\"><div class=\"is-carousel uagb-tm__columns-1 uagb-tm__items\"><div class=\"uagb-testimonial__wrap  uagb-tm__imgicon-style-circle uagb-tm__image-position-bottom uagb-tm__bg-type-none \"><div class=\"uagb-tm__content\"><div class=\"uagb-tm__overlay\"><\/div><div class=\"uagb-tm__text-wrap\"><div class=\"uagb-tm__desc\"><br><em>O Steve \u00e9 um consultor de investimentos excecional, que combina conhecimentos especializados com uma abordagem pedag\u00f3gica. Dedica tempo a explicar claramente cada op\u00e7\u00e3o de investimento, simplificando conceitos por vezes complexos para os tornar acess\u00edveis a todos. O seu dom\u00ednio da \u00e1rea e a sua experi\u00eancia s\u00e3o evidentes em cada troca de impress\u00f5es, o que inspira imediatamente confian\u00e7a. Gra\u00e7as aos seus bons conselhos, os meus investimentos est\u00e3o n\u00e3o s\u00f3 seguros, mas tamb\u00e9m optimizados para atingir os meus objectivos financeiros. Com o Steve, sei que o meu capital est\u00e1 em boas m\u00e3os e posso olhar para o futuro com confian\u00e7a.<\/em><\/div><div class=\"uagb-tm__meta-inner\"><div class=\"uagb-tm__image-content\"><div class=\"uagb-tm__image\"><img decoding=\"async\" class=\"uagb-tm-img-src\" src=\"https:\/\/avantgarde-investment.ch\/wp-content\/uploads\/2024\/10\/nicolas-150x150.png\" alt=\"\" width=\"60\" height=\"60\" loading=\"lazy\" title=\"\"><\/div><\/div><div class=\"uagb-testimonial-details\"><span class=\"uagb-tm__author-name\">Nicolas Lecocq<\/span><span class=\"uagb-tm__company\"><\/span><\/div><\/div><\/div><\/div><\/div><\/div><\/div>\n\n\n\n<div class=\"wp-block-uagb-advanced-heading uagb-block-364f1bd8\"><div class=\"uagb-separator\"><\/div><\/div>\n\n\n\n<div class=\"wp-block-uagb-testimonial uagb-slick-carousel uagb-tm__arrow-outside uagb-block-71bd9589 uagb-post__carousel_notset uagb-post__carousel_notset-tablet uagb-post__carousel_notset-mobile\"><div class=\"is-carousel uagb-tm__columns-1 uagb-tm__items\"><div class=\"uagb-testimonial__wrap  uagb-tm__imgicon-style-circle uagb-tm__image-position-bottom uagb-tm__bg-type-none \"><div class=\"uagb-tm__content\"><div class=\"uagb-tm__overlay\"><\/div><div class=\"uagb-tm__text-wrap\"><div class=\"uagb-tm__desc\"><br><em>Investir significa antecipar o futuro e explorar novas oportunidades. Gra\u00e7as \u00e0 AvantGarde Investment Solutions &amp; Consulting, tive a coragem de apostar em setores inesperados, mas promissores: \u00e1rvores, rum e u\u00edsque. Ativos tang\u00edveis e sustent\u00e1veis, cheios de autenticidade, que combinam tradi\u00e7\u00e3o e inova\u00e7\u00e3o. Porque as melhores oportunidades nem sempre s\u00e3o as mais \u00f3bvias, cada investimento torna-se uma aventura \u00fanica, impulsionada por uma vis\u00e3o voltada para o futuro.<\/em><\/div><div class=\"uagb-tm__meta-inner\"><div class=\"uagb-tm__image-content\"><div class=\"uagb-tm__image\"><img decoding=\"async\" class=\"uagb-tm-img-src\" src=\"https:\/\/avantgarde-investment.ch\/wp-content\/uploads\/2025\/05\/Cedric-Favre-150x150.jpeg\" alt=\"\" width=\"60\" height=\"60\" loading=\"lazy\" title=\"\"><\/div><\/div><div class=\"uagb-testimonial-details\"><span class=\"uagb-tm__author-name\">C\u00e9dric Favre<\/span><span class=\"uagb-tm__company\"><\/span><\/div><\/div><\/div><\/div><\/div><\/div><\/div>\n<\/div>\n<\/div><\/div>\n\n\n\n<div class=\"wp-block-uagb-container uagb-block-d0922a59 alignfull uagb-is-root-container\"><div class=\"uagb-container-inner-blocks-wrap\">\n<div class=\"wp-block-uagb-container uagb-block-bfbdb199 alignfull uagb-is-root-container\"><div class=\"uagb-container-inner-blocks-wrap\">\n<div class=\"wp-block-uagb-info-box uagb-block-1b33d56b uagb-infobox__content-wrap  uagb-infobox-icon-above-title uagb-infobox-image-valign-top\"><div class=\"uagb-ifb-content\"><div class=\"uagb-ifb-title-wrap\"><h6 class=\"uagb-ifb-title-prefix\">Tens alguma pergunta?<\/h6><h2 class=\"uagb-ifb-title\">Vamos falar sobre isso<\/h2><\/div><\/div><\/div>\n\n\n\n<div class=\"wp-block-uagb-image alignright uagb-block-07ac205b wp-block-uagb-image--layout-default wp-block-uagb-image--effect-zoomin wp-block-uagb-image--align-right\"><figure class=\"wp-block-uagb-image__figure\"><img decoding=\"async\" srcset=\"https:\/\/avantgarde-investment.ch\/wp-content\/uploads\/2021\/06\/arrow-04-free-img.png ,https:\/\/avantgarde-investment.ch\/wp-content\/uploads\/2021\/06\/arrow-04-free-img.png 780w, https:\/\/avantgarde-investment.ch\/wp-content\/uploads\/2021\/06\/arrow-04-free-img.png 360w\" sizes=\"auto, (max-width: 480px) 150px\" src=\"https:\/\/avantgarde-investment.ch\/wp-content\/uploads\/2021\/06\/arrow-04-free-img.png\" alt=\"\" class=\"uag-image-33\" width=\"90\" height=\"27\" title=\"arrow-04-free-img\" loading=\"lazy\" role=\"img\"><\/figure><\/div>\n<\/div><a class=\"spectra-container-link-overlay\" rel=\"noopener\" href=\"https:\/\/avantgarde-investment.ch\/pt-pt\/contacto\/\"> <\/a><\/div>\n<\/div><\/div>\n","protected":false},"excerpt":{"rendered":"<p>O que dizem os nossos clientes<\/p>\n","protected":false},"author":5,"featured_media":0,"parent":0,"menu_order":0,"comment_status":"closed","ping_status":"closed","template":"","meta":{"_uag_custom_page_level_css":"","site-sidebar-layout":"no-sidebar","site-content-layout":"","ast-site-content-layout":"full-width-container","site-content-style":"default","site-sidebar-style":"default","ast-global-header-display":"","ast-banner-title-visibility":"","ast-main-header-display":"","ast-hfb-above-header-display":"","ast-hfb-below-header-display":"","ast-hfb-mobile-header-display":"","site-post-title":"disabled","ast-breadcrumbs-content":"","ast-featured-img":"","footer-sml-layout":"","theme-transparent-header-meta":"enabled","adv-header-id-meta":"","stick-header-meta":"","header-above-stick-meta":"","header-main-stick-meta":"","header-below-stick-meta":"","astra-migrate-meta-layouts":"set","ast-page-background-enabled":"default","ast-page-background-meta":{"desktop":{"background-color":"","background-image":"","background-repeat":"repeat","background-position":"center center","background-size":"auto","background-attachment":"scroll","background-type":"","background-media":"","overlay-type":"","overlay-color":"","overlay-opacity":"","overlay-gradient":""},"tablet":{"background-color":"","background-image":"","background-repeat":"repeat","background-position":"center center","background-size":"auto","background-attachment":"scroll","background-type":"","background-media":"","overlay-type":"","overlay-color":"","overlay-opacity":"","overlay-gradient":""},"mobile":{"background-color":"","background-image":"","background-repeat":"repeat","background-position":"center center","background-size":"auto","background-attachment":"scroll","background-type":"","background-media":"","overlay-type":"","overlay-color":"","overlay-opacity":"","overlay-gradient":""}},"ast-content-background-meta":{"desktop":{"background-color":"var(--ast-global-color-5)","background-image":"","background-repeat":"repeat","background-position":"center center","background-size":"auto","background-attachment":"scroll","background-type":"","background-media":"","overlay-type":"","overlay-color":"","overlay-opacity":"","overlay-gradient":""},"tablet":{"background-color":"var(--ast-global-color-5)","background-image":"","background-repeat":"repeat","background-position":"center center","background-size":"auto","background-attachment":"scroll","background-type":"","background-media":"","overlay-type":"","overlay-color":"","overlay-opacity":"","overlay-gradient":""},"mobile":{"background-color":"var(--ast-global-color-5)","background-image":"","background-repeat":"repeat","background-position":"center center","background-size":"auto","background-attachment":"scroll","background-type":"","background-media":"","overlay-type":"","overlay-color":"","overlay-opacity":"","overlay-gradient":""}},"footnotes":""},"class_list":["post-3571","page","type-page","status-publish","hentry"],"uagb_featured_image_src":{"full":false,"thumbnail":false,"medium":false,"medium_large":false,"large":false,"1536x1536":false,"2048x2048":false},"uagb_author_info":{"display_name":"Bastien Emery","author_link":"https:\/\/avantgarde-investment.ch\/pt-pt\/author\/camesco\/"},"uagb_comment_info":0,"uagb_excerpt":"O que dizem os nossos clientes","_links":{"self":[{"href":"https:\/\/avantgarde-investment.ch\/pt-pt\/wp-json\/wp\/v2\/pages\/3571","targetHints":{"allow":["GET"]}}],"collection":[{"href":"https:\/\/avantgarde-investment.ch\/pt-pt\/wp-json\/wp\/v2\/pages"}],"about":[{"href":"https:\/\/avantgarde-investment.ch\/pt-pt\/wp-json\/wp\/v2\/types\/page"}],"author":[{"embeddable":true,"href":"https:\/\/avantgarde-investment.ch\/pt-pt\/wp-json\/wp\/v2\/users\/5"}],"replies":[{"embeddable":true,"href":"https:\/\/avantgarde-investment.ch\/pt-pt\/wp-json\/wp\/v2\/comments?post=3571"}],"version-history":[{"count":7,"href":"https:\/\/avantgarde-investment.ch\/pt-pt\/wp-json\/wp\/v2\/pages\/3571\/revisions"}],"predecessor-version":[{"id":4474,"href":"https:\/\/avantgarde-investment.ch\/pt-pt\/wp-json\/wp\/v2\/pages\/3571\/revisions\/4474"}],"wp:attachment":[{"href":"https:\/\/avantgarde-investment.ch\/pt-pt\/wp-json\/wp\/v2\/media?parent=3571"}],"curies":[{"name":"wp","href":"https:\/\/api.w.org\/{rel}","templated":true}]}}