{"id":3569,"date":"2024-10-01T17:21:26","date_gmt":"2024-10-01T17:21:26","guid":{"rendered":"https:\/\/avantgarde-investment.ch\/consultoria-de-investimento\/investir-em-whisky\/"},"modified":"2025-04-16T16:42:25","modified_gmt":"2025-04-16T16:42:25","slug":"investir-em-whisky","status":"publish","type":"page","link":"https:\/\/avantgarde-investment.ch\/pt-pt\/servicos\/otimizacao-da-sua-poupanca\/investir-em-whisky\/","title":{"rendered":"Investir em Whisky"},"content":{"rendered":"\n<div class=\"wp-block-uagb-container uagb-block-f825015c alignfull uagb-is-root-container\"><div class=\"uagb-container-inner-blocks-wrap\">\n<div class=\"wp-block-uagb-advanced-heading uagb-block-03b18b14\"><h6 class=\"uagb-heading-text\">Investimentos<\/h6><\/div>\n\n\n\n<div class=\"wp-block-uagb-advanced-heading uagb-block-8b4ab5b5\"><h1 class=\"uagb-heading-text\"><strong>Investir em Whisky<\/strong><\/h1><\/div>\n<\/div><\/div>\n\n\n\n<div class=\"wp-block-uagb-container uag-blocks-common-selector uagb-block-e6531297 alignfull uagb-is-root-container\"><div class=\"uagb-container-inner-blocks-wrap\"><\/div><\/div>\n\n\n\n<div class=\"wp-block-uagb-container uagb-block-5718afe8 alignfull uagb-is-root-container\"><div class=\"uagb-container-inner-blocks-wrap\">\n<figure class=\"wp-block-image size-full\"><img loading=\"lazy\" decoding=\"async\" width=\"1140\" height=\"800\" src=\"https:\/\/avantgarde-investment.ch\/wp-content\/uploads\/2024\/10\/whiskey-big.webp\" alt=\"\" class=\"wp-image-3142\" title=\"\" srcset=\"https:\/\/avantgarde-investment.ch\/wp-content\/uploads\/2024\/10\/whiskey-big.webp 1140w, https:\/\/avantgarde-investment.ch\/wp-content\/uploads\/2024\/10\/whiskey-big-300x211.webp 300w, https:\/\/avantgarde-investment.ch\/wp-content\/uploads\/2024\/10\/whiskey-big-1024x719.webp 1024w, https:\/\/avantgarde-investment.ch\/wp-content\/uploads\/2024\/10\/whiskey-big-768x539.webp 768w\" sizes=\"auto, (max-width: 1140px) 100vw, 1140px\" \/><\/figure>\n\n\n\n<div style=\"height:30px\" aria-hidden=\"true\" class=\"wp-block-spacer\"><\/div>\n\n\n\n<p>Comprar barris de u\u00edsque escoc\u00eas apresenta v\u00e1rias particularidades e vantagens atraentes, especialmente para os poupadores que buscam diversificar seu portf\u00f3lio com ativos tang\u00edveis e pouco correlacionados aos mercados financeiros tradicionais. Aqui est\u00e3o as principais raz\u00f5es pelas quais o u\u00edsque escoc\u00eas se tornou um ativo valorizado:<\/p>\n\n\n\n<h3 class=\"wp-block-heading\"><strong>Aprecia naturalmente o whisky com a idade<\/strong>:<\/h3>\n\n\n\n<p><strong>Envelhecimento<\/strong> em casco: O valor do whisky aumenta com o tempo, \u00e0 medida que envelhece em casco. Quanto mais velho for o whisky, mais complexos e ricos se tornam os seus aromas, aumentando a sua raridade e valor no mercado. <\/p>\n\n\n\n<p><strong>Rendimentos potenciais elevados<\/strong>: Historicamente, os cascos de u\u00edsque t\u00eam apresentado rendimentos m\u00e9dios anuais de 10 a 15%, ou mesmo mais para certos u\u00edsques raros ou envelhecidos.<br><\/p>\n\n\n\n<h3 class=\"wp-block-heading\"><strong>Procura crescente de whisky escoc\u00eas de qualidade superior<\/strong>:<\/h3>\n\n\n\n<p><strong>Popularidade global<\/strong>: O whisky escoc\u00eas tem uma procura crescente a n\u00edvel mundial, sobretudo em mercados como a \u00c1sia, os Estados Unidos e a Europa. Os whiskies escoceses de luxo e de cole\u00e7\u00e3o s\u00e3o particularmente procurados por conhecedores e coleccionadores. <\/p>\n\n\n\n<p><strong>Oferta limitada<\/strong>: A produ\u00e7\u00e3o de whisky escoc\u00eas \u00e9 limitada pela capacidade das destilarias e pelos barris dispon\u00edveis. Este facto cria uma escassez natural, aumentando o valor dos whiskies envelhecidos, especialmente os produzidos por destilarias de renome. <\/p>\n\n\n\n<h3 class=\"wp-block-heading\"><strong>Benef\u00edcios fiscais e tangibilidade<\/strong>:<\/h3>\n\n\n\n<p><strong>Isen\u00e7\u00e3o de impostos<\/strong>: Em alguns pa\u00edses, como o Reino Unido, os ganhos obtidos com a venda de whisky podem estar isentos do imposto sobre mais-valias, uma vez que s\u00e3o considerados bens de consumo e n\u00e3o investimentos financeiros.<\/p>\n\n\n\n<p><strong>Seguran\u00e7a de um ativo tang\u00edvel<\/strong>: Sendo um ativo tang\u00edvel, o whisky est\u00e1 menos exposto \u00e0s flutua\u00e7\u00f5es dos mercados financeiros. \u00c9 um ativo seguro, compar\u00e1vel ao ouro ou a obras de arte, que pode funcionar como uma prote\u00e7\u00e3o contra a infla\u00e7\u00e3o. <\/p>\n\n\n\n<h3 class=\"wp-block-heading\"><strong>Mercado secund\u00e1rio din\u00e2mico<\/strong>:<\/h3>\n\n\n\n<p><strong>Facilidade de revenda<\/strong>: O mercado secund\u00e1rio de u\u00edsque \u00e9 bem estabelecido, com plataformas dedicadas e casas de leil\u00e3o especializadas. Isso permite que os poupadores revendam seus barris ou garrafas de u\u00edsque para colecionadores ou entusiastas.<\/p>\n\n\n\n<p><strong>Liquidez<\/strong>: Embora os barris exijam algum tempo para atingir um valor ideal, eles oferecem uma liquidez relativamente f\u00e1cil uma vez que atingem uma idade madura, especialmente se forem provenientes de destilarias renomadas.<\/p>\n\n\n\n<h3 class=\"wp-block-heading\"><strong>Diversifica\u00e7\u00e3o da carteira<\/strong>:<\/h3>\n\n\n\n<p><strong>Resili\u00eancia econ\u00f3mica<\/strong>: O whisky escoc\u00eas tem demonstrado resili\u00eancia durante per\u00edodos de volatilidade econ\u00f3mica. Em tempos de incerteza, os activos tang\u00edveis, como o whisky, podem oferecer prote\u00e7\u00e3o contra as quedas nos mercados financeiros tradicionais. <\/p>\n\n\n\n<h3 class=\"wp-block-heading\"><strong>Possibilidade de engarrafamento pessoal<\/strong>:<\/h3>\n\n\n\n<p><strong>Experi\u00eancia \u00fanica<\/strong>: Como propriet\u00e1rio de um barril de whisky, tens a oportunidade de envelhecer o whisky de acordo com as tuas prefer\u00eancias e de o engarrafar com a idade que escolheres. Isto oferece-te n\u00e3o s\u00f3 um investimento financeiro, mas tamb\u00e9m uma experi\u00eancia pessoal enriquecedora. <\/p>\n\n\n\n<h3 class=\"wp-block-heading\">Conclui:<\/h3>\n\n\n\n<p>Comprar um barril de whisky escoc\u00eas apresenta vantagens \u00fanicas, incluindo a escassez natural, a crescente demanda mundial e a possibilidade de gerar retornos interessantes com um ativo tang\u00edvel.<\/p>\n<\/div><\/div>\n\n\n\n<div class=\"wp-block-uagb-container uagb-block-d0922a59 alignfull uagb-is-root-container\"><div class=\"uagb-container-inner-blocks-wrap\">\n<div class=\"wp-block-uagb-container uagb-block-bfbdb199 alignfull uagb-is-root-container\"><div class=\"uagb-container-inner-blocks-wrap\">\n<div class=\"wp-block-uagb-info-box uagb-block-1b33d56b uagb-infobox__content-wrap  uagb-infobox-icon-above-title uagb-infobox-image-valign-top\"><div class=\"uagb-ifb-content\"><div class=\"uagb-ifb-title-wrap\"><h6 class=\"uagb-ifb-title-prefix\">Tens alguma pergunta?<\/h6><h2 class=\"uagb-ifb-title\">Vamos falar sobre isso<\/h2><\/div><\/div><\/div>\n\n\n\n<div class=\"wp-block-uagb-image alignright uagb-block-07ac205b wp-block-uagb-image--layout-default wp-block-uagb-image--effect-zoomin wp-block-uagb-image--align-right\"><figure class=\"wp-block-uagb-image__figure\"><img decoding=\"async\" srcset=\"https:\/\/avantgarde-investment.ch\/wp-content\/uploads\/2021\/06\/arrow-04-free-img.png ,https:\/\/avantgarde-investment.ch\/wp-content\/uploads\/2021\/06\/arrow-04-free-img.png 780w, https:\/\/avantgarde-investment.ch\/wp-content\/uploads\/2021\/06\/arrow-04-free-img.png 360w\" sizes=\"auto, (max-width: 480px) 150px\" src=\"https:\/\/avantgarde-investment.ch\/wp-content\/uploads\/2021\/06\/arrow-04-free-img.png\" alt=\"\" class=\"uag-image-33\" width=\"90\" height=\"27\" title=\"arrow-04-free-img\" loading=\"lazy\" role=\"img\"><\/figure><\/div>\n<\/div><a class=\"spectra-container-link-overlay\" rel=\"noopener\" href=\"https:\/\/avantgarde-investment.ch\/pt-pt\/contacto\/\"> <\/a><\/div>\n<\/div><\/div>\n","protected":false},"excerpt":{"rendered":"<p>Investimentos Investir em Whisky Comprar barris de u\u00edsque escoc\u00eas apresenta v\u00e1rias particularidades e vantagens atraentes, especialmente para os poupadores que buscam diversificar seu portf\u00f3lio com ativos tang\u00edveis e pouco correlacionados aos mercados financeiros tradicionais. Aqui est\u00e3o as principais raz\u00f5es pelas quais o u\u00edsque escoc\u00eas se tornou um ativo valorizado: Aprecia naturalmente o whisky com a [&hellip;]<\/p>\n","protected":false},"author":5,"featured_media":0,"parent":3506,"menu_order":0,"comment_status":"closed","ping_status":"closed","template":"","meta":{"_uag_custom_page_level_css":"","site-sidebar-layout":"no-sidebar","site-content-layout":"","ast-site-content-layout":"full-width-container","site-content-style":"default","site-sidebar-style":"default","ast-global-header-display":"","ast-banner-title-visibility":"","ast-main-header-display":"","ast-hfb-above-header-display":"","ast-hfb-below-header-display":"","ast-hfb-mobile-header-display":"","site-post-title":"disabled","ast-breadcrumbs-content":"","ast-featured-img":"","footer-sml-layout":"","theme-transparent-header-meta":"enabled","adv-header-id-meta":"","stick-header-meta":"","header-above-stick-meta":"","header-main-stick-meta":"","header-below-stick-meta":"","astra-migrate-meta-layouts":"set","ast-page-background-enabled":"default","ast-page-background-meta":{"desktop":{"background-color":"","background-image":"","background-repeat":"repeat","background-position":"center center","background-size":"auto","background-attachment":"scroll","background-type":"","background-media":"","overlay-type":"","overlay-color":"","overlay-opacity":"","overlay-gradient":""},"tablet":{"background-color":"","background-image":"","background-repeat":"repeat","background-position":"center center","background-size":"auto","background-attachment":"scroll","background-type":"","background-media":"","overlay-type":"","overlay-color":"","overlay-opacity":"","overlay-gradient":""},"mobile":{"background-color":"","background-image":"","background-repeat":"repeat","background-position":"center center","background-size":"auto","background-attachment":"scroll","background-type":"","background-media":"","overlay-type":"","overlay-color":"","overlay-opacity":"","overlay-gradient":""}},"ast-content-background-meta":{"desktop":{"background-color":"var(--ast-global-color-5)","background-image":"","background-repeat":"repeat","background-position":"center center","background-size":"auto","background-attachment":"scroll","background-type":"","background-media":"","overlay-type":"","overlay-color":"","overlay-opacity":"","overlay-gradient":""},"tablet":{"background-color":"var(--ast-global-color-5)","background-image":"","background-repeat":"repeat","background-position":"center center","background-size":"auto","background-attachment":"scroll","background-type":"","background-media":"","overlay-type":"","overlay-color":"","overlay-opacity":"","overlay-gradient":""},"mobile":{"background-color":"var(--ast-global-color-5)","background-image":"","background-repeat":"repeat","background-position":"center center","background-size":"auto","background-attachment":"scroll","background-type":"","background-media":"","overlay-type":"","overlay-color":"","overlay-opacity":"","overlay-gradient":""}},"footnotes":""},"class_list":["post-3569","page","type-page","status-publish","hentry"],"uagb_featured_image_src":{"full":false,"thumbnail":false,"medium":false,"medium_large":false,"large":false,"1536x1536":false,"2048x2048":false},"uagb_author_info":{"display_name":"Bastien Emery","author_link":"https:\/\/avantgarde-investment.ch\/pt-pt\/author\/camesco\/"},"uagb_comment_info":0,"uagb_excerpt":"Investimentos Investir em Whisky Comprar barris de u\u00edsque escoc\u00eas apresenta v\u00e1rias particularidades e vantagens atraentes, especialmente para os poupadores que buscam diversificar seu portf\u00f3lio com ativos tang\u00edveis e pouco correlacionados aos mercados financeiros tradicionais. Aqui est\u00e3o as principais raz\u00f5es pelas quais o u\u00edsque escoc\u00eas se tornou um ativo valorizado: Aprecia naturalmente o whisky com a&hellip;","_links":{"self":[{"href":"https:\/\/avantgarde-investment.ch\/pt-pt\/wp-json\/wp\/v2\/pages\/3569","targetHints":{"allow":["GET"]}}],"collection":[{"href":"https:\/\/avantgarde-investment.ch\/pt-pt\/wp-json\/wp\/v2\/pages"}],"about":[{"href":"https:\/\/avantgarde-investment.ch\/pt-pt\/wp-json\/wp\/v2\/types\/page"}],"author":[{"embeddable":true,"href":"https:\/\/avantgarde-investment.ch\/pt-pt\/wp-json\/wp\/v2\/users\/5"}],"replies":[{"embeddable":true,"href":"https:\/\/avantgarde-investment.ch\/pt-pt\/wp-json\/wp\/v2\/comments?post=3569"}],"version-history":[{"count":8,"href":"https:\/\/avantgarde-investment.ch\/pt-pt\/wp-json\/wp\/v2\/pages\/3569\/revisions"}],"predecessor-version":[{"id":4237,"href":"https:\/\/avantgarde-investment.ch\/pt-pt\/wp-json\/wp\/v2\/pages\/3569\/revisions\/4237"}],"up":[{"embeddable":true,"href":"https:\/\/avantgarde-investment.ch\/pt-pt\/wp-json\/wp\/v2\/pages\/3506"}],"wp:attachment":[{"href":"https:\/\/avantgarde-investment.ch\/pt-pt\/wp-json\/wp\/v2\/media?parent=3569"}],"curies":[{"name":"wp","href":"https:\/\/api.w.org\/{rel}","templated":true}]}}