{"id":3566,"date":"2024-09-17T10:23:40","date_gmt":"2024-09-17T10:23:40","guid":{"rendered":"https:\/\/avantgarde-investment.ch\/contacto\/"},"modified":"2025-11-03T08:56:47","modified_gmt":"2025-11-03T08:56:47","slug":"contacto","status":"publish","type":"page","link":"https:\/\/avantgarde-investment.ch\/pt-pt\/contacto\/","title":{"rendered":"Contacto"},"content":{"rendered":"\n<div class=\"wp-block-uagb-container uagb-block-40c8c156 alignfull uagb-is-root-container\"><div class=\"uagb-container-inner-blocks-wrap\">\n<div class=\"wp-block-uagb-advanced-heading uagb-block-7ea9146b\"><h1 class=\"uagb-heading-text\">Contacta-me em<\/h1><\/div>\n<\/div><\/div>\n\n<div class=\"wp-block-uagb-container uagb-block-39ad5623 alignfull uagb-is-root-container\"><div class=\"uagb-container-inner-blocks-wrap\">\n<div class=\"wp-block-uagb-advanced-heading uagb-block-f8221ac5\"><h3 class=\"uagb-heading-text\">Fala-me dos teus planos e das tuas necessidades financeiras. Estou aqui para te ajudar com solu\u00e7\u00f5es adaptadas aos teus objectivos. N\u00e3o hesites em contactar-me atrav\u00e9s do formul\u00e1rio abaixo.  <\/h3><\/div>\n\n\n\n<div class=\"wp-block-uagb-container uagb-block-77e10b05\">\n<div class=\"wp-block-uagb-container uagb-block-de13081e\">\n<div class=\"wp-block-uagb-advanced-heading uagb-block-4510349f\"><h4 class=\"uagb-heading-text\">Detalhes<\/h4><\/div>\n\n\n\n<div class=\"wp-block-uagb-container uagb-block-b201408d\">\n<div class=\"wp-block-uagb-container uagb-block-2e0c2731\">      \n\t\t\t<div class=\"uagb-icon-wrapper uagb-block-f3929382      \"\n\t\t\tstyle=\"\" >\n\t\t\t\t\t\t\t\t\t<span class=\"uagb-svg-wrapper\" \n\t\t\t\t\t aria-label=\"phone\"\t\t\t\t\ttabindex=\"0\">\t\t\n\t\t\t\t\t\t\t\t\t\t<svg xmlns=\"https:\/\/www.w3.org\/2000\/svg\" viewBox= \"0 0 512 512\" role=\"graphics-symbol\" aria-hidden=\"false\" aria-label=\"\"><path d=\"M511.2 387l-23.25 100.8c-3.266 14.25-15.79 24.22-30.46 24.22C205.2 512 0 306.8 0 54.5c0-14.66 9.969-27.2 24.22-30.45l100.8-23.25C139.7-2.602 154.7 5.018 160.8 18.92l46.52 108.5c5.438 12.78 1.77 27.67-8.98 36.45L144.5 207.1c33.98 69.22 90.26 125.5 159.5 159.5l44.08-53.8c8.688-10.78 23.69-14.51 36.47-8.975l108.5 46.51C506.1 357.2 514.6 372.4 511.2 387z\"><\/path><\/svg>\n\t\t\t\t\t\t\t\t\t<\/span>\n\t\t\t\t\t\t\t<\/div>\n\t\t\t<\/div>\n\n\n\n<div class=\"wp-block-uagb-container uagb-block-e901161b\">\n<div class=\"wp-block-uagb-info-box uagb-block-c9ea2b22 uagb-infobox__content-wrap  uagb-infobox-icon-above-title uagb-infobox-image-valign-top\"><div class=\"uagb-ifb-content\"><div class=\"uagb-ifb-title-wrap\"><h6 class=\"uagb-ifb-title\">Telefone<\/h6><\/div><p class=\"uagb-ifb-desc\"><a href=\"tel:+41796076350\">+41 79 607 63 50<\/a><\/p><\/div><\/div>\n<\/div>\n<\/div>\n\n\n\n<div class=\"wp-block-uagb-container uagb-block-47e94398\">\n<div class=\"wp-block-uagb-container uagb-block-1510a9ec\">      \n\t\t\t<div class=\"uagb-icon-wrapper uagb-block-efc390d0      \"\n\t\t\tstyle=\"\" >\n\t\t\t\t\t\t\t\t\t<span class=\"uagb-svg-wrapper\" \n\t\t\t\t\t aria-label=\"location-dot\"\t\t\t\t\ttabindex=\"0\">\t\t\n\t\t\t\t\t\t\t\t\t\t<svg xmlns=\"https:\/\/www.w3.org\/2000\/svg\" viewBox= \"0 0 384 512\" role=\"graphics-symbol\" aria-hidden=\"false\" aria-label=\"\"><path d=\"M168.3 499.2C116.1 435 0 279.4 0 192C0 85.96 85.96 0 192 0C298 0 384 85.96 384 192C384 279.4 267 435 215.7 499.2C203.4 514.5 180.6 514.5 168.3 499.2H168.3zM192 256C227.3 256 256 227.3 256 192C256 156.7 227.3 128 192 128C156.7 128 128 156.7 128 192C128 227.3 156.7 256 192 256z\"><\/path><\/svg>\n\t\t\t\t\t\t\t\t\t<\/span>\n\t\t\t\t\t\t\t<\/div>\n\t\t\t<\/div>\n\n\n\n<div class=\"wp-block-uagb-container uagb-block-a9473a35\">\n<div class=\"wp-block-uagb-info-box uagb-block-4fd92390 uagb-infobox__content-wrap  uagb-infobox-icon-above-title uagb-infobox-image-valign-top\"><div class=\"uagb-ifb-content\"><div class=\"uagb-ifb-title-wrap\"><h6 class=\"uagb-ifb-title\">Endere\u00e7o<\/h6><\/div><p class=\"uagb-ifb-desc\"><br\/>Chemin des biolles 4b, 1032 Romanel-sur-Lausanne, Su\u00ed\u00e7a<\/p><\/div><\/div>\n<\/div>\n<\/div>\n\n\n\n<div class=\"wp-block-uagb-advanced-heading uagb-block-010ec6fa\"><h4 class=\"uagb-heading-text\">Vamos tirar 30 minutos para nos conhecer melhor.<\/h4><\/div>\n\n\n\n<div class=\"wp-block-uagb-container uagb-block-caad0e33\"><p><!-- static button start -->\n<link href=\"https:\/\/meetings.brevo.com\/assets\/styles\/popup.css\" rel=\"stylesheet\" \/>\n<script src=\"https:\/\/meetings.brevo.com\/assets\/libs\/popup.min.js\" type=\"text\/javascript\"><\/script><\/p>\n<style>\n  \/* ---------- wrapper qui force le centrage (placer APRES popup.css) ---------- *\/\n  .brevo-button-wrapper{\n    width: 100% !important;                \/* occupe toute la largeur disponible *\/\n    box-sizing: border-box !important;\n    display: flex !important;              \/* active flexbox *\/\n    justify-content: center !important;    \/* centre horizontalement *\/\n    align-items: center !important;        \/* centre verticalement dans le conteneur *\/\n    margin: 0 !important;                  \/* supprime marges externes ind\u00e9sirables *\/\n    padding: 0 !important;\n  }<\/p>\n<p>  \/* ---------- on neutralise tout style g\u00eanant appliqu\u00e9 au lien par Brevo ---------- *\/\n  .brevo-button-wrapper > a{\n    float: none !important;                \/* annule float \u00e9ventuel *\/\n    display: inline-block !important;      \/* garde comportement de \"bouton\" *\/\n    margin: 0 !important;                  \/* \u00e9vite marges externes *\/\n    max-width: none !important;\n    vertical-align: middle !important;\n    \/* ajustement vertical interne : on r\u00e9duit uniquement le padding top *\/\n    padding-top: 0.25rem !important;       \/* r\u00e9duit l'espace en haut *\/\n    padding-bottom: 0.5rem !important;     \/* laisse le bas tel quel *\/\n    \/* NOTE : on n'\u00e9crase pas padding-left\/right pour garder l'espacement horizontal *\/\n  }\n<\/style>\n<div class=\"brevo-button-wrapper\">\n  <!-- ton <a> EXACTEMENT tel quel (texte et inline-style conserv\u00e9s) --><br \/>\n  <a href=\"\" onclick=\"BrevoBookingPage.initStaticButton({ url: 'https:\/\/meet.brevo.com\/steve-lechaire\/borderless?l=reunion-de-30-minutes' });return false;\" style=\"cursor: pointer; font-family: Inter; font-weight: 500; background-color: #1B1B1B; color: white; padding: 0.5rem 1rem; border: 0px; box-shadow: rgba(0, 0, 0, 0.15) 0px -2px 0px inset; border-radius: 16px; text-decoration: none; display: inline-block;\">R\u00e9server maintenant<\/a>\n<\/div>\n<p><!-- static button end --><\/p>\n<\/div>\n<\/div>\n\n\n\n<div class=\"wp-block-uagb-container uagb-block-ff51efb6\"><style>\n  \/* Version par d\u00e9faut (PC) *\/\n  iframe {\n    display: block;\n    margin: 0 auto;\n    border: none;\n    width: 540px;\n    height: 1195px;\n  }<\/p>\n<p>  \/* Version mobile (\u00e9crans <= 768px) *\/\n  @media (max-width: 768px) {\n    iframe {\n      width: 100%;\n      height: 4000px;\n      overflow: hidden; \/* supprime le scroll interne *\/\n    }\n  }\n<\/style>\n<p><iframe \n  src=\"https:\/\/d1c4ded8.sibforms.com\/serve\/MUIFAKiCYX9dyqEjA-p4LzSovIAPF5gZhB46Ik-WxEijQDF-pfiawnNrsrkbmJhRmAWtRY0cYbSedYp1XhdQW0AlcG_jpCvuGk_u1HwbiaazK_Ra46Ar7p8frT3BLVFkF9bcWM5yydXjn91YoIaMDuowuTBpgZn-o9KtXV0AgLpb4cQSt-mMSBQsxzUurBCbM_snNA8hKo9c0eAU\" \n  frameborder=\"0\" \n  scrolling=\"auto\" \n  allowfullscreen><br \/>\n<\/iframe><\/p>\n<\/div>\n<\/div>\n<\/div><\/div>\n\n<div class=\"wp-block-uagb-container uagb-block-5455451d alignfull uagb-is-root-container\"><\/div>\n","protected":false},"excerpt":{"rendered":"<p>Contacta-me em Fala-me dos teus planos e das tuas necessidades financeiras. Estou aqui para te ajudar com solu\u00e7\u00f5es adaptadas aos teus objectivos. N\u00e3o hesites em contactar-me atrav\u00e9s do formul\u00e1rio abaixo. Detalhes Vamos tirar 30 minutos para nos conhecer melhor.<\/p>\n","protected":false},"author":5,"featured_media":0,"parent":0,"menu_order":0,"comment_status":"closed","ping_status":"closed","template":"","meta":{"_uag_custom_page_level_css":"","site-sidebar-layout":"no-sidebar","site-content-layout":"","ast-site-content-layout":"full-width-container","site-content-style":"default","site-sidebar-style":"default","ast-global-header-display":"","ast-banner-title-visibility":"","ast-main-header-display":"","ast-hfb-above-header-display":"","ast-hfb-below-header-display":"","ast-hfb-mobile-header-display":"","site-post-title":"disabled","ast-breadcrumbs-content":"","ast-featured-img":"","footer-sml-layout":"","theme-transparent-header-meta":"enabled","adv-header-id-meta":"","stick-header-meta":"","header-above-stick-meta":"","header-main-stick-meta":"","header-below-stick-meta":"","astra-migrate-meta-layouts":"set","ast-page-background-enabled":"default","ast-page-background-meta":{"desktop":{"background-color":"","background-image":"","background-repeat":"repeat","background-position":"center center","background-size":"auto","background-attachment":"scroll","background-type":"","background-media":"","overlay-type":"","overlay-color":"","overlay-opacity":"","overlay-gradient":""},"tablet":{"background-color":"","background-image":"","background-repeat":"repeat","background-position":"center center","background-size":"auto","background-attachment":"scroll","background-type":"","background-media":"","overlay-type":"","overlay-color":"","overlay-opacity":"","overlay-gradient":""},"mobile":{"background-color":"","background-image":"","background-repeat":"repeat","background-position":"center center","background-size":"auto","background-attachment":"scroll","background-type":"","background-media":"","overlay-type":"","overlay-color":"","overlay-opacity":"","overlay-gradient":""}},"ast-content-background-meta":{"desktop":{"background-color":"var(--ast-global-color-5)","background-image":"","background-repeat":"repeat","background-position":"center center","background-size":"auto","background-attachment":"scroll","background-type":"","background-media":"","overlay-type":"","overlay-color":"","overlay-opacity":"","overlay-gradient":""},"tablet":{"background-color":"var(--ast-global-color-5)","background-image":"","background-repeat":"repeat","background-position":"center center","background-size":"auto","background-attachment":"scroll","background-type":"","background-media":"","overlay-type":"","overlay-color":"","overlay-opacity":"","overlay-gradient":""},"mobile":{"background-color":"var(--ast-global-color-5)","background-image":"","background-repeat":"repeat","background-position":"center center","background-size":"auto","background-attachment":"scroll","background-type":"","background-media":"","overlay-type":"","overlay-color":"","overlay-opacity":"","overlay-gradient":""}},"footnotes":""},"class_list":["post-3566","page","type-page","status-publish","hentry"],"uagb_featured_image_src":{"full":false,"thumbnail":false,"medium":false,"medium_large":false,"large":false,"1536x1536":false,"2048x2048":false},"uagb_author_info":{"display_name":"Bastien Emery","author_link":"https:\/\/avantgarde-investment.ch\/pt-pt\/author\/camesco\/"},"uagb_comment_info":0,"uagb_excerpt":"Contacta-me em Fala-me dos teus planos e das tuas necessidades financeiras. Estou aqui para te ajudar com solu\u00e7\u00f5es adaptadas aos teus objectivos. N\u00e3o hesites em contactar-me atrav\u00e9s do formul\u00e1rio abaixo. Detalhes Vamos tirar 30 minutos para nos conhecer melhor.","_links":{"self":[{"href":"https:\/\/avantgarde-investment.ch\/pt-pt\/wp-json\/wp\/v2\/pages\/3566","targetHints":{"allow":["GET"]}}],"collection":[{"href":"https:\/\/avantgarde-investment.ch\/pt-pt\/wp-json\/wp\/v2\/pages"}],"about":[{"href":"https:\/\/avantgarde-investment.ch\/pt-pt\/wp-json\/wp\/v2\/types\/page"}],"author":[{"embeddable":true,"href":"https:\/\/avantgarde-investment.ch\/pt-pt\/wp-json\/wp\/v2\/users\/5"}],"replies":[{"embeddable":true,"href":"https:\/\/avantgarde-investment.ch\/pt-pt\/wp-json\/wp\/v2\/comments?post=3566"}],"version-history":[{"count":26,"href":"https:\/\/avantgarde-investment.ch\/pt-pt\/wp-json\/wp\/v2\/pages\/3566\/revisions"}],"predecessor-version":[{"id":5173,"href":"https:\/\/avantgarde-investment.ch\/pt-pt\/wp-json\/wp\/v2\/pages\/3566\/revisions\/5173"}],"wp:attachment":[{"href":"https:\/\/avantgarde-investment.ch\/pt-pt\/wp-json\/wp\/v2\/media?parent=3566"}],"curies":[{"name":"wp","href":"https:\/\/api.w.org\/{rel}","templated":true}]}}