{"id":3565,"date":"2024-10-01T17:21:19","date_gmt":"2024-10-01T17:21:19","guid":{"rendered":"https:\/\/avantgarde-investment.ch\/consultoria-de-investimento\/investir-em-rum\/"},"modified":"2025-10-10T06:44:41","modified_gmt":"2025-10-10T06:44:41","slug":"investir-em-rum","status":"publish","type":"page","link":"https:\/\/avantgarde-investment.ch\/pt-pt\/servicos\/otimizacao-da-sua-poupanca\/investir-em-rum\/","title":{"rendered":"Compra de barril(is) de Rum"},"content":{"rendered":"\n<div class=\"wp-block-uagb-container uagb-block-f825015c alignfull uagb-is-root-container\"><div class=\"uagb-container-inner-blocks-wrap\">\n<div class=\"wp-block-uagb-advanced-heading uagb-block-03b18b14\"><h6 class=\"uagb-heading-text\">Investimentos<\/h6><\/div>\n\n\n\n<div class=\"wp-block-uagb-advanced-heading uagb-block-8b4ab5b5\"><h1 class=\"uagb-heading-text\"><strong>Compra de barril(is) de Rum<\/strong><\/h1><\/div>\n<\/div><\/div>\n\n<div class=\"wp-block-uagb-container uag-blocks-common-selector uagb-block-e6531297 alignfull uagb-is-root-container\"><div class=\"uagb-container-inner-blocks-wrap\"><\/div><\/div>\n\n<div class=\"wp-block-uagb-container uagb-block-5718afe8 alignfull uagb-is-root-container\"><div class=\"uagb-container-inner-blocks-wrap\">\n<figure class=\"wp-block-image size-full\"><img loading=\"lazy\" decoding=\"async\" width=\"1140\" height=\"800\" src=\"https:\/\/avantgarde-investment.ch\/wp-content\/uploads\/2024\/10\/rhum-big.webp\" alt=\"\" class=\"wp-image-3140\" title=\"\" srcset=\"https:\/\/avantgarde-investment.ch\/wp-content\/uploads\/2024\/10\/rhum-big.webp 1140w, https:\/\/avantgarde-investment.ch\/wp-content\/uploads\/2024\/10\/rhum-big-300x211.webp 300w, https:\/\/avantgarde-investment.ch\/wp-content\/uploads\/2024\/10\/rhum-big-1024x719.webp 1024w, https:\/\/avantgarde-investment.ch\/wp-content\/uploads\/2024\/10\/rhum-big-768x539.webp 768w\" sizes=\"auto, (max-width: 1140px) 100vw, 1140px\" \/><\/figure>\n\n\n\n<div style=\"height:30px\" aria-hidden=\"true\" class=\"wp-block-spacer\"><\/div>\n\n\n\n<p>Comprar um barril de rum apresenta v\u00e1rias particularidades e vantagens interessantes, especialmente para os apreciadores de destilados de alta qualidade e para aqueles que procuram diversificar seus investimentos com ativos tang\u00edveis.<\/p>\n\n\n\n<h3 class=\"wp-block-heading\"><strong>Diversifica\u00e7\u00e3o e prote\u00e7\u00e3o de activos<\/strong>:<\/h3>\n\n\n\n<p>O rum tornou-se um ativo valorizado pela sua capacidade de manter o valor, ou at\u00e9 mesmo crescer, mesmo em per\u00edodos de incerteza econ\u00f3mica. Os barris de rum s\u00e3o vistos como ativos seguros com uma procura crescente no mercado. <\/p>\n\n\n\n<p><strong>Oferta limitada e rara<\/strong>:<\/p>\n\n\n\n<p>\u00c0 medida que os barris de rum envelhecem e se tornam mais raros ao longo dos anos, o seu valor aumenta. De facto, \u00e0 medida que o rum envelhece, desenvolve uma complexidade arom\u00e1tica \u00fanica, tornando cada barril particularmente procurado. <\/p>\n\n\n\n<h3 class=\"wp-block-heading\"><strong>Elevado rendimento potencial<\/strong>:<\/h3>\n\n\n\n<p>Ao comprar barris de rum, os investidores podem beneficiar de uma valoriza\u00e7\u00e3o exponencial do valor. A escassez dos barris restantes e a idade crescente do rum contribuem para este r\u00e1pido aumento dos pre\u00e7os. <\/p>\n\n\n\n<h3 class=\"wp-block-heading\"><strong>Um mercado em r\u00e1pido crescimento<\/strong>:<\/h3>\n\n\n\n<p>O mercado do rum premium est\u00e1 a registar uma forte procura internacional. Este facto reflecte-se no aumento dos pre\u00e7os das edi\u00e7\u00f5es limitadas, como as produzidas no Panam\u00e1, na Jamaica e em Barbados. <\/p>\n\n\n\n<h3 class=\"wp-block-heading\"><strong>Sai facilmente<\/strong>:<\/h3>\n\n\n\n<p>As estrat\u00e9gias de poupan\u00e7a em rum incluem op\u00e7\u00f5es de liquidez bem planejadas, permitindo que os investidores vendam seus barris ou garrafas no momento certo, especialmente para colecionadores ou apreciadores de destilados de alta qualidade.<\/p>\n\n\n\n<p>Comprar uma ou v\u00e1rias barricas de rum oferece assim uma oportunidade de diversifica\u00e7\u00e3o com um ativo tang\u00edvel e raro, ao mesmo tempo que se beneficia do aumento da popularidade deste mercado.<\/p>\n<\/div><\/div>\n\n<div class=\"wp-block-uagb-container uagb-block-d0922a59 alignfull uagb-is-root-container\"><div class=\"uagb-container-inner-blocks-wrap\">\n<div class=\"wp-block-uagb-container uagb-block-bfbdb199 alignfull uagb-is-root-container\"><div class=\"uagb-container-inner-blocks-wrap\">\n<div class=\"wp-block-uagb-info-box uagb-block-1b33d56b uagb-infobox__content-wrap  uagb-infobox-icon-above-title uagb-infobox-image-valign-top\"><div class=\"uagb-ifb-content\"><div class=\"uagb-ifb-title-wrap\"><h6 class=\"uagb-ifb-title-prefix\">Tens alguma pergunta?<\/h6><h2 class=\"uagb-ifb-title\">Vamos falar sobre isso<\/h2><\/div><\/div><\/div>\n\n\n\n<div class=\"wp-block-uagb-image alignright uagb-block-07ac205b wp-block-uagb-image--layout-default wp-block-uagb-image--effect-zoomin wp-block-uagb-image--align-right\"><figure class=\"wp-block-uagb-image__figure\"><img decoding=\"async\" srcset=\"https:\/\/avantgarde-investment.ch\/wp-content\/uploads\/2021\/06\/arrow-04-free-img.png ,https:\/\/avantgarde-investment.ch\/wp-content\/uploads\/2021\/06\/arrow-04-free-img.png 780w, https:\/\/avantgarde-investment.ch\/wp-content\/uploads\/2021\/06\/arrow-04-free-img.png 360w\" sizes=\"auto, (max-width: 480px) 150px\" src=\"https:\/\/avantgarde-investment.ch\/wp-content\/uploads\/2021\/06\/arrow-04-free-img.png\" alt=\"\" class=\"uag-image-33\" width=\"90\" height=\"27\" title=\"arrow-04-free-img\" loading=\"lazy\" role=\"img\"><\/figure><\/div>\n<\/div><a class=\"spectra-container-link-overlay\" rel=\"noopener\" href=\"https:\/\/avantgarde-investment.ch\/pt-pt\/contacto\/\"> <\/a><\/div>\n<\/div><\/div>\n","protected":false},"excerpt":{"rendered":"<p>Investimentos Compra de barril(is) de Rum Comprar um barril de rum apresenta v\u00e1rias particularidades e vantagens interessantes, especialmente para os apreciadores de destilados de alta qualidade e para aqueles que procuram diversificar seus investimentos com ativos tang\u00edveis. Diversifica\u00e7\u00e3o e prote\u00e7\u00e3o de activos: O rum tornou-se um ativo valorizado pela sua capacidade de manter o valor, [&hellip;]<\/p>\n","protected":false},"author":5,"featured_media":0,"parent":3506,"menu_order":0,"comment_status":"closed","ping_status":"closed","template":"","meta":{"_uag_custom_page_level_css":"","site-sidebar-layout":"no-sidebar","site-content-layout":"","ast-site-content-layout":"full-width-container","site-content-style":"default","site-sidebar-style":"default","ast-global-header-display":"","ast-banner-title-visibility":"","ast-main-header-display":"","ast-hfb-above-header-display":"","ast-hfb-below-header-display":"","ast-hfb-mobile-header-display":"","site-post-title":"disabled","ast-breadcrumbs-content":"","ast-featured-img":"","footer-sml-layout":"","theme-transparent-header-meta":"enabled","adv-header-id-meta":"","stick-header-meta":"","header-above-stick-meta":"","header-main-stick-meta":"","header-below-stick-meta":"","astra-migrate-meta-layouts":"set","ast-page-background-enabled":"default","ast-page-background-meta":{"desktop":{"background-color":"","background-image":"","background-repeat":"repeat","background-position":"center center","background-size":"auto","background-attachment":"scroll","background-type":"","background-media":"","overlay-type":"","overlay-color":"","overlay-opacity":"","overlay-gradient":""},"tablet":{"background-color":"","background-image":"","background-repeat":"repeat","background-position":"center center","background-size":"auto","background-attachment":"scroll","background-type":"","background-media":"","overlay-type":"","overlay-color":"","overlay-opacity":"","overlay-gradient":""},"mobile":{"background-color":"","background-image":"","background-repeat":"repeat","background-position":"center center","background-size":"auto","background-attachment":"scroll","background-type":"","background-media":"","overlay-type":"","overlay-color":"","overlay-opacity":"","overlay-gradient":""}},"ast-content-background-meta":{"desktop":{"background-color":"var(--ast-global-color-5)","background-image":"","background-repeat":"repeat","background-position":"center center","background-size":"auto","background-attachment":"scroll","background-type":"","background-media":"","overlay-type":"","overlay-color":"","overlay-opacity":"","overlay-gradient":""},"tablet":{"background-color":"var(--ast-global-color-5)","background-image":"","background-repeat":"repeat","background-position":"center center","background-size":"auto","background-attachment":"scroll","background-type":"","background-media":"","overlay-type":"","overlay-color":"","overlay-opacity":"","overlay-gradient":""},"mobile":{"background-color":"var(--ast-global-color-5)","background-image":"","background-repeat":"repeat","background-position":"center center","background-size":"auto","background-attachment":"scroll","background-type":"","background-media":"","overlay-type":"","overlay-color":"","overlay-opacity":"","overlay-gradient":""}},"footnotes":""},"class_list":["post-3565","page","type-page","status-publish","hentry"],"uagb_featured_image_src":{"full":false,"thumbnail":false,"medium":false,"medium_large":false,"large":false,"1536x1536":false,"2048x2048":false},"uagb_author_info":{"display_name":"Bastien Emery","author_link":"https:\/\/avantgarde-investment.ch\/pt-pt\/author\/camesco\/"},"uagb_comment_info":0,"uagb_excerpt":"Investimentos Compra de barril(is) de Rum Comprar um barril de rum apresenta v\u00e1rias particularidades e vantagens interessantes, especialmente para os apreciadores de destilados de alta qualidade e para aqueles que procuram diversificar seus investimentos com ativos tang\u00edveis. Diversifica\u00e7\u00e3o e prote\u00e7\u00e3o de activos: O rum tornou-se um ativo valorizado pela sua capacidade de manter o valor,&hellip;","_links":{"self":[{"href":"https:\/\/avantgarde-investment.ch\/pt-pt\/wp-json\/wp\/v2\/pages\/3565","targetHints":{"allow":["GET"]}}],"collection":[{"href":"https:\/\/avantgarde-investment.ch\/pt-pt\/wp-json\/wp\/v2\/pages"}],"about":[{"href":"https:\/\/avantgarde-investment.ch\/pt-pt\/wp-json\/wp\/v2\/types\/page"}],"author":[{"embeddable":true,"href":"https:\/\/avantgarde-investment.ch\/pt-pt\/wp-json\/wp\/v2\/users\/5"}],"replies":[{"embeddable":true,"href":"https:\/\/avantgarde-investment.ch\/pt-pt\/wp-json\/wp\/v2\/comments?post=3565"}],"version-history":[{"count":11,"href":"https:\/\/avantgarde-investment.ch\/pt-pt\/wp-json\/wp\/v2\/pages\/3565\/revisions"}],"predecessor-version":[{"id":5134,"href":"https:\/\/avantgarde-investment.ch\/pt-pt\/wp-json\/wp\/v2\/pages\/3565\/revisions\/5134"}],"up":[{"embeddable":true,"href":"https:\/\/avantgarde-investment.ch\/pt-pt\/wp-json\/wp\/v2\/pages\/3506"}],"wp:attachment":[{"href":"https:\/\/avantgarde-investment.ch\/pt-pt\/wp-json\/wp\/v2\/media?parent=3565"}],"curies":[{"name":"wp","href":"https:\/\/api.w.org\/{rel}","templated":true}]}}