{"id":3520,"date":"2024-10-01T15:25:38","date_gmt":"2024-10-01T15:25:38","guid":{"rendered":"https:\/\/avantgarde-investment.ch\/analise-e-planeamento-de-pensoes\/"},"modified":"2025-02-17T12:12:06","modified_gmt":"2025-02-17T12:12:06","slug":"analise-e-planejamento-de-pensoes","status":"publish","type":"page","link":"https:\/\/avantgarde-investment.ch\/pt-pt\/servicos\/analise-e-planejamento-de-pensoes\/","title":{"rendered":"An\u00e1lise e planejamento de pens\u00f5es"},"content":{"rendered":"\n<div class=\"wp-block-uagb-container uagb-block-f825015c alignfull uagb-is-root-container\"><div class=\"uagb-container-inner-blocks-wrap\">\n<div class=\"wp-block-uagb-advanced-heading uagb-block-03b18b14\"><h6 class=\"uagb-heading-text\">Investimentos<\/h6><\/div>\n\n\n\n<div class=\"wp-block-uagb-advanced-heading uagb-block-8b4ab5b5\"><h1 class=\"uagb-heading-text\"><strong>An\u00e1lise e planejamento de pens\u00f5es<\/strong><\/h1><\/div>\n<\/div><\/div>\n\n\n\n<div class=\"wp-block-uagb-container uag-blocks-common-selector uagb-block-e6531297 alignfull uagb-is-root-container\"><div class=\"uagb-container-inner-blocks-wrap\"><\/div><\/div>\n\n\n\n<div class=\"wp-block-uagb-container uagb-block-5718afe8 alignfull uagb-is-root-container\"><div class=\"uagb-container-inner-blocks-wrap\">\n<figure class=\"wp-block-image size-full\"><img loading=\"lazy\" decoding=\"async\" width=\"1140\" height=\"800\" src=\"https:\/\/avantgarde-investment.ch\/wp-content\/uploads\/2024\/10\/retraite-big.webp\" alt=\"\" class=\"wp-image-3083\" title=\"\" srcset=\"https:\/\/avantgarde-investment.ch\/wp-content\/uploads\/2024\/10\/retraite-big.webp 1140w, https:\/\/avantgarde-investment.ch\/wp-content\/uploads\/2024\/10\/retraite-big-300x211.webp 300w, https:\/\/avantgarde-investment.ch\/wp-content\/uploads\/2024\/10\/retraite-big-1024x719.webp 1024w, https:\/\/avantgarde-investment.ch\/wp-content\/uploads\/2024\/10\/retraite-big-768x539.webp 768w\" sizes=\"auto, (max-width: 1140px) 100vw, 1140px\" \/><\/figure>\n\n\n\n<div style=\"height:30px\" aria-hidden=\"true\" class=\"wp-block-spacer\"><\/div>\n\n\n\n<p>A<strong>an\u00e1lise dos<\/strong> riscos de morte e de invalidez, juntamente com o <strong>planejamento da reforma<\/strong>, \u00e9 um passo essencial para assegurar a situa\u00e7\u00e3o financeira de um indiv\u00edduo e da sua fam\u00edlia face aos altos e baixos da vida, e para preparar uma reforma sem preocupa\u00e7\u00f5es. V\u00ea aqui como se definem e abordam estes dois elementos-chave:<\/p>\n\n\n\n<h3 class=\"wp-block-heading\"><strong>An\u00e1lise dos riscos de morte e de invalidez<\/strong>:<\/h3>\n\n\n\n<p>A an\u00e1lise da pens\u00e3o permite-nos avaliar os riscos associados \u00e0 morte ou \u00e0 invalidez de uma pessoa e propor solu\u00e7\u00f5es que garantam uma prote\u00e7\u00e3o financeira adequada. Baseia-se numa avalia\u00e7\u00e3o da cobertura atual (AVS, LPP, seguros privados) e das necessidades financeiras espec\u00edficas em caso de morte ou invalidez. <\/p>\n\n\n\n<h4 class=\"wp-block-heading\"><strong>Riscos cobertos :<\/strong><\/h4>\n\n\n\n<p><strong>Morte<\/strong>: A morte de uma pessoa pode levar a uma perda de rendimentos para a fam\u00edlia. O objetivo \u00e9 assegurar que as pessoas pr\u00f3ximas da fam\u00edlia (c\u00f4njuge, filhos) disponham dos recursos necess\u00e1rios para satisfazer as suas necessidades (por exemplo, atrav\u00e9s de pens\u00f5es de sobreviv\u00eancia, seguros de vida ou presta\u00e7\u00f5es por morte). <\/p>\n\n\n\n<p><strong>Invalidez<\/strong>: Em caso de invalidez parcial ou total, uma pessoa pode ficar incapacitada de gerar rendimentos. A an\u00e1lise das pens\u00f5es identifica as presta\u00e7\u00f5es de invalidez (pens\u00f5es IV, pens\u00f5es de invalidez BVG) e os ajustamentos necess\u00e1rios para compensar a perda de rendimentos e assegurar a manuten\u00e7\u00e3o de um n\u00edvel de vida adequado. <\/p>\n\n\n\n<h4 class=\"wp-block-heading\"><strong>Etapas da an\u00e1lise :<\/strong><\/h4>\n\n\n\n<p><strong>Avalia\u00e7\u00e3o da cobertura existente<\/strong>: Analisa a AHV\/IV, a BVG (segundo pilar) e os seguros privados subscritos pelo indiv\u00edduo.<\/p>\n\n\n\n<p><strong>C\u00e1lculo das necessidades<\/strong>: Identifica\u00e7\u00e3o das necessidades financeiras dos familiares (d\u00edvidas, despesas de habita\u00e7\u00e3o, educa\u00e7\u00e3o, etc.) em caso de morte ou invalidez.<\/p>\n\n\n\n<p><strong>Solu\u00e7\u00f5es propostas<\/strong>: Recomenda\u00e7\u00e3o de uma cobertura adicional ou de ajustamentos \u00e0s pens\u00f5es (seguro de vida, capital de invalidez) para colmatar eventuais lacunas.<\/p>\n\n\n\n<h3 class=\"wp-block-heading\"><strong>Planejamento da reforma<\/strong>:<\/h3>\n\n\n\n<p><strong>O planejamento da reforma<\/strong> \u00e9 um processo que visa preparar os indiv\u00edduos para atingirem os seus objectivos financeiros para o per\u00edodo de reforma, assegurando que disp\u00f5em de recursos suficientes para manterem o seu n\u00edvel de vida depois de deixarem de trabalhar.<\/p>\n\n\n\n<h4 class=\"wp-block-heading\"><strong>Objectivos de planejamento<\/strong>:<\/h4>\n\n\n\n<p><strong>Estimativa dos rendimentos futuros<\/strong>: Estima os rendimentos dos tr\u00eas pilares do sistema su\u00ed\u00e7o (AHV, BVG e poupan\u00e7as pessoais) para determinar o montante que o indiv\u00edduo ter\u00e1 na reforma.<\/p>\n\n\n\n<p><strong>Calcular as necessidades financeiras<\/strong>: Faz uma estimativa das necessidades em termos de despesas de subsist\u00eancia, sa\u00fade, lazer e outras despesas que estar\u00e3o presentes na reforma.<\/p>\n\n\n\n<p><strong>Otimiza\u00e7\u00e3o fiscal<\/strong>: Planejamento de levantamentos de capital ou anuidades para otimizar a tributa\u00e7\u00e3o durante a reforma.<\/p>\n\n\n\n<h4 class=\"wp-block-heading\"><strong>Fases de planejamento<\/strong>:<\/h4>\n\n\n\n<p><strong>An\u00e1lise dos direitos adquiridos<\/strong>: Verifica\u00e7\u00e3o das contribui\u00e7\u00f5es efectuadas no \u00e2mbito dos tr\u00eas pilares (1\u00ba, 2\u00ba e 3\u00ba pilares) e dos benef\u00edcios esperados.<\/p>\n\n\n\n<p><strong>Antecipar as lacunas<\/strong>: comparar os rendimentos esperados com as necessidades para identificar eventuais deficit e criar solu\u00e7\u00f5es para os colmatar (poupan\u00e7as adicionais, produtos de investimento, contribui\u00e7\u00f5es volunt\u00e1rias do 2.\u00ba pilar).<\/p>\n\n\n\n<p><strong>Acompanhamento e ajustamento<\/strong>: O planejamento da reforma exige um acompanhamento regular para garantir que os objectivos continuam a ser realiz\u00e1veis apesar das altera\u00e7\u00f5es econ\u00f3micas ou pessoais (sa\u00fade, altera\u00e7\u00f5es na legisla\u00e7\u00e3o fiscal, etc.).<\/p>\n\n\n\n<h3 class=\"wp-block-heading\"><strong>Conclui:<\/strong><\/h3>\n\n\n\n<p>O planejamento da vida e da invalidez e o planejamento da reforma s\u00e3o etapas essenciais para garantir a seguran\u00e7a financeira de uma pessoa e da sua fam\u00edlia. Permite avaliar os riscos, colmatar eventuais lacunas e assegurar um n\u00edvel de vida adequado durante a reforma e em caso de imprevistos.<\/p>\n<\/div><\/div>\n\n\n\n<div class=\"wp-block-uagb-container uagb-block-d0922a59 alignfull uagb-is-root-container\"><div class=\"uagb-container-inner-blocks-wrap\">\n<div class=\"wp-block-uagb-container uagb-block-bfbdb199 alignfull uagb-is-root-container\"><div class=\"uagb-container-inner-blocks-wrap\">\n<div class=\"wp-block-uagb-info-box uagb-block-1b33d56b uagb-infobox__content-wrap  uagb-infobox-icon-above-title uagb-infobox-image-valign-top\"><div class=\"uagb-ifb-content\"><div class=\"uagb-ifb-title-wrap\"><h6 class=\"uagb-ifb-title-prefix\">Tens alguma pergunta?<\/h6><h2 class=\"uagb-ifb-title\">Vamos falar sobre isso<\/h2><\/div><\/div><\/div>\n\n\n\n<div class=\"wp-block-uagb-image alignright uagb-block-07ac205b wp-block-uagb-image--layout-default wp-block-uagb-image--effect-zoomin wp-block-uagb-image--align-right\"><figure class=\"wp-block-uagb-image__figure\"><img decoding=\"async\" srcset=\"https:\/\/avantgarde-investment.ch\/wp-content\/uploads\/2021\/06\/arrow-04-free-img.png ,https:\/\/avantgarde-investment.ch\/wp-content\/uploads\/2021\/06\/arrow-04-free-img.png 780w, https:\/\/avantgarde-investment.ch\/wp-content\/uploads\/2021\/06\/arrow-04-free-img.png 360w\" sizes=\"auto, (max-width: 480px) 150px\" src=\"https:\/\/avantgarde-investment.ch\/wp-content\/uploads\/2021\/06\/arrow-04-free-img.png\" alt=\"\" class=\"uag-image-33\" width=\"90\" height=\"27\" title=\"arrow-04-free-img\" loading=\"lazy\" role=\"img\"><\/figure><\/div>\n<\/div><a class=\"spectra-container-link-overlay\" rel=\"noopener\" href=\"https:\/\/avantgarde-investment.ch\/pt-pt\/contacto\/\"> <\/a><\/div>\n<\/div><\/div>\n","protected":false},"excerpt":{"rendered":"<p>Investimentos An\u00e1lise e planejamento de pens\u00f5es Aan\u00e1lise dos riscos de morte e de invalidez, juntamente com o planejamento da reforma, \u00e9 um passo essencial para assegurar a situa\u00e7\u00e3o financeira de um indiv\u00edduo e da sua fam\u00edlia face aos altos e baixos da vida, e para preparar uma reforma sem preocupa\u00e7\u00f5es. V\u00ea aqui como se definem [&hellip;]<\/p>\n","protected":false},"author":5,"featured_media":0,"parent":3518,"menu_order":0,"comment_status":"closed","ping_status":"closed","template":"","meta":{"_uag_custom_page_level_css":"","site-sidebar-layout":"no-sidebar","site-content-layout":"","ast-site-content-layout":"full-width-container","site-content-style":"default","site-sidebar-style":"default","ast-global-header-display":"","ast-banner-title-visibility":"","ast-main-header-display":"","ast-hfb-above-header-display":"","ast-hfb-below-header-display":"","ast-hfb-mobile-header-display":"","site-post-title":"disabled","ast-breadcrumbs-content":"","ast-featured-img":"","footer-sml-layout":"","theme-transparent-header-meta":"enabled","adv-header-id-meta":"","stick-header-meta":"","header-above-stick-meta":"","header-main-stick-meta":"","header-below-stick-meta":"","astra-migrate-meta-layouts":"set","ast-page-background-enabled":"default","ast-page-background-meta":{"desktop":{"background-color":"","background-image":"","background-repeat":"repeat","background-position":"center center","background-size":"auto","background-attachment":"scroll","background-type":"","background-media":"","overlay-type":"","overlay-color":"","overlay-opacity":"","overlay-gradient":""},"tablet":{"background-color":"","background-image":"","background-repeat":"repeat","background-position":"center center","background-size":"auto","background-attachment":"scroll","background-type":"","background-media":"","overlay-type":"","overlay-color":"","overlay-opacity":"","overlay-gradient":""},"mobile":{"background-color":"","background-image":"","background-repeat":"repeat","background-position":"center center","background-size":"auto","background-attachment":"scroll","background-type":"","background-media":"","overlay-type":"","overlay-color":"","overlay-opacity":"","overlay-gradient":""}},"ast-content-background-meta":{"desktop":{"background-color":"var(--ast-global-color-5)","background-image":"","background-repeat":"repeat","background-position":"center center","background-size":"auto","background-attachment":"scroll","background-type":"","background-media":"","overlay-type":"","overlay-color":"","overlay-opacity":"","overlay-gradient":""},"tablet":{"background-color":"var(--ast-global-color-5)","background-image":"","background-repeat":"repeat","background-position":"center center","background-size":"auto","background-attachment":"scroll","background-type":"","background-media":"","overlay-type":"","overlay-color":"","overlay-opacity":"","overlay-gradient":""},"mobile":{"background-color":"var(--ast-global-color-5)","background-image":"","background-repeat":"repeat","background-position":"center center","background-size":"auto","background-attachment":"scroll","background-type":"","background-media":"","overlay-type":"","overlay-color":"","overlay-opacity":"","overlay-gradient":""}},"footnotes":""},"class_list":["post-3520","page","type-page","status-publish","hentry"],"uagb_featured_image_src":{"full":false,"thumbnail":false,"medium":false,"medium_large":false,"large":false,"1536x1536":false,"2048x2048":false},"uagb_author_info":{"display_name":"Bastien Emery","author_link":"https:\/\/avantgarde-investment.ch\/pt-pt\/author\/camesco\/"},"uagb_comment_info":0,"uagb_excerpt":"Investimentos An\u00e1lise e planejamento de pens\u00f5es Aan\u00e1lise dos riscos de morte e de invalidez, juntamente com o planejamento da reforma, \u00e9 um passo essencial para assegurar a situa\u00e7\u00e3o financeira de um indiv\u00edduo e da sua fam\u00edlia face aos altos e baixos da vida, e para preparar uma reforma sem preocupa\u00e7\u00f5es. V\u00ea aqui como se definem&hellip;","_links":{"self":[{"href":"https:\/\/avantgarde-investment.ch\/pt-pt\/wp-json\/wp\/v2\/pages\/3520","targetHints":{"allow":["GET"]}}],"collection":[{"href":"https:\/\/avantgarde-investment.ch\/pt-pt\/wp-json\/wp\/v2\/pages"}],"about":[{"href":"https:\/\/avantgarde-investment.ch\/pt-pt\/wp-json\/wp\/v2\/types\/page"}],"author":[{"embeddable":true,"href":"https:\/\/avantgarde-investment.ch\/pt-pt\/wp-json\/wp\/v2\/users\/5"}],"replies":[{"embeddable":true,"href":"https:\/\/avantgarde-investment.ch\/pt-pt\/wp-json\/wp\/v2\/comments?post=3520"}],"version-history":[{"count":10,"href":"https:\/\/avantgarde-investment.ch\/pt-pt\/wp-json\/wp\/v2\/pages\/3520\/revisions"}],"predecessor-version":[{"id":3869,"href":"https:\/\/avantgarde-investment.ch\/pt-pt\/wp-json\/wp\/v2\/pages\/3520\/revisions\/3869"}],"up":[{"embeddable":true,"href":"https:\/\/avantgarde-investment.ch\/pt-pt\/wp-json\/wp\/v2\/pages\/3518"}],"wp:attachment":[{"href":"https:\/\/avantgarde-investment.ch\/pt-pt\/wp-json\/wp\/v2\/media?parent=3520"}],"curies":[{"name":"wp","href":"https:\/\/api.w.org\/{rel}","templated":true}]}}