{"id":3512,"date":"2024-09-17T10:23:40","date_gmt":"2024-09-17T10:23:40","guid":{"rendered":"https:\/\/avantgarde-investment.ch\/sobre-nos\/"},"modified":"2025-10-10T06:02:45","modified_gmt":"2025-10-10T06:02:45","slug":"sobre-nos","status":"publish","type":"page","link":"https:\/\/avantgarde-investment.ch\/pt-pt\/sobre-nos\/","title":{"rendered":"Sobre n\u00f3s"},"content":{"rendered":"\n<div class=\"wp-block-uagb-container uagb-block-63a53112 alignfull uagb-is-root-container\"><div class=\"uagb-container-inner-blocks-wrap\">\n<div class=\"wp-block-uagb-advanced-heading uagb-block-7318463b\"><h6 class=\"uagb-heading-text\">Algumas palavras<\/h6><\/div>\n\n\n\n<div class=\"wp-block-uagb-advanced-heading uagb-block-d924c138\"><h1 class=\"uagb-heading-text\">Sobre mim<\/h1><\/div>\n<\/div><\/div>\n\n<div class=\"wp-block-uagb-container uag-blocks-common-selector uagb-block-f25e5c7e alignfull uagb-is-root-container\"><div class=\"uagb-container-inner-blocks-wrap\"><\/div><\/div>\n\n<div class=\"wp-block-uagb-container uagb-block-e41b0b8c alignfull uagb-is-root-container\"><div class=\"uagb-container-inner-blocks-wrap\">\n<div class=\"wp-block-uagb-advanced-heading uagb-block-ad6773b7\"><h6 class=\"uagb-heading-text\">Especialista em diversifica\u00e7\u00e3o de investimentos<\/h6><\/div>\n\n\n\n<div class=\"wp-block-uagb-advanced-heading uagb-block-5d735b86\"><h2 class=\"uagb-heading-text\">AvantGarde Investment: O teu parceiro financeiro global<\/h2><\/div>\n\n\n\n<p><br\/>Na minha procura de solu\u00e7\u00f5es inovadoras, de vanguarda, seguras e altamente rent\u00e1veis, passei anos a assistir a confer\u00eancias, a reunir-me com especialistas, a participar em videoconfer\u00eancias e a analisar oportunidades em v\u00e1rias partes do mundo para selecionar as melhores. Posso agora ajudar-te a gerir e a otimizar os teus investimentos, desde as solu\u00e7\u00f5es tradicionais e a gest\u00e3o de patrim\u00f3nios at\u00e9 \u00e0s solu\u00e7\u00f5es alternativas inovadoras, altamente rent\u00e1veis e seguras, passando pelo financiamento imobili\u00e1rio, pelo planeamento financeiro e da reforma e, finalmente, pelo coaching financeiro, para que possas encarar o futuro com tranquilidade.<\/p>\n\n\n\n<p><br\/>Na AvantGarde Investment Solutions &amp; Consulting, usamos a nossa experi\u00eancia para te oferecer solu\u00e7\u00f5es de investimento diversificadas, que v\u00e3o desde o imobili\u00e1rio na Su\u00ed\u00e7a, Alemanha, Espanha e Dubai, a investimentos em rum, whisky, vinagre bals\u00e2mico, ecologia e navega\u00e7\u00e3o, bem como finan\u00e7as tradicionais. Os nossos servi\u00e7os tamb\u00e9m incluem aconselhamento em mat\u00e9ria de pens\u00f5es, planeamento da reforma e coaching financeiro para garantir o teu futuro.<\/p>\n\n\n\n<p>Criamos estrat\u00e9gias \u00e0 medida para atingir os teus objectivos financeiros, concentrando-nos em oportunidades sustent\u00e1veis e rent\u00e1veis.<\/p>\n<\/div><\/div>\n\n<div id=\"nos-valeurs\" class=\"wp-block-uagb-container uag-blocks-common-selector uagb-block-e9826303 alignfull uagb-is-root-container\"><div class=\"uagb-container-inner-blocks-wrap\">\n<div class=\"wp-block-uagb-advanced-heading uagb-block-de3ba45e\" id=\"valeurs\"><h2 class=\"uagb-heading-text\"><strong>Os nossos valores<\/strong><\/h2><\/div>\n\n\n\n<div style=\"height:32px\" aria-hidden=\"true\" class=\"wp-block-spacer\"><\/div>\n\n\n\n<div class=\"wp-block-uagb-advanced-heading uagb-block-4b60e43e\"><p class=\"uagb-heading-text\"><strong>Inova\u00e7\u00e3o<\/strong>: Uma abordagem inovadora e inovadora ao investimento que proporciona elevados retornos<br\/>\n  <br\/><strong>Especializa\u00e7\u00e3o<\/strong>: S\u00f3lida especializa\u00e7\u00e3o em finan\u00e7as, pens\u00f5es, coaching financeiro e imobili\u00e1rio<br\/><br\/><strong>Transpar\u00eancia<\/strong>: Informa\u00e7\u00e3o detalhada sobre os nossos servi\u00e7os e um compromisso de transpar\u00eancia para com os nossos clientes.<br\/><br\/><strong>Personaliza\u00e7\u00e3o<\/strong>: \u00canfase no coaching financeiro e no apoio personalizado para satisfazer as necessidades financeiras individuais dos nossos clientes<br\/><br\/><strong>Fiabilidade<\/strong>: Estrutura profissional e clareza de informa\u00e7\u00e3o garantem uma marca em que os nossos clientes podem confiar plenamente.\n<\/p><\/div>\n\n\n\n<div style=\"height:32px\" aria-hidden=\"true\" class=\"wp-block-spacer\"><\/div>\n\n\n\n<div class=\"wp-block-columns is-layout-flex wp-container-core-columns-is-layout-28f84493 wp-block-columns-is-layout-flex\">\n<div class=\"wp-block-column is-layout-flow wp-block-column-is-layout-flow\">\n<figure class=\"wp-block-image size-medium is-resized has-custom-border is-style-default\" style=\"margin-top:0;margin-right:0;margin-bottom:0;margin-left:0\"><a href=\"https:\/\/promove.ch\/fr\/membres\/avantgarde-investment-solutions\" target=\"_blank\" rel=\" noreferrer noopener\"><img loading=\"lazy\" decoding=\"async\" width=\"563\" height=\"209\" src=\"https:\/\/avantgarde-investment.ch\/wp-content\/uploads\/2025\/03\/promove.svg\" alt=\"\" class=\"wp-image-3931\" style=\"border-style:none;border-width:0px;border-radius:0px;width:172px;height:auto\" title=\"\"><\/a><\/figure>\n<\/div>\n\n\n\n<div class=\"wp-block-column is-vertically-aligned-center is-layout-flow wp-block-column-is-layout-flow\">\n<figure class=\"wp-block-image size-full is-resized\"><a href=\"https:\/\/arcam-vd.ch\/entreprises-et-economie\/entreprises\/avantgarde-investment-solutions-consulting\/\" target=\"_blank\" rel=\"noopener\"><img loading=\"lazy\" decoding=\"async\" width=\"584\" height=\"228\" src=\"https:\/\/avantgarde-investment.ch\/wp-content\/uploads\/2025\/10\/ARCAM-logo-1.png\" alt=\"\" class=\"wp-image-5010\" style=\"width:241px;height:auto\" title=\"\" srcset=\"https:\/\/avantgarde-investment.ch\/wp-content\/uploads\/2025\/10\/ARCAM-logo-1.png 584w, https:\/\/avantgarde-investment.ch\/wp-content\/uploads\/2025\/10\/ARCAM-logo-1-300x117.png 300w\" sizes=\"auto, (max-width: 584px) 100vw, 584px\" \/><\/a><\/figure>\n<\/div>\n\n\n\n<div class=\"wp-block-column is-vertically-aligned-center is-layout-flow wp-block-column-is-layout-flow\">\n<figure class=\"wp-block-image size-large is-resized\"><a href=\"https:\/\/www.cvci.ch\/fr\/accueil.html\" target=\"_blank\" rel=\" noreferrer noopener\"><img loading=\"lazy\" decoding=\"async\" width=\"169\" height=\"57\" src=\"https:\/\/avantgarde-investment.ch\/wp-content\/uploads\/2025\/03\/cvci.svg\" alt=\"\" class=\"wp-image-3934\" style=\"width:157px;height:auto\" title=\"\"><\/a><\/figure>\n<\/div>\n<\/div>\n<\/div><\/div>\n\n<div id=\"nos-missions\" class=\"wp-block-uagb-container uagb-block-1474560d alignfull uagb-is-root-container\"><div class=\"uagb-container-inner-blocks-wrap\">\n<div class=\"wp-block-uagb-container uagb-block-a1b96694\">\n<div class=\"wp-block-uagb-image uagb-block-3f709335 wp-block-uagb-image--layout-default wp-block-uagb-image--effect-static wp-block-uagb-image--align-none\"><figure class=\"wp-block-uagb-image__figure\"><img decoding=\"async\" srcset=\"https:\/\/avantgarde-investment.ch\/wp-content\/uploads\/2024\/10\/steve-lechaire.webp ,https:\/\/avantgarde-investment.ch\/wp-content\/uploads\/2024\/10\/steve-lechaire.webp 780w, https:\/\/avantgarde-investment.ch\/wp-content\/uploads\/2024\/10\/steve-lechaire.webp 360w\" sizes=\"auto, (max-width: 480px) 150px\" src=\"https:\/\/avantgarde-investment.ch\/wp-content\/uploads\/2024\/10\/steve-lechaire.webp\" alt=\"\" class=\"uag-image-3187\" width=\"380\" height=\"532\" title=\"steve-lechaire\" loading=\"lazy\" role=\"img\"><\/figure><\/div>\n<\/div>\n\n\n\n<div class=\"wp-block-uagb-container uagb-block-22804128\">\n<h2 class=\"wp-block-heading\"><strong>As nossas Miss\u00f5es na AvantGarde<\/strong><\/h2>\n\n\n\n<div class=\"wp-block-uagb-advanced-heading uagb-block-682d9f23\"><h6 class=\"uagb-heading-text\">\u2014 Steve L\u00e9chaire, CEO<\/h6><\/div>\n\n\n\n<div class=\"wp-block-uagb-advanced-heading uagb-block-d81f1d18\"><h5 class=\"uagb-heading-text\">\u00ab Acompanhar cada cliente na constru\u00e7\u00e3o de um patrim\u00f3nio s\u00f3lido, rent\u00e1vel e sustent\u00e1vel, atrav\u00e9s de uma abordagem personalizada, transparente e orientada para solu\u00e7\u00f5es inovadoras \u00bb<\/h5><\/div>\n<\/div>\n<\/div><\/div>\n\n<div class=\"wp-block-uagb-container uagb-block-3acb6140 alignfull uagb-is-root-container\"><div class=\"uagb-container-inner-blocks-wrap\">\n<h4 class=\"wp-block-heading\"><strong><strong>Os 5 pilares que se destacam<\/strong><\/strong><\/h4>\n\n\n\n<ol class=\"wp-block-list\">\n<li><strong>Experi\u00eancia e credibilidade<\/strong>\n<ul class=\"wp-block-list\">\n<li>Mais de 20 anos de carreira no setor financeiro (UBS, seguros, imobili\u00e1rio) para orientar os meus clientes com total confian\u00e7a.<\/li>\n<\/ul>\n<\/li>\n\n\n\n<li><strong>Independ\u00eancia e diversidade<\/strong>\n<ul class=\"wp-block-list\">\n<li>Painel de solu\u00e7\u00f5es amplo \u2014 cl\u00e1ssicas e alternativas \u2014 com uma arquitetura aberta: imobili\u00e1rio, u\u00edsque, rum, bals\u00e2mico, \u00e1rvores, cinema, transporte mar\u00edtimo, fundos, previd\u00eancia etc.<\/li>\n<\/ul>\n<\/li>\n\n\n\n<li><strong>Rentabilidade acess\u00edvel<\/strong>\n<ul class=\"wp-block-list\">\n<li>Tornamos o investimento simples, compreens\u00edvel e acess\u00edvel, mesmo para pessoas com um capital inicial modesto.<\/li>\n<\/ul>\n<\/li>\n\n\n\n<li><strong>Personaliza\u00e7\u00e3o e pedagogia<\/strong>\n<ul class=\"wp-block-list\">\n<li>Acompanhamos os nossos clientes com uma forte dimens\u00e3o humana e educativa, oferecendo um acompanhamento personalizado (coaching financeiro, planeamento da reforma, financiamento).<\/li>\n<\/ul>\n<\/li>\n\n\n\n<li><strong>Inova\u00e7\u00e3o respons\u00e1vel<\/strong>\n<ul class=\"wp-block-list\">\n<li>Procuramos constantemente produtos inovadores, rent\u00e1veis mas seguros, ligados a tem\u00e1ticas de futuro (ecologia, diversifica\u00e7\u00e3o, sustentabilidade).<\/li>\n<\/ul>\n<\/li>\n<\/ol>\n\n\n\n<div style=\"height:50px\" aria-hidden=\"true\" class=\"wp-block-spacer\"><\/div>\n<\/div><\/div>\n\n<div class=\"wp-block-uagb-container uagb-block-47fa7fd2 alignfull uagb-is-root-container\"><div class=\"uagb-container-inner-blocks-wrap\"><\/div><\/div>\n\n<div class=\"wp-block-uagb-container uagb-block-d0922a59 alignfull uagb-is-root-container\"><div class=\"uagb-container-inner-blocks-wrap\">\n<div class=\"wp-block-uagb-container uagb-block-bfbdb199 alignfull uagb-is-root-container\"><div class=\"uagb-container-inner-blocks-wrap\">\n<div class=\"wp-block-uagb-info-box uagb-block-1b33d56b uagb-infobox__content-wrap  uagb-infobox-icon-above-title uagb-infobox-image-valign-top\"><div class=\"uagb-ifb-content\"><div class=\"uagb-ifb-title-wrap\"><h6 class=\"uagb-ifb-title-prefix\">Tens alguma pergunta?<\/h6><h2 class=\"uagb-ifb-title\">Vamos falar sobre isso<\/h2><\/div><\/div><\/div>\n\n\n\n<div class=\"wp-block-uagb-image alignright uagb-block-07ac205b wp-block-uagb-image--layout-default wp-block-uagb-image--effect-zoomin wp-block-uagb-image--align-right\"><figure class=\"wp-block-uagb-image__figure\"><img decoding=\"async\" srcset=\"https:\/\/avantgarde-investment.ch\/wp-content\/uploads\/2021\/06\/arrow-04-free-img.png ,https:\/\/avantgarde-investment.ch\/wp-content\/uploads\/2021\/06\/arrow-04-free-img.png 780w, https:\/\/avantgarde-investment.ch\/wp-content\/uploads\/2021\/06\/arrow-04-free-img.png 360w\" sizes=\"auto, (max-width: 480px) 150px\" src=\"https:\/\/avantgarde-investment.ch\/wp-content\/uploads\/2021\/06\/arrow-04-free-img.png\" alt=\"\" class=\"uag-image-33\" width=\"90\" height=\"27\" title=\"arrow-04-free-img\" loading=\"lazy\" role=\"img\"><\/figure><\/div>\n<\/div><a class=\"spectra-container-link-overlay\" rel=\"noopener\" href=\"https:\/\/avantgarde-investment.ch\/pt-pt\/contacto\/\"> <\/a><\/div>\n<\/div><\/div>\n","protected":false},"excerpt":{"rendered":"<p>Algumas palavras Sobre mim Especialista em diversifica\u00e7\u00e3o de investimentos AvantGarde Investment: O teu parceiro financeiro global Na minha procura de solu\u00e7\u00f5es inovadoras, de vanguarda, seguras e altamente rent\u00e1veis, passei anos a assistir a confer\u00eancias, a reunir-me com especialistas, a participar em videoconfer\u00eancias e a analisar oportunidades em v\u00e1rias partes do mundo para selecionar as melhores. [&hellip;]<\/p>\n","protected":false},"author":5,"featured_media":0,"parent":0,"menu_order":0,"comment_status":"closed","ping_status":"closed","template":"","meta":{"_uag_custom_page_level_css":"","site-sidebar-layout":"no-sidebar","site-content-layout":"","ast-site-content-layout":"full-width-container","site-content-style":"default","site-sidebar-style":"default","ast-global-header-display":"","ast-banner-title-visibility":"","ast-main-header-display":"","ast-hfb-above-header-display":"","ast-hfb-below-header-display":"","ast-hfb-mobile-header-display":"","site-post-title":"disabled","ast-breadcrumbs-content":"","ast-featured-img":"","footer-sml-layout":"","theme-transparent-header-meta":"enabled","adv-header-id-meta":"","stick-header-meta":"","header-above-stick-meta":"","header-main-stick-meta":"","header-below-stick-meta":"","astra-migrate-meta-layouts":"set","ast-page-background-enabled":"default","ast-page-background-meta":{"desktop":{"background-color":"","background-image":"","background-repeat":"repeat","background-position":"center center","background-size":"auto","background-attachment":"scroll","background-type":"","background-media":"","overlay-type":"","overlay-color":"","overlay-opacity":"","overlay-gradient":""},"tablet":{"background-color":"","background-image":"","background-repeat":"repeat","background-position":"center center","background-size":"auto","background-attachment":"scroll","background-type":"","background-media":"","overlay-type":"","overlay-color":"","overlay-opacity":"","overlay-gradient":""},"mobile":{"background-color":"","background-image":"","background-repeat":"repeat","background-position":"center center","background-size":"auto","background-attachment":"scroll","background-type":"","background-media":"","overlay-type":"","overlay-color":"","overlay-opacity":"","overlay-gradient":""}},"ast-content-background-meta":{"desktop":{"background-color":"var(--ast-global-color-5)","background-image":"","background-repeat":"repeat","background-position":"center center","background-size":"auto","background-attachment":"scroll","background-type":"","background-media":"","overlay-type":"","overlay-color":"","overlay-opacity":"","overlay-gradient":""},"tablet":{"background-color":"var(--ast-global-color-5)","background-image":"","background-repeat":"repeat","background-position":"center center","background-size":"auto","background-attachment":"scroll","background-type":"","background-media":"","overlay-type":"","overlay-color":"","overlay-opacity":"","overlay-gradient":""},"mobile":{"background-color":"var(--ast-global-color-5)","background-image":"","background-repeat":"repeat","background-position":"center center","background-size":"auto","background-attachment":"scroll","background-type":"","background-media":"","overlay-type":"","overlay-color":"","overlay-opacity":"","overlay-gradient":""}},"footnotes":""},"class_list":["post-3512","page","type-page","status-publish","hentry"],"uagb_featured_image_src":{"full":false,"thumbnail":false,"medium":false,"medium_large":false,"large":false,"1536x1536":false,"2048x2048":false},"uagb_author_info":{"display_name":"Bastien Emery","author_link":"https:\/\/avantgarde-investment.ch\/pt-pt\/author\/camesco\/"},"uagb_comment_info":0,"uagb_excerpt":"Algumas palavras Sobre mim Especialista em diversifica\u00e7\u00e3o de investimentos AvantGarde Investment: O teu parceiro financeiro global Na minha procura de solu\u00e7\u00f5es inovadoras, de vanguarda, seguras e altamente rent\u00e1veis, passei anos a assistir a confer\u00eancias, a reunir-me com especialistas, a participar em videoconfer\u00eancias e a analisar oportunidades em v\u00e1rias partes do mundo para selecionar as melhores.&hellip;","_links":{"self":[{"href":"https:\/\/avantgarde-investment.ch\/pt-pt\/wp-json\/wp\/v2\/pages\/3512","targetHints":{"allow":["GET"]}}],"collection":[{"href":"https:\/\/avantgarde-investment.ch\/pt-pt\/wp-json\/wp\/v2\/pages"}],"about":[{"href":"https:\/\/avantgarde-investment.ch\/pt-pt\/wp-json\/wp\/v2\/types\/page"}],"author":[{"embeddable":true,"href":"https:\/\/avantgarde-investment.ch\/pt-pt\/wp-json\/wp\/v2\/users\/5"}],"replies":[{"embeddable":true,"href":"https:\/\/avantgarde-investment.ch\/pt-pt\/wp-json\/wp\/v2\/comments?post=3512"}],"version-history":[{"count":24,"href":"https:\/\/avantgarde-investment.ch\/pt-pt\/wp-json\/wp\/v2\/pages\/3512\/revisions"}],"predecessor-version":[{"id":5089,"href":"https:\/\/avantgarde-investment.ch\/pt-pt\/wp-json\/wp\/v2\/pages\/3512\/revisions\/5089"}],"wp:attachment":[{"href":"https:\/\/avantgarde-investment.ch\/pt-pt\/wp-json\/wp\/v2\/media?parent=3512"}],"curies":[{"name":"wp","href":"https:\/\/api.w.org\/{rel}","templated":true}]}}