{"id":3419,"date":"2024-10-01T17:16:30","date_gmt":"2024-10-01T17:16:30","guid":{"rendered":"https:\/\/avantgarde-investment.ch\/services\/investment-advice\/investing-in-trees-wood\/"},"modified":"2025-10-10T07:00:33","modified_gmt":"2025-10-10T07:00:33","slug":"investing-in-trees-wood","status":"publish","type":"page","link":"https:\/\/avantgarde-investment.ch\/en\/services\/optimization-of-your-savings\/investing-in-trees-wood\/","title":{"rendered":"Investing in trees \/ wood"},"content":{"rendered":"\n<div class=\"wp-block-uagb-container uagb-block-f825015c alignfull uagb-is-root-container\"><div class=\"uagb-container-inner-blocks-wrap\">\n<div class=\"wp-block-uagb-advanced-heading uagb-block-03b18b14\"><h6 class=\"uagb-heading-text\">Investments<\/h6><\/div>\n\n\n\n<div class=\"wp-block-uagb-advanced-heading uagb-block-8b4ab5b5\"><h1 class=\"uagb-heading-text\"><strong>Achetez des Paulownia Elongata<\/strong><\/h1><\/div>\n<\/div><\/div>\n\n<div class=\"wp-block-uagb-container uag-blocks-common-selector uagb-block-e6531297 alignfull uagb-is-root-container\"><div class=\"uagb-container-inner-blocks-wrap\"><\/div><\/div>\n\n<div class=\"wp-block-uagb-container uagb-block-5718afe8 alignfull uagb-is-root-container\"><div class=\"uagb-container-inner-blocks-wrap\">\n<figure class=\"wp-block-image size-full\"><img loading=\"lazy\" decoding=\"async\" width=\"1140\" height=\"800\" src=\"https:\/\/avantgarde-investment.ch\/wp-content\/uploads\/2024\/10\/paulownia-big.png\" alt=\"\" class=\"wp-image-3274\" title=\"\" srcset=\"https:\/\/avantgarde-investment.ch\/wp-content\/uploads\/2024\/10\/paulownia-big.png 1140w, https:\/\/avantgarde-investment.ch\/wp-content\/uploads\/2024\/10\/paulownia-big-300x211.png 300w, https:\/\/avantgarde-investment.ch\/wp-content\/uploads\/2024\/10\/paulownia-big-1024x719.png 1024w, https:\/\/avantgarde-investment.ch\/wp-content\/uploads\/2024\/10\/paulownia-big-768x539.png 768w\" sizes=\"auto, (max-width: 1140px) 100vw, 1140px\" \/><\/figure>\n\n\n\n<div style=\"height:30px\" aria-hidden=\"true\" class=\"wp-block-spacer\"><\/div>\n\n\n\n<p>Achetez des arbres pour la revente du bois peut offrir des avantages uniques et des particularit\u00e9s int\u00e9ressantes en raison de leurs caract\u00e9ristiques sp\u00e9cifiques et de leurs diverses applications industrielles. Voici un aper\u00e7u de ses particularit\u00e9s et ses avantages.<\/p>\n\n\n\n<div class=\"wp-block-uagb-advanced-heading uagb-block-d7430077\"><h3 class=\"uagb-heading-text\">Characteristics of Paulownia Elongata<\/h3><\/div>\n\n\n\n<p><strong>Croissance Rapide :<\/strong> Ils sont connus pour leur croissance extr\u00eamement rapide. Ils peuvent atteindre une hauteur de 20 m\u00e8tres en seulement 5 \u00e0 7 ans, ce qui permet une rotation rapide de l\u2019\u00e9pargne des investisseurs.<\/p>\n\n\n\n<p><strong>Light, strong wood:<\/strong> With low density but high strength, making it ideal for a variety of applications, including furniture, construction, and plywood manufacturing.<\/p>\n\n\n\n<p><strong>Poor soil tolerance:<\/strong> These trees can grow in a variety of soils, including poor ones, making them suitable for many regions.<\/p>\n\n\n\n<p><strong>Sustainable harvesting: <\/strong>They can be cut without killing the tree, as they grow back from the stump. This enables sustainable, renewable forest management. <\/p>\n\n\n\n<p><strong>Environmentally-friendly:<\/strong> They absorb large quantities of carbon dioxide and produce abundant oxygen, making a positive contribution to reducing greenhouse gases.<\/p>\n\n\n\n<p><strong>Diversified applications:<\/strong> In addition to its use as timber, the leaves can be used as fodder for livestock, and the flowers can be used to produce honey.<\/p>\n\n\n\n<div class=\"wp-block-uagb-advanced-heading uagb-block-a078f68f\"><h3 class=\"uagb-heading-text\">Advantages of investing in trees<\/h3><\/div>\n\n\n\n<p><strong>R\u00e9cup\u00e9ration Rapide de l\u2019Epargne :<\/strong> En raison de leur croissance rapide, ces arbres permettent aux \u00e9pargnants de r\u00e9colter du bois beaucoup plus rapidement que d\u2019autres esp\u00e8ces d\u2019arbres, acc\u00e9l\u00e9rant ainsi le retour sur leur \u00e9pargne.<\/p>\n\n\n\n<p><strong>High profitability: <\/strong>Their wood is highly valued on the market for its lightness and strength, which can lead to high selling prices.<\/p>\n\n\n\n<p><strong>Opportunit\u00e9s de Diversification :<\/strong> Acheter des arbres offre une diversification par rapport aux investissements traditionnels (actions, obligations, immobilier), r\u00e9duisant le risque global du portefeuille.<\/p>\n\n\n\n<p><strong>Avantages Environnementaux :<\/strong> En achetant ces arbres, les \u00e9pargnants contribuent positivement \u00e0 l\u2019environnement en participant \u00e0 la r\u00e9duction du CO2 et en promouvant des pratiques foresti\u00e8res durables.<\/p>\n\n\n\n<p><strong>Expanding market: <\/strong>With increasing demand for sustainable, environmentally-friendly materials, the wood market is expanding, offering prospects for continued growth.<\/p>\n\n\n\n<p><strong>Flexibility of use: <\/strong>The versatility of this wood, with its applications in construction, furniture-making and even agriculture, offers many avenues for marketing and profitability.<\/p>\n\n\n\n<div class=\"wp-block-uagb-advanced-heading uagb-block-09275a3b\"><h3 class=\"uagb-heading-text\">Conclusion<\/h3><\/div>\n\n\n\n<p>Acheter des arbres pr\u00e9sente des avantages notables, notamment en termes de croissance rapide, de rentabilit\u00e9 \u00e9lev\u00e9e, et de contribution environnementale positive. Les particularit\u00e9s de cet arbre en font une option attrayante pour les \u00e9pargnants cherchant \u00e0 diversifier leurs portefeuilles avec des actifs tangibles et renouvelables. Cependant, comme pour toute \u00e9pargne, il est crucial de mener une due diligence approfondie, de comprendre les conditions de croissance locales, et de planifier une gestion foresti\u00e8re appropri\u00e9e pour maximiser les rendements et minimiser les risques.<\/p>\n<\/div><\/div>\n\n<div class=\"wp-block-uagb-container uagb-block-d0922a59 alignfull uagb-is-root-container\"><div class=\"uagb-container-inner-blocks-wrap\">\n<div class=\"wp-block-uagb-container uagb-block-bfbdb199 alignfull uagb-is-root-container\"><div class=\"uagb-container-inner-blocks-wrap\">\n<div class=\"wp-block-uagb-info-box uagb-block-1b33d56b uagb-infobox__content-wrap  uagb-infobox-icon-above-title uagb-infobox-image-valign-top\"><div class=\"uagb-ifb-content\"><div class=\"uagb-ifb-title-wrap\"><h6 class=\"uagb-ifb-title-prefix\">Any questions?<\/h6><h2 class=\"uagb-ifb-title\">Let&#8217;s talk<\/h2><\/div><\/div><\/div>\n\n\n\n<div class=\"wp-block-uagb-image alignright uagb-block-07ac205b wp-block-uagb-image--layout-default wp-block-uagb-image--effect-zoomin wp-block-uagb-image--align-right\"><figure class=\"wp-block-uagb-image__figure\"><img decoding=\"async\" srcset=\"https:\/\/avantgarde-investment.ch\/wp-content\/uploads\/2021\/06\/arrow-04-free-img.png ,https:\/\/avantgarde-investment.ch\/wp-content\/uploads\/2021\/06\/arrow-04-free-img.png 780w, https:\/\/avantgarde-investment.ch\/wp-content\/uploads\/2021\/06\/arrow-04-free-img.png 360w\" sizes=\"auto, (max-width: 480px) 150px\" src=\"https:\/\/avantgarde-investment.ch\/wp-content\/uploads\/2021\/06\/arrow-04-free-img.png\" alt=\"\" class=\"uag-image-33\" width=\"90\" height=\"27\" title=\"arrow-04-free-img\" loading=\"lazy\" role=\"img\"><\/figure><\/div>\n<\/div><a class=\"spectra-container-link-overlay\" rel=\"noopener\" href=\"https:\/\/avantgarde-investment.ch\/en\/contact\/\"> <\/a><\/div>\n<\/div><\/div>\n","protected":false},"excerpt":{"rendered":"<p>Investments Achetez des Paulownia Elongata Achetez des arbres pour la revente du bois peut offrir des avantages uniques et des particularit\u00e9s int\u00e9ressantes en raison de leurs caract\u00e9ristiques sp\u00e9cifiques et de leurs diverses applications industrielles. Voici un aper\u00e7u de ses particularit\u00e9s et ses avantages. Characteristics of Paulownia Elongata Croissance Rapide : Ils sont connus pour leur [&hellip;]<\/p>\n","protected":false},"author":5,"featured_media":0,"parent":3410,"menu_order":0,"comment_status":"closed","ping_status":"closed","template":"","meta":{"_uag_custom_page_level_css":"","site-sidebar-layout":"no-sidebar","site-content-layout":"","ast-site-content-layout":"full-width-container","site-content-style":"default","site-sidebar-style":"default","ast-global-header-display":"","ast-banner-title-visibility":"","ast-main-header-display":"","ast-hfb-above-header-display":"","ast-hfb-below-header-display":"","ast-hfb-mobile-header-display":"","site-post-title":"disabled","ast-breadcrumbs-content":"","ast-featured-img":"","footer-sml-layout":"","theme-transparent-header-meta":"enabled","adv-header-id-meta":"","stick-header-meta":"","header-above-stick-meta":"","header-main-stick-meta":"","header-below-stick-meta":"","astra-migrate-meta-layouts":"set","ast-page-background-enabled":"default","ast-page-background-meta":{"desktop":{"background-color":"","background-image":"","background-repeat":"repeat","background-position":"center center","background-size":"auto","background-attachment":"scroll","background-type":"","background-media":"","overlay-type":"","overlay-color":"","overlay-opacity":"","overlay-gradient":""},"tablet":{"background-color":"","background-image":"","background-repeat":"repeat","background-position":"center center","background-size":"auto","background-attachment":"scroll","background-type":"","background-media":"","overlay-type":"","overlay-color":"","overlay-opacity":"","overlay-gradient":""},"mobile":{"background-color":"","background-image":"","background-repeat":"repeat","background-position":"center center","background-size":"auto","background-attachment":"scroll","background-type":"","background-media":"","overlay-type":"","overlay-color":"","overlay-opacity":"","overlay-gradient":""}},"ast-content-background-meta":{"desktop":{"background-color":"var(--ast-global-color-5)","background-image":"","background-repeat":"repeat","background-position":"center center","background-size":"auto","background-attachment":"scroll","background-type":"","background-media":"","overlay-type":"","overlay-color":"","overlay-opacity":"","overlay-gradient":""},"tablet":{"background-color":"var(--ast-global-color-5)","background-image":"","background-repeat":"repeat","background-position":"center center","background-size":"auto","background-attachment":"scroll","background-type":"","background-media":"","overlay-type":"","overlay-color":"","overlay-opacity":"","overlay-gradient":""},"mobile":{"background-color":"var(--ast-global-color-5)","background-image":"","background-repeat":"repeat","background-position":"center center","background-size":"auto","background-attachment":"scroll","background-type":"","background-media":"","overlay-type":"","overlay-color":"","overlay-opacity":"","overlay-gradient":""}},"footnotes":""},"class_list":["post-3419","page","type-page","status-publish","hentry"],"uagb_featured_image_src":{"full":false,"thumbnail":false,"medium":false,"medium_large":false,"large":false,"1536x1536":false,"2048x2048":false},"uagb_author_info":{"display_name":"Bastien Emery","author_link":"https:\/\/avantgarde-investment.ch\/en\/author\/camesco\/"},"uagb_comment_info":0,"uagb_excerpt":"Investments Achetez des Paulownia Elongata Achetez des arbres pour la revente du bois peut offrir des avantages uniques et des particularit\u00e9s int\u00e9ressantes en raison de leurs caract\u00e9ristiques sp\u00e9cifiques et de leurs diverses applications industrielles. Voici un aper\u00e7u de ses particularit\u00e9s et ses avantages. Characteristics of Paulownia Elongata Croissance Rapide : Ils sont connus pour leur&hellip;","_links":{"self":[{"href":"https:\/\/avantgarde-investment.ch\/en\/wp-json\/wp\/v2\/pages\/3419","targetHints":{"allow":["GET"]}}],"collection":[{"href":"https:\/\/avantgarde-investment.ch\/en\/wp-json\/wp\/v2\/pages"}],"about":[{"href":"https:\/\/avantgarde-investment.ch\/en\/wp-json\/wp\/v2\/types\/page"}],"author":[{"embeddable":true,"href":"https:\/\/avantgarde-investment.ch\/en\/wp-json\/wp\/v2\/users\/5"}],"replies":[{"embeddable":true,"href":"https:\/\/avantgarde-investment.ch\/en\/wp-json\/wp\/v2\/comments?post=3419"}],"version-history":[{"count":15,"href":"https:\/\/avantgarde-investment.ch\/en\/wp-json\/wp\/v2\/pages\/3419\/revisions"}],"predecessor-version":[{"id":5159,"href":"https:\/\/avantgarde-investment.ch\/en\/wp-json\/wp\/v2\/pages\/3419\/revisions\/5159"}],"up":[{"embeddable":true,"href":"https:\/\/avantgarde-investment.ch\/en\/wp-json\/wp\/v2\/pages\/3410"}],"wp:attachment":[{"href":"https:\/\/avantgarde-investment.ch\/en\/wp-json\/wp\/v2\/media?parent=3419"}],"curies":[{"name":"wp","href":"https:\/\/api.w.org\/{rel}","templated":true}]}}